{"id":111437,"date":"2024-04-11T21:30:08","date_gmt":"2024-04-11T18:30:08","guid":{"rendered":"https:\/\/piradosbrand.com\/entrega\/"},"modified":"2025-04-13T22:39:07","modified_gmt":"2025-04-13T19:39:07","slug":"entrega","status":"publish","type":"page","link":"https:\/\/piradosbrand.com\/es\/entrega\/","title":{"rendered":"Entrega"},"content":{"rendered":"<div class=\"wpb-content-wrapper\"><p>[vc_row][vc_column][vc_custom_heading text=\u00bbS\u00ed, \u00a1enviamos a TODO EL MUNDO! Haga clic en su regi\u00f3n para ver las tarifas.\u00bb font_container=\u00bbtag:p|text_align:center\u00bb google_fonts=\u00bbfont_family:Open%20Sans%3A300%2C300italic%2Cregular%2Citalic%2C600%2C600italic%2C700%2C700italic%2C800%2C800italic|font_style:400%20regular%3A400%3Anormal\u00bb][\/vc_column][\/vc_row][vc_row][vc_column][vc_tta_tabs style=\u00bbmodern\u00bb color=\u00bbblack\u00bb spacing=\u00bb3&#8243; gap=\u00bb3&#8243; alignment=\u00bbcenter\u00bb active_section=\u00bb1&#8243;][vc_tta_section title=\u00bbESTONIA\u00bb tab_id=\u00bbdelivery-estonia\u00bb][vc_column_text]Para productos que hemos hecho especialmente para ti:<\/p>\n<p>Servicio: DPD<\/p>\n<p>Tiempo y costo de entrega: \u00a1Compru\u00e9balo al finalizar la compra!<\/p>\n<p>&nbsp;<\/p>\n<p>Para productos que tenemos en stock:<\/p>\n<p>Servicio: M\u00e1quina de paqueter\u00eda Omniva o M\u00e1quina de paqueter\u00eda Smartpost\/Itella<\/p>\n<p>Tiempo de entrega: generalmente 1-3 d\u00edas h\u00e1biles<\/p>\n<p>Coste: 3\u20ac<\/p>\n<p>Env\u00edo gratuito en pedidos superiores a 99 \u20ac[\/vc_column_text][\/vc_tta_section][vc_tta_section title=\u00bbFINLAND\u00bb tab_id=\u00bbdelivery-finland\u00bb][vc_column_text]Para productos que hemos hecho especialmente para ti:<\/p>\n<p>Servicio: DPD<\/p>\n<p>Tiempo y costo de entrega: \u00a1Compru\u00e9balo al finalizar la compra!<\/p>\n<p>&nbsp;<\/p>\n<p>Para productos que tenemos en stock:<\/p>\n<p>Servicio: M\u00e1quina de paqueter\u00eda Smartpost\/Itella<\/p>\n<p>Tiempo de entrega: generalmente 3-4 d\u00edas h\u00e1biles<\/p>\n<p>Coste: 10\u20ac<\/p>\n<p>Env\u00edo gratuito en pedidos superiores a 99 \u20ac[\/vc_column_text][\/vc_tta_section][vc_tta_section title=\u00bbLATVIA &amp; LITHUANIA\u00bb tab_id=\u00bbdelivery-latvlith\u00bb][vc_column_text]Para productos que hemos hecho especialmente para ti:<\/p>\n<p>Servicio: DPD<\/p>\n<p>Tiempo y costo de entrega: \u00a1Compru\u00e9balo al finalizar la compra!<\/p>\n<p>&nbsp;<\/p>\n<p>Para productos que tenemos en stock:<\/p>\n<p>Servicio: M\u00e1quina de paqueter\u00eda Omniva<\/p>\n<p>Tiempo de entrega: generalmente 3-4 d\u00edas h\u00e1biles<\/p>\n<p>Coste: 10\u20ac<\/p>\n<p>Env\u00edo gratuito en pedidos superiores a 99 \u20ac[\/vc_column_text][\/vc_tta_section][vc_tta_section title=\u00bbRESTO DEL MUNDO\u00bb tab_id=\u00bbdelivery-restofworld\u00bb][vc_column_text]Para productos que hemos hecho especialmente para ti:<\/p>\n<p>Servicio: DPD<\/p>\n<p>Tiempo y costo de entrega: \u00a1Compru\u00e9balo al finalizar la compra!<\/p>\n<p>&nbsp;<\/p>\n<p>Para productos que tenemos en stock:<\/p>\n<p>Servicio: Env\u00edo est\u00e1ndar con seguimiento (Omniva)<\/p>\n<p>El tiempo de entrega<br \/>\nEuropa: normalmente 5 d\u00edas laborables<br \/>\nResto del mundo: normalmente 10 d\u00edas laborables<\/p>\n<p>Coste: 15\u20ac<\/p>\n<p>Env\u00edo gratuito en pedidos superiores a 99 \u20ac<\/p>\n<p>Algunos pa\u00edses fuera de Europa pueden estar sujetos a tarifas de importaci\u00f3n y aduanas adicionales.[\/vc_column_text][\/vc_tta_section][\/vc_tta_tabs][\/vc_column][\/vc_row]<\/p>\n<\/div>","protected":false},"excerpt":{"rendered":"<p>[vc_row][vc_column][vc_custom_heading text=\u00bbS\u00ed, \u00a1enviamos a TODO EL MUNDO! Haga clic en su regi\u00f3n para ver las tarifas.\u00bb font_container=\u00bbtag:p|text_align:center\u00bb google_fonts=\u00bbfont_family:Open%20Sans%3A300%2C300italic%2Cregular%2Citalic%2C600%2C600italic%2C700%2C700italic%2C800%2C800italic|font_style:400%20regular%3A400%3Anormal\u00bb][\/vc_column][\/vc_row][vc_row][vc_column][vc_tta_tabs style=\u00bbmodern\u00bb color=\u00bbblack\u00bb spacing=\u00bb3&#8243; gap=\u00bb3&#8243; alignment=\u00bbcenter\u00bb active_section=\u00bb1&#8243;][vc_tta_section title=\u00bbESTONIA\u00bb tab_id=\u00bbdelivery-estonia\u00bb][vc_column_text]Para productos que hemos hecho especialmente para ti: Servicio: DPD Tiempo y costo de entrega: \u00a1Compru\u00e9balo al finalizar la compra! &nbsp; Para productos que tenemos en stock: Servicio: M\u00e1quina de [&hellip;]<\/p>\n","protected":false},"author":1,"featured_media":0,"parent":0,"menu_order":0,"comment_status":"closed","ping_status":"closed","template":"","meta":{"footnotes":""},"class_list":["post-111437","page","type-page","status-publish","hentry"],"_links":{"self":[{"href":"https:\/\/piradosbrand.com\/es\/wp-json\/wp\/v2\/pages\/111437","targetHints":{"allow":["GET"]}}],"collection":[{"href":"https:\/\/piradosbrand.com\/es\/wp-json\/wp\/v2\/pages"}],"about":[{"href":"https:\/\/piradosbrand.com\/es\/wp-json\/wp\/v2\/types\/page"}],"author":[{"embeddable":true,"href":"https:\/\/piradosbrand.com\/es\/wp-json\/wp\/v2\/users\/1"}],"replies":[{"embeddable":true,"href":"https:\/\/piradosbrand.com\/es\/wp-json\/wp\/v2\/comments?post=111437"}],"version-history":[{"count":3,"href":"https:\/\/piradosbrand.com\/es\/wp-json\/wp\/v2\/pages\/111437\/revisions"}],"predecessor-version":[{"id":123826,"href":"https:\/\/piradosbrand.com\/es\/wp-json\/wp\/v2\/pages\/111437\/revisions\/123826"}],"wp:attachment":[{"href":"https:\/\/piradosbrand.com\/es\/wp-json\/wp\/v2\/media?parent=111437"}],"curies":[{"name":"wp","href":"https:\/\/api.w.org\/{rel}","templated":true}]}}