{"id":111454,"date":"2024-04-11T21:53:59","date_gmt":"2024-04-11T18:53:59","guid":{"rendered":"https:\/\/piradosbrand.com\/politica-de-privacidad\/"},"modified":"2024-04-11T21:54:00","modified_gmt":"2024-04-11T18:54:00","slug":"politica-de-privacidad","status":"publish","type":"page","link":"https:\/\/piradosbrand.com\/es\/politica-de-privacidad\/","title":{"rendered":"Pol\u00edtica de privacidad"},"content":{"rendered":"<div class=\"wpb-content-wrapper\"><p>[vc_row][vc_column][vc_column_text]1. El Cliente deber\u00e1 otorgar al Vendedor su consentimiento expl\u00edcito e informado para el procesamiento de sus datos personales (nombre, direcci\u00f3n, correo electr\u00f3nico y n\u00famero de tel\u00e9fono).<\/p>\n<p>2. Todos los datos personales comunicados al Vendedor se introducir\u00e1n en el registro de clientes y se utilizar\u00e1n para prestar el servicio de venta y ofrecer bienes al Cliente.<\/p>\n<p>3. El Vendedor almacenar\u00e1 los datos de contacto del Cliente introducidos por el Cliente durante la realizaci\u00f3n de compras y la informaci\u00f3n sobre las compras realizadas. Esta informaci\u00f3n ser\u00e1 tratada como confidencial y procesada de conformidad con la Ley de Protecci\u00f3n de Datos Personales. Los datos personales necesarios para la entrega de los Productos al Cliente ser\u00e1n comunicados a la empresa que presta el servicio de mensajer\u00eda.<\/p>\n<p>4. El Vendedor solo podr\u00e1 utilizar los datos personales del Cliente para enviar ofertas especiales e informaci\u00f3n sobre campa\u00f1as al Cliente por correo electr\u00f3nico y solo con el consentimiento del Cliente.<\/p>\n<p>5. La comunicaci\u00f3n de datos entre el Cliente y los bancos y el Centro de Tarjetas de los Bancos est\u00e1 cifrada, lo que garantiza la seguridad de los datos personales y bancarios del Cliente.<br \/>\nLos pagos se realizan fuera del entorno de la tienda electr\u00f3nica, en el entorno de pago seguro del banco o proveedor de servicios seleccionado. La Tienda Electr\u00f3nica no tendr\u00e1 acceso a los datos bancarios ni a los datos de la tarjeta de cr\u00e9dito del Cliente. La empresa Leet Web O\u00dc es el responsable del tratamiento de los datos personales, la empresa Leet Web O\u00dc transmite los datos personales necesarios para realizar los pagos al procesador autorizado Maksekeskus AS.<\/p>\n<p>Los datos personales ser\u00e1n procesados por Leet Grupp O\u00dc, Peterburi tee 2, Tallin, 11415, Estonia. Reg. N\u00b0 14559834.[\/vc_column_text][\/vc_column][\/vc_row]<\/p>\n<\/div>","protected":false},"excerpt":{"rendered":"<p>[vc_row][vc_column][vc_column_text]1. El Cliente deber\u00e1 otorgar al Vendedor su consentimiento expl\u00edcito e informado para el procesamiento de sus datos personales (nombre, direcci\u00f3n, correo electr\u00f3nico y n\u00famero de tel\u00e9fono). 2. Todos los datos personales comunicados al Vendedor se introducir\u00e1n en el registro de clientes y se utilizar\u00e1n para prestar el servicio de venta y ofrecer bienes al [&hellip;]<\/p>\n","protected":false},"author":1,"featured_media":0,"parent":0,"menu_order":0,"comment_status":"closed","ping_status":"closed","template":"","meta":{"footnotes":""},"class_list":["post-111454","page","type-page","status-publish","hentry"],"_links":{"self":[{"href":"https:\/\/piradosbrand.com\/es\/wp-json\/wp\/v2\/pages\/111454","targetHints":{"allow":["GET"]}}],"collection":[{"href":"https:\/\/piradosbrand.com\/es\/wp-json\/wp\/v2\/pages"}],"about":[{"href":"https:\/\/piradosbrand.com\/es\/wp-json\/wp\/v2\/types\/page"}],"author":[{"embeddable":true,"href":"https:\/\/piradosbrand.com\/es\/wp-json\/wp\/v2\/users\/1"}],"replies":[{"embeddable":true,"href":"https:\/\/piradosbrand.com\/es\/wp-json\/wp\/v2\/comments?post=111454"}],"version-history":[{"count":2,"href":"https:\/\/piradosbrand.com\/es\/wp-json\/wp\/v2\/pages\/111454\/revisions"}],"predecessor-version":[{"id":111456,"href":"https:\/\/piradosbrand.com\/es\/wp-json\/wp\/v2\/pages\/111454\/revisions\/111456"}],"wp:attachment":[{"href":"https:\/\/piradosbrand.com\/es\/wp-json\/wp\/v2\/media?parent=111454"}],"curies":[{"name":"wp","href":"https:\/\/api.w.org\/{rel}","templated":true}]}}