{"id":112132,"date":"2025-11-19T08:10:22","date_gmt":"2025-11-19T06:10:22","guid":{"rendered":"https:\/\/piradosbrand.com\/product\/tarjeta-de-regalo\/"},"modified":"2026-03-31T12:07:10","modified_gmt":"2026-03-31T09:07:10","slug":"tarjeta-de-regalo","status":"publish","type":"product","link":"https:\/\/piradosbrand.com\/es\/producto\/tarjeta-de-regalo\/","title":{"rendered":"Tarjeta Regalo Pirados &#8211; Solo Ropa (No v\u00e1lida para servicios de tatuaje)"},"content":{"rendered":"<p class=\"p1\"><b>\ud83c\udf9f \u00a1CADA TARJETA REGALO DE PIRADOS PARTICIPA EN EL GRAN SORTEO!<\/b><\/p>\n<p class=\"p3\">Compra una <span class=\"s1\"><b>Tarjeta Regalo Pirados<\/b><\/span>, incluso de solo <span class=\"s1\"><b>1 \u20ac<\/b><\/span>,<\/p>\n<p class=\"p4\"><span class=\"s2\">y participa en la <\/span><b>SERIE DE SORTEOS PIRADOS 1\u20ac<\/b><span class=\"s2\">.<\/span><\/p>\n<p class=\"p4\"><span class=\"s2\">Cada vez que se vendan <\/span><b>50 tarjetas regalo<\/b><span class=\"s2\">, sortearemos una <\/span><b>camiseta Pirados<\/b><span class=\"s2\"> en directo por <\/span><b>TikTok, Instagram o Facebook (@piradosbrand)<\/b><span class=\"s2\">.<\/span><\/p>\n<p class=\"p4\"><span class=\"s2\"><i>No te preocupes si no ves el directo \u2014 <\/i><\/span><b><i>el equipo de Pirados se pondr\u00e1 en contacto personalmente con todos los ganadores<\/i><\/b><span class=\"s2\"><i> despu\u00e9s de cada sorteo.<\/i><\/span><\/p>\n<p class=\"p3\">Todos los compradores de tarjetas regalo tambi\u00e9n participar\u00e1n autom\u00e1ticamente en el <span class=\"s1\"><b>gran sorteo final de A\u00f1o Nuevo<\/b><\/span>,<\/p>\n<p class=\"p3\">donde podr\u00e1s ganar algo verdaderamente \u00fanico:<\/p>\n<p class=\"p1\"><span class=\"s1\">\ud83d\udca3 <\/span><strong><span class=\"s2\">\u00daNICO Y EXCLUSIVO \u2013 LA CAJA REGALO DE PIRADOS QUE EL DINERO NO PUEDE COMPRAR.<\/span><\/strong><\/p>\n<p class=\"p1\"><span class=\"s1\">Esta caja regalo es \u00fanica e inestimable &#8211; incluye una carta de agradecimiento y motivaci\u00f3n escrita y firmada personalmente por los fundadores de la marca, productos exclusivos de Pirados que no est\u00e1n a la venta, y un certificado oficial de Pirados que confirma que es la \u00fanica de su tipo en el mundo.<\/span><\/p>\n<p class=\"p1\"><b>\u2694\ufe0f C\u00d3MO FUNCIONA:<\/b><\/p>\n<p class=\"p2\"><span class=\"s1\">\u2022 <\/span><b>Cada compra de tarjeta regalo = 1 participaci\u00f3n.<\/b><\/p>\n<p class=\"p3\">(El valor de la tarjeta no afecta tus posibilidades \u2013 todos participan por igual.)<\/p>\n<p class=\"p2\"><span class=\"s1\">\u2022 <\/span><b>Cada vez que se vendan 50 tarjetas regalo, se realiza un nuevo sorteo.<\/b><\/p>\n<p class=\"p2\"><span class=\"s1\">\u2022 <\/span><b>Todos los participantes permanecen autom\u00e1ticamente en el sorteo final de A\u00f1o Nuevo \u2013 \u201cEl \u00danico e Irrepetible Pack de Regalo Pirados.\u201d<\/b><\/p>\n<p class=\"p4\">\u2022 <span class=\"s2\"><b>Las tarjetas regalo pueden usarse libremente<\/b><\/span> en <a href=\"https:\/\/piradosbrand.com\/es\/\">piradosbrand.com<\/a> y en la tienda Pirados, <span class=\"s1\">as\u00ed que <\/span><b>no pierdes nada<\/b><span class=\"s1\"> \u2013 obtienes <\/span><b>cr\u00e9dito y una oportunidad de ganar.<\/b><\/p>\n<p>&nbsp;<\/p>\n<p class=\"p1\"><b>\ud83d\udca5 POR QU\u00c9 LO HACEMOS:<\/b><\/p>\n<p class=\"p3\">Los fondos recaudados con esta campa\u00f1a nos ayudar\u00e1n a llevar <span class=\"s1\"><b>Pirados al siguiente nivel.<\/b><\/span><\/p>\n<p class=\"p3\">Cada compra de tarjeta regalo nos ayuda a:<\/p>\n<p class=\"p4\"><span class=\"s2\">\u2022 desarrollar <\/span><b>nuevas colecciones<\/b><span class=\"s2\">,<\/span><\/p>\n<p class=\"p4\"><span class=\"s2\">\u2022 expandirnos <\/span><b>internacionalmente<\/b><span class=\"s2\">,<\/span><\/p>\n<p class=\"p4\"><span class=\"s2\">\u2022 y fortalecer <\/span><b>la comunidad Pirados<\/b><span class=\"s2\">.<\/span><\/p>\n<p class=\"p4\"><span class=\"s1\">Cada tarjeta regalo &#8211; sin importar su valor &#8211; es una peque\u00f1a contribuci\u00f3n al pr\u00f3ximo cap\u00edtulo de Pirados.<\/span><\/p>\n<p class=\"p5\"><span class=\"s2\">\ud83d\udda4 <\/span><b>Pirados \u2013 Elige una marca valiente.<\/b><\/p>\n<p class=\"p1\"><b>\u26ab\ufe0f TARJETA REGALO DIGITAL PIRADOS \u2013 CONDICIONES DE USO<\/b><\/p>\n<p class=\"p3\"><span class=\"s1\"><b>PS:<\/b><\/span> Esta tarjeta regalo es v\u00e1lida \u00fanicamente para <span class=\"s1\"><b>ropa y accesorios de Pirados.<\/b><\/span><\/p>\n<p class=\"p4\">1. La tarjeta regalo puede usarse tanto en nuestra <span class=\"s1\"><b>tienda online<\/b><\/span> <a href=\"https:\/\/piradosbrand.com\/es\/\">piradosbrand.com<\/a><\/p>\n<p class=\"p5\"><span class=\"s2\">como en la <\/span><b>tienda f\u00edsica Pirados<\/b><span class=\"s2\">, ubicada en <\/span><b>Rohu 13, Tallin.<\/b><\/p>\n<p class=\"p4\">2. La tarjeta regalo tiene una <span class=\"s1\"><b>validez de 12 meses<\/b><\/span> a partir de la fecha de compra.<\/p>\n<p class=\"p3\">Las tarjetas caducadas o no utilizadas <span class=\"s1\"><b>no ser\u00e1n reembolsadas.<\/b><\/span><\/p>\n<p class=\"p4\">3. Cada tarjeta incluye un <span class=\"s1\"><b>c\u00f3digo \u00fanico de un solo uso<\/b><\/span>, v\u00e1lido para una sola compra.<\/p>\n<p class=\"p4\">4. <span class=\"s1\"><b>Guarda tu c\u00f3digo de forma segura<\/b><\/span> \u2013 no lo compartas p\u00fablicamente ni con terceros.<\/p>\n<p class=\"p4\">5. <span class=\"s1\"><b>Pirados Brand<\/b><\/span> no se hace responsable de los da\u00f1os ocasionados si el c\u00f3digo es utilizado por terceros.<\/p>\n<p class=\"p6\"><span class=\"s2\">6. La tarjeta regalo <\/span><b>no puede cambiarse por dinero en efectivo<\/b><span class=\"s2\">, y <\/span><b>Pirados Brand no reembolsa ni reemplaza<\/b><span class=\"s2\"> tarjetas usadas o perdidas.<\/span><\/p>\n<p class=\"p4\">7. Si el valor de tu compra es <span class=\"s1\"><b>menor<\/b><\/span> que el valor de la tarjeta regalo, el saldo restante no ser\u00e1 reembolsado.<\/p>\n<p class=\"p3\">La tarjeta no puede usarse para pagos parciales en varias compras.<\/p>\n<p class=\"p4\">8. Si el valor total de tu compra (incluido el env\u00edo) <span class=\"s1\"><b>supera<\/b><\/span> el valor de la tarjeta regalo,<\/p>\n<p class=\"p3\">podr\u00e1s pagar la diferencia con cualquier otro m\u00e9todo de pago disponible al finalizar la compra.<\/p>\n<p class=\"p4\">9. Si surge alg\u00fan problema al usar la tarjeta en nuestra tienda online, contacta con nosotros en <span class=\"s1\"><b>shop@piradosbrand.com<\/b><\/span>.<\/p>\n<p class=\"p4\"><b>\u00a0<\/b><\/p>\n","protected":false},"excerpt":{"rendered":"<p>\ud83c\udf9f \u00a1CADA TARJETA REGALO DE PIRADOS PARTICIPA EN EL GRAN SORTEO! Compra una Tarjeta Regalo Pirados, incluso de solo 1 \u20ac, y participa en la SERIE DE SORTEOS PIRADOS 1\u20ac. Cada vez que se vendan 50 tarjetas regalo, sortearemos una camiseta Pirados en directo por TikTok, Instagram o Facebook (@piradosbrand). No te preocupes si no [&hellip;]<\/p>\n","protected":false},"featured_media":133788,"template":"","meta":[],"product_brand":[],"product_cat":[836,850],"product_tag":[],"class_list":{"0":"post-112132","1":"product","2":"type-product","3":"status-publish","4":"has-post-thumbnail","6":"product_cat-todos-los-productos","7":"product_cat-trajetas-de-regalo","9":"first","10":"instock","11":"taxable","12":"shipping-taxable","13":"purchasable","14":"product-type-pw-gift-card"},"_links":{"self":[{"href":"https:\/\/piradosbrand.com\/es\/wp-json\/wp\/v2\/product\/112132","targetHints":{"allow":["GET"]}}],"collection":[{"href":"https:\/\/piradosbrand.com\/es\/wp-json\/wp\/v2\/product"}],"about":[{"href":"https:\/\/piradosbrand.com\/es\/wp-json\/wp\/v2\/types\/product"}],"wp:featuredmedia":[{"embeddable":true,"href":"https:\/\/piradosbrand.com\/es\/wp-json\/wp\/v2\/media\/133788"}],"wp:attachment":[{"href":"https:\/\/piradosbrand.com\/es\/wp-json\/wp\/v2\/media?parent=112132"}],"wp:term":[{"taxonomy":"product_brand","embeddable":true,"href":"https:\/\/piradosbrand.com\/es\/wp-json\/wp\/v2\/product_brand?post=112132"},{"taxonomy":"product_cat","embeddable":true,"href":"https:\/\/piradosbrand.com\/es\/wp-json\/wp\/v2\/product_cat?post=112132"},{"taxonomy":"product_tag","embeddable":true,"href":"https:\/\/piradosbrand.com\/es\/wp-json\/wp\/v2\/product_tag?post=112132"}],"curies":[{"name":"wp","href":"https:\/\/api.w.org\/{rel}","templated":true}]}}