{"id":112493,"date":"2020-12-31T07:08:51","date_gmt":"2020-12-31T05:08:51","guid":{"rendered":"https:\/\/piradosbrand.com\/product\/camiseta-pirados-streetwear-gris\/"},"modified":"2026-02-15T13:18:48","modified_gmt":"2026-02-15T11:18:48","slug":"pirados-streetwear-camiseta-gris-oxford","status":"publish","type":"product","link":"https:\/\/piradosbrand.com\/es\/producto\/pirados-streetwear-camiseta-gris-oxford\/","title":{"rendered":"\u00abPIRADOS STREETWEAR\u00bb -CAMISETA, GRIS OXFORD"},"content":{"rendered":"<div class=\"flex flex-col text-sm pb-25\">\n<article class=\"text-token-text-primary w-full focus:outline-none [--shadow-height:45px] has-data-writing-block:pointer-events-none has-data-writing-block:-mt-(--shadow-height) has-data-writing-block:pt-(--shadow-height) [&amp;:has([data-writing-block])&gt;*]:pointer-events-auto scroll-mt-[calc(var(--header-height)+min(200px,max(70px,20svh)))]\" dir=\"auto\" tabindex=\"-1\" data-turn-id=\"request-698f1174-2b78-8388-b9c2-234f544fb957-107\" data-testid=\"conversation-turn-464\" data-scroll-anchor=\"true\" data-turn=\"assistant\">\n<div class=\"text-base my-auto mx-auto pb-10 [--thread-content-margin:--spacing(4)] @w-sm\/main:[--thread-content-margin:--spacing(6)] @w-lg\/main:[--thread-content-margin:--spacing(16)] px-(--thread-content-margin)\">\n<div class=\"[--thread-content-max-width:40rem] @w-lg\/main:[--thread-content-max-width:48rem] mx-auto max-w-(--thread-content-max-width) flex-1 group\/turn-messages focus-visible:outline-hidden relative flex w-full min-w-0 flex-col agent-turn\" tabindex=\"-1\">\n<div class=\"flex max-w-full flex-col grow\">\n<div class=\"min-h-8 text-message relative flex w-full flex-col items-end gap-2 text-start break-words whitespace-normal [.text-message+&amp;]:mt-1\" dir=\"auto\" data-message-author-role=\"assistant\" data-message-id=\"265ab8f6-0e2c-4f67-b7b5-70a3db5d47de\" data-message-model-slug=\"gpt-5-2\">\n<div class=\"flex w-full flex-col gap-1 empty:hidden first:pt-[1px]\">\n<div class=\"markdown prose dark:prose-invert w-full wrap-break-word dark markdown-new-styling\">\n<p data-start=\"0\" data-end=\"21\"><strong data-start=\"0\" data-end=\"21\">Sobre la camiseta<\/strong><\/p>\n<p data-start=\"23\" data-end=\"169\">La camiseta Pirados Streetwear est\u00e1 dise\u00f1ada como nuestro b\u00e1sico premium para el d\u00eda a d\u00eda \u2014 est\u00e9tica limpia, sensaci\u00f3n s\u00f3lida y calidad duradera.<\/p>\n<p data-start=\"171\" data-end=\"239\">Suave sobre la piel.<br data-start=\"191\" data-end=\"194\" \/>Con peso en la mano.<br data-start=\"214\" data-end=\"217\" \/>Hecha para durar a\u00f1os.<\/p>\n<p data-start=\"241\" data-end=\"301\">Perfecta para la ciudad, la calle, el gimnasio o los viajes.<\/p>\n<p data-start=\"303\" data-end=\"330\"><strong data-start=\"303\" data-end=\"330\">Caracter\u00edsticas Premium<\/strong><\/p>\n<p data-start=\"332\" data-end=\"666\">\u2022 Tejido single jersey pesado de 190 g\/m\u00b2<br data-start=\"373\" data-end=\"376\" \/>\u2022 100% algod\u00f3n peinado y lavado con enzimas<br data-start=\"419\" data-end=\"422\" \/>\u2022 Certificaci\u00f3n Oeko-Tex<br data-start=\"446\" data-end=\"449\" \/>\u2022 Cuello acanalado de lycra reforzado<br data-start=\"486\" data-end=\"489\" \/>\u2022 Cinta interior en el cuello para mayor durabilidad<br data-start=\"541\" data-end=\"544\" \/>\u2022 Costuras dobles<br data-start=\"561\" data-end=\"564\" \/>\u2022 Costuras laterales para mejor estructura<br data-start=\"606\" data-end=\"609\" \/>\u2022 Corte premium streetwear<br data-start=\"635\" data-end=\"638\" \/>\u2022 Tejido de larga duraci\u00f3n<\/p>\n<p data-start=\"668\" data-end=\"678\"><strong data-start=\"668\" data-end=\"678\">Ajuste<\/strong><\/p>\n<p data-start=\"680\" data-end=\"761\">Corte regular \/ relajado<br data-start=\"704\" data-end=\"707\" \/>Talla fiel para hombre<br data-start=\"729\" data-end=\"732\" \/>Efecto oversized para mujer<\/p>\n<p data-start=\"763\" data-end=\"808\">(Si tienes dudas, consulta la gu\u00eda de tallas)<\/p>\n<p data-start=\"810\" data-end=\"830\"><strong data-start=\"810\" data-end=\"830\">Edici\u00f3n limitada<\/strong><\/p>\n<p data-start=\"832\" data-end=\"900\" data-is-last-node=\"\" data-is-only-node=\"\">Solo 1000 unidades en todo el mundo<br data-start=\"867\" data-end=\"870\" \/>Despu\u00e9s \u2192 cerrado para siempre<\/p>\n<\/div>\n<\/div>\n<\/div>\n<\/div>\n<\/div>\n<\/div>\n<\/article>\n<\/div>\n","protected":false},"excerpt":{"rendered":"<p data-start=\"0\" data-end=\"216\"><strong data-start=\"0\" data-end=\"24\">\u201cPirados Streetwear\u201d<\/strong> es una camiseta de l\u00edneas limpias con car\u00e1cter, dise\u00f1ada para el uso diario. El tejido c\u00f3modo, flexible y que mantiene su forma la hace perfecta para la calle, el gimnasio o un estilo casual.<\/p>\n<p data-start=\"218\" data-end=\"243\">Simple. Directa. Visible.<\/p>\n<p data-start=\"245\" data-end=\"379\">El producto est\u00e1 en stock en nuestra tienda insignia y listo para env\u00edo.<br data-start=\"317\" data-end=\"320\" \/><strong>Los pedidos se despachan en un m\u00e1ximo de 2 d\u00edas laborables.<\/strong><\/p>\n<p data-start=\"381\" data-end=\"482\" data-is-last-node=\"\" data-is-only-node=\"\">Solo 1000 unidades producidas en todo el mundo.<br data-start=\"428\" data-end=\"431\" \/>Si tu talla est\u00e1 agotada, este producto desaparece.<\/p>\n","protected":false},"featured_media":112458,"template":"","meta":[],"product_brand":[],"product_cat":[856,842,840,846,836],"product_tag":[786,799,798,1540,1537,1539,1538,757,1535,1541,1536],"class_list":{"0":"post-112493","1":"product","2":"type-product","3":"status-publish","4":"has-post-thumbnail","6":"product_cat-camisas-polos-y-tirantes","7":"product_cat-camisetas-y-tops","8":"product_cat-hombres","9":"product_cat-mujeres","10":"product_cat-todos-los-productos","11":"product_tag-camisa","12":"product_tag-camiseta-es-2","13":"product_tag-camiseta-es","14":"product_tag-hip-hop-tee-es","15":"product_tag-logo-t-sark-es","16":"product_tag-must-t-sark-es","17":"product_tag-oversized-t-shirt-es","18":"product_tag-pirados-es","19":"product_tag-streetwear-t-sark-es","20":"product_tag-tattoo-shirt-es","21":"product_tag-urban-style-tee-es","23":"first","24":"instock","25":"taxable","26":"shipping-taxable","27":"purchasable","28":"product-type-variable"},"_links":{"self":[{"href":"https:\/\/piradosbrand.com\/es\/wp-json\/wp\/v2\/product\/112493","targetHints":{"allow":["GET"]}}],"collection":[{"href":"https:\/\/piradosbrand.com\/es\/wp-json\/wp\/v2\/product"}],"about":[{"href":"https:\/\/piradosbrand.com\/es\/wp-json\/wp\/v2\/types\/product"}],"wp:featuredmedia":[{"embeddable":true,"href":"https:\/\/piradosbrand.com\/es\/wp-json\/wp\/v2\/media\/112458"}],"wp:attachment":[{"href":"https:\/\/piradosbrand.com\/es\/wp-json\/wp\/v2\/media?parent=112493"}],"wp:term":[{"taxonomy":"product_brand","embeddable":true,"href":"https:\/\/piradosbrand.com\/es\/wp-json\/wp\/v2\/product_brand?post=112493"},{"taxonomy":"product_cat","embeddable":true,"href":"https:\/\/piradosbrand.com\/es\/wp-json\/wp\/v2\/product_cat?post=112493"},{"taxonomy":"product_tag","embeddable":true,"href":"https:\/\/piradosbrand.com\/es\/wp-json\/wp\/v2\/product_tag?post=112493"}],"curies":[{"name":"wp","href":"https:\/\/api.w.org\/{rel}","templated":true}]}}