{"id":112855,"date":"2019-09-29T09:43:20","date_gmt":"2019-09-29T06:43:20","guid":{"rendered":"https:\/\/piradosbrand.com\/product\/sudadera-con-capucha-pirados-tm-3-0-azul-royal\/"},"modified":"2026-02-20T12:20:44","modified_gmt":"2026-02-20T10:20:44","slug":"pirados-tm-3-0-sudadera-azul-real","status":"publish","type":"product","link":"https:\/\/piradosbrand.com\/es\/producto\/pirados-tm-3-0-sudadera-azul-real\/","title":{"rendered":"Pirados TM 3.0 \u2013 Sudadera Azul Real"},"content":{"rendered":"","protected":false},"excerpt":{"rendered":"<div class=\"flex max-w-full flex-col grow\">\n<div class=\"min-h-8 text-message relative flex w-full flex-col items-end gap-2 text-start break-words whitespace-normal [.text-message+&amp;]:mt-1\" dir=\"auto\" data-message-author-role=\"assistant\" data-message-id=\"ada9a369-938f-4898-a075-65c748239be7\" data-message-model-slug=\"gpt-5-2\">\n<div class=\"flex w-full flex-col gap-1 empty:hidden first:pt-[1px]\">\n<div class=\"markdown prose dark:prose-invert w-full wrap-break-word dark markdown-new-styling\">\n<p data-start=\"0\" data-end=\"62\"><strong data-start=\"0\" data-end=\"62\">EDICI\u00d3N LIMITADA.<\/strong><\/p>\n<p data-start=\"64\" data-end=\"410\">La sudadera \u201cPirados TM 3.0\u201d es un bestseller \u2014 lo mejor de lo mejor. Confeccionada con una resistente mezcla de algod\u00f3n, ofrece una sensaci\u00f3n suave y c\u00f3moda al tacto. Incorpora un amplio bolsillo frontal con dos cremalleras ocultas para mantener seguros tu dinero, tel\u00e9fono y llaves. La capucha de doble capa cuenta con cordones anchos y planos.<\/p>\n<p data-start=\"412\" data-end=\"502\">Solo 300 sudaderas en todo el mundo.<br data-start=\"448\" data-end=\"451\" \/>Si tu talla est\u00e1 agotada, este producto desaparece.<\/p>\n<p data-start=\"504\" data-end=\"638\">El producto est\u00e1 en stock en nuestra tienda insignia y listo para env\u00edo. <strong>Los pedidos se despachan en un m\u00e1ximo de 2 d\u00edas laborables.<\/strong><\/p>\n<p data-start=\"640\" data-end=\"793\">Material: 65% algod\u00f3n \/ 35% poli\u00e9ster<br data-start=\"677\" data-end=\"680\" \/>Peso: 350 g\/m\u00b2<br data-start=\"694\" data-end=\"697\" \/>Bolsillo tipo canguro con cremalleras ocultas \u201cYKK\u201d<br data-start=\"748\" data-end=\"751\" \/>Dise\u00f1os bordados<br data-start=\"767\" data-end=\"770\" data-is-only-node=\"\" \/>Capucha de doble capa<\/p>\n<p data-start=\"795\" data-end=\"836\" data-is-last-node=\"\" data-is-only-node=\"\"><strong data-start=\"795\" data-end=\"836\" data-is-last-node=\"\">POR FAVOR, CONSULTA LA GU\u00cdA DE TALLAS<\/strong><\/p>\n<\/div>\n<\/div>\n<\/div>\n<\/div>\n<div class=\"z-0 flex min-h-[46px] justify-start\"><img loading=\"lazy\" decoding=\"async\" class=\"alignnone size-full wp-image-105406\" src=\"https:\/\/piradosbrand.com\/wp-content\/uploads\/2022\/06\/000718_Hooded_Sweat.png\" alt=\"\" width=\"2146\" height=\"191\" srcset=\"https:\/\/piradosbrand.com\/wp-content\/uploads\/2022\/06\/000718_Hooded_Sweat.png 2146w, https:\/\/piradosbrand.com\/wp-content\/uploads\/2022\/06\/000718_Hooded_Sweat-300x27.png 300w, https:\/\/piradosbrand.com\/wp-content\/uploads\/2022\/06\/000718_Hooded_Sweat-1024x91.png 1024w, https:\/\/piradosbrand.com\/wp-content\/uploads\/2022\/06\/000718_Hooded_Sweat-768x68.png 768w, https:\/\/piradosbrand.com\/wp-content\/uploads\/2022\/06\/000718_Hooded_Sweat-1536x137.png 1536w, https:\/\/piradosbrand.com\/wp-content\/uploads\/2022\/06\/000718_Hooded_Sweat-2048x182.png 2048w, https:\/\/piradosbrand.com\/wp-content\/uploads\/2022\/06\/000718_Hooded_Sweat-480x43.png 480w\" sizes=\"auto, (max-width: 2146px) 100vw, 2146px\" \/><\/div>\n","protected":false},"featured_media":112865,"template":"","meta":[],"product_brand":[],"product_cat":[840,846,843,837,836],"product_tag":[796,739],"class_list":{"0":"post-112855","1":"product","2":"type-product","3":"status-publish","4":"has-post-thumbnail","6":"product_cat-hombres","7":"product_cat-mujeres","8":"product_cat-subaderas","9":"product_cat-sudaderas","10":"product_cat-todos-los-productos","11":"product_tag-camiseta-deportiva","12":"product_tag-sudadera","14":"first","15":"instock","16":"taxable","17":"shipping-taxable","18":"purchasable","19":"product-type-variable"},"_links":{"self":[{"href":"https:\/\/piradosbrand.com\/es\/wp-json\/wp\/v2\/product\/112855","targetHints":{"allow":["GET"]}}],"collection":[{"href":"https:\/\/piradosbrand.com\/es\/wp-json\/wp\/v2\/product"}],"about":[{"href":"https:\/\/piradosbrand.com\/es\/wp-json\/wp\/v2\/types\/product"}],"wp:featuredmedia":[{"embeddable":true,"href":"https:\/\/piradosbrand.com\/es\/wp-json\/wp\/v2\/media\/112865"}],"wp:attachment":[{"href":"https:\/\/piradosbrand.com\/es\/wp-json\/wp\/v2\/media?parent=112855"}],"wp:term":[{"taxonomy":"product_brand","embeddable":true,"href":"https:\/\/piradosbrand.com\/es\/wp-json\/wp\/v2\/product_brand?post=112855"},{"taxonomy":"product_cat","embeddable":true,"href":"https:\/\/piradosbrand.com\/es\/wp-json\/wp\/v2\/product_cat?post=112855"},{"taxonomy":"product_tag","embeddable":true,"href":"https:\/\/piradosbrand.com\/es\/wp-json\/wp\/v2\/product_tag?post=112855"}],"curies":[{"name":"wp","href":"https:\/\/api.w.org\/{rel}","templated":true}]}}