{"id":132417,"date":"2025-12-19T06:59:34","date_gmt":"2025-12-19T04:59:36","guid":{"rendered":"https:\/\/piradosbrand.com\/?post_type=product&#038;p=132417"},"modified":"2026-02-15T11:34:14","modified_gmt":"2026-02-15T09:34:14","slug":"pirados-edicion-estrictamente-limitada-2025-moneda-de-plata-fina-1-oz-999","status":"publish","type":"product","link":"https:\/\/piradosbrand.com\/es\/producto\/pirados-edicion-estrictamente-limitada-2025-moneda-de-plata-fina-1-oz-999\/","title":{"rendered":"Pirados\u00ae Edici\u00f3n Estrictamente Limitada 2025 &#8211; Moneda de Plata Fina 1 oz (999)"},"content":{"rendered":"<p data-start=\"0\" data-end=\"201\"><strong data-start=\"0\" data-end=\"60\">La Moneda de Plata Pirados Strictly Limited Edition 2025<\/strong> es una pieza exclusiva de colecci\u00f3n que representa lealtad, fuerza y mentalidad independiente \u2014 valores que forman parte del ADN de Pirados.<\/p>\n<p data-start=\"203\" data-end=\"461\">Fabricada con 1 onza troy (1 oz) de plata fina 999, esta moneda pertenece a una serie 2025 extremadamente limitada de solo 9 piezas en todo el mundo. Cada moneda est\u00e1 numerada individualmente, lo que la convierte en una pieza \u00fanica y altamente coleccionable.<\/p>\n<p data-start=\"463\" data-end=\"642\">En una cara presenta el logotipo oficial de Pirados\u00ae con la inscripci\u00f3n \u201cStrictly Limited Edition\u201d, mientras que en el reverso muestra la simbolog\u00eda ic\u00f3nica de Pirados y la frase:<\/p>\n<p data-start=\"644\" data-end=\"715\"><strong data-start=\"644\" data-end=\"715\">\u201cDon\u2019t play with souls nor guns. Hold your friends and loved ones.\u201d<\/strong><\/p>\n<p data-start=\"717\" data-end=\"737\">Cada moneda incluye:<\/p>\n<ul data-start=\"739\" data-end=\"866\">\n<li data-start=\"739\" data-end=\"772\">\n<p data-start=\"741\" data-end=\"772\">Sellado en c\u00e1psula protectora<\/p>\n<\/li>\n<li data-start=\"773\" data-end=\"820\">\n<p data-start=\"775\" data-end=\"820\">Caja de presentaci\u00f3n premium negra Pirados\u00ae<\/p>\n<\/li>\n<li data-start=\"821\" data-end=\"866\">\n<p data-start=\"823\" data-end=\"866\">Certificado y tarjeta de especificaciones<\/p>\n<\/li>\n<\/ul>\n<p data-start=\"868\" data-end=\"1040\">Esto no es solo plata \u2014 es una pieza statement de Pirados, creada para coleccionistas, inversores y para quienes valoran el significado por encima de la producci\u00f3n en masa.<\/p>\n<hr data-start=\"1042\" data-end=\"1045\" \/>\n<h2 data-start=\"1047\" data-end=\"1089\">Edici\u00f3n y N\u00fameros de Serie (Serie 2025)<\/h2>\n<p data-start=\"1091\" data-end=\"1118\">Tirada total: solo 9 piezas<\/p>\n<p data-start=\"1120\" data-end=\"1293\">01\/09 \u2013 Reservada para el Gran Premio Anual Pirados (no est\u00e1 a la venta)<br data-start=\"1192\" data-end=\"1195\" \/>02\/09 \u2013 Disponible inmediatamente<br data-start=\"1228\" data-end=\"1231\" \/>03\/09 \u2013 09\/09 \u2013 Bajo pedido (producci\u00f3n y env\u00edo hasta 30 d\u00edas)<\/p>\n<p data-start=\"1295\" data-end=\"1404\">Todas las monedas est\u00e1n fabricadas en Estonia, garantizando calidad controlada y aut\u00e9ntica artesan\u00eda europea.<\/p>\n<hr data-start=\"1406\" data-end=\"1409\" \/>\n<h2 data-start=\"1411\" data-end=\"1430\">Especificaciones<\/h2>\n<p data-start=\"1432\" data-end=\"1612\">Material: Plata fina 999<br data-start=\"1456\" data-end=\"1459\" \/>Peso: 1 oz (31,1 g)<br data-start=\"1478\" data-end=\"1481\" \/>A\u00f1o: 2025<br data-start=\"1490\" data-end=\"1493\" \/>Edici\u00f3n: Strictly Limited (9 piezas en total)<br data-start=\"1538\" data-end=\"1541\" \/>N\u00famero de serie: Numeraci\u00f3n individual<br data-start=\"1579\" data-end=\"1582\" \/>Origen: Fabricada en Estonia<\/p>\n<hr data-start=\"1614\" data-end=\"1617\" \/>\n<h2 data-start=\"1619\" data-end=\"1641\">Por qu\u00e9 esta moneda<\/h2>\n<p data-start=\"1643\" data-end=\"1850\" data-is-last-node=\"\" data-is-only-node=\"\">Lanzamiento global ultra limitado (9 piezas)<br data-start=\"1687\" data-end=\"1690\" \/>Numeraci\u00f3n individual<br data-start=\"1711\" data-end=\"1714\" \/>Plata f\u00edsica con valor a largo plazo<br data-start=\"1750\" data-end=\"1753\" \/>Fuerte identidad de marca y significado cultural<br data-start=\"1801\" data-end=\"1804\" \/>Packaging premium listo para exhibir o regalar<\/p>\n","protected":false},"excerpt":{"rendered":"<p><span style=\"font-weight: 400;\">\u00a1POR FAVOR CONSULTE LA GU\u00cdA DE TALLAS!<\/span><\/p>\n<ul>\n<li style=\"font-weight: 400;\" aria-level=\"1\"><span style=\"font-weight: 400;\">Negro: 92% algod\u00f3n, 8% elastano<\/span><\/li>\n<li style=\"font-weight: 400;\" aria-level=\"1\"><span style=\"font-weight: 400;\">Peso: 320 g\/m\u00b2<\/span><\/li>\n<li style=\"font-weight: 400;\" aria-level=\"1\"><span style=\"font-weight: 400;\">Terry franc\u00e9s<\/span><\/li>\n<\/ul>\n<p><span style=\"font-weight: 400;\">La felpa francesa es un tejido de algod\u00f3n que se utiliza para confeccionar ropa deportiva. Hay presillas en la parte posterior de la tela que ayudan a absorber el agua o el sudor. Tejido extra suave. Hemos a\u00f1adido elastano a nuestro producto French Terry para hacer el tejido m\u00e1s flexible y aumentar la libertad de movimiento.<\/span><\/p>\n","protected":false},"featured_media":132457,"template":"","meta":[],"product_brand":[],"product_cat":[859,858,836],"product_tag":[732,749,757,1553],"class_list":{"0":"post-132417","1":"product","2":"type-product","3":"status-publish","4":"has-post-thumbnail","6":"product_cat-haz-un-pedido","7":"product_cat-nuevos-productos","8":"product_cat-todos-los-productos","9":"product_tag-estonia-es","10":"product_tag-estonia-es-2","11":"product_tag-pirados-es","12":"product_tag-silver-coin-es","14":"first","15":"instock","16":"taxable","17":"shipping-taxable","18":"purchasable","19":"product-type-variable","20":"has-default-attributes"},"_links":{"self":[{"href":"https:\/\/piradosbrand.com\/es\/wp-json\/wp\/v2\/product\/132417","targetHints":{"allow":["GET"]}}],"collection":[{"href":"https:\/\/piradosbrand.com\/es\/wp-json\/wp\/v2\/product"}],"about":[{"href":"https:\/\/piradosbrand.com\/es\/wp-json\/wp\/v2\/types\/product"}],"wp:featuredmedia":[{"embeddable":true,"href":"https:\/\/piradosbrand.com\/es\/wp-json\/wp\/v2\/media\/132457"}],"wp:attachment":[{"href":"https:\/\/piradosbrand.com\/es\/wp-json\/wp\/v2\/media?parent=132417"}],"wp:term":[{"taxonomy":"product_brand","embeddable":true,"href":"https:\/\/piradosbrand.com\/es\/wp-json\/wp\/v2\/product_brand?post=132417"},{"taxonomy":"product_cat","embeddable":true,"href":"https:\/\/piradosbrand.com\/es\/wp-json\/wp\/v2\/product_cat?post=132417"},{"taxonomy":"product_tag","embeddable":true,"href":"https:\/\/piradosbrand.com\/es\/wp-json\/wp\/v2\/product_tag?post=132417"}],"curies":[{"name":"wp","href":"https:\/\/api.w.org\/{rel}","templated":true}]}}