{"id":133706,"date":"2026-02-13T10:18:30","date_gmt":"2026-02-07T08:18:34","guid":{"rendered":"https:\/\/piradosbrand.com\/?post_type=product&#038;p=133706"},"modified":"2026-02-15T10:32:48","modified_gmt":"2026-02-15T08:32:48","slug":"og-camiseta-negro","status":"publish","type":"product","link":"https:\/\/piradosbrand.com\/es\/producto\/og-camiseta-negro\/","title":{"rendered":"\u00abOG\u00bb -CAMISETA, NEGRO"},"content":{"rendered":"<div class=\"flex flex-col text-sm pb-25\">\n<article class=\"text-token-text-primary w-full focus:outline-none [--shadow-height:45px] has-data-writing-block:pointer-events-none has-data-writing-block:-mt-(--shadow-height) has-data-writing-block:pt-(--shadow-height) [&amp;:has([data-writing-block])&gt;*]:pointer-events-auto scroll-mt-[calc(var(--header-height)+min(200px,max(70px,20svh)))]\" dir=\"auto\" tabindex=\"-1\" data-turn-id=\"request-698f1174-2b78-8388-b9c2-234f544fb957-2\" data-testid=\"conversation-turn-254\" data-scroll-anchor=\"true\" data-turn=\"assistant\">\n<div class=\"text-base my-auto mx-auto pb-10 [--thread-content-margin:--spacing(4)] @w-sm\/main:[--thread-content-margin:--spacing(6)] @w-lg\/main:[--thread-content-margin:--spacing(16)] px-(--thread-content-margin)\">\n<div class=\"[--thread-content-max-width:40rem] @w-lg\/main:[--thread-content-max-width:48rem] mx-auto max-w-(--thread-content-max-width) flex-1 group\/turn-messages focus-visible:outline-hidden relative flex w-full min-w-0 flex-col agent-turn\" tabindex=\"-1\">\n<div class=\"flex max-w-full flex-col grow\">\n<div class=\"min-h-8 text-message relative flex w-full flex-col items-end gap-2 text-start break-words whitespace-normal [.text-message+&amp;]:mt-1\" dir=\"auto\" data-message-author-role=\"assistant\" data-message-id=\"fcc94412-4080-468b-a374-5f0d431b4eb9\" data-message-model-slug=\"gpt-5-2\">\n<div class=\"flex w-full flex-col gap-1 empty:hidden first:pt-[1px]\">\n<div class=\"markdown prose dark:prose-invert w-full wrap-break-word dark markdown-new-styling\">\n<h2 data-start=\"0\" data-end=\"20\">Sobre la camiseta<\/h2>\n<p data-start=\"22\" data-end=\"153\">La camiseta <strong data-start=\"34\" data-end=\"40\">OG<\/strong> est\u00e1 dise\u00f1ada como nuestro b\u00e1sico premium para el d\u00eda a d\u00eda \u2014 est\u00e9tica limpia, tacto robusto y calidad duradera.<\/p>\n<p data-start=\"155\" data-end=\"223\">Suave sobre la piel.<br data-start=\"175\" data-end=\"178\" \/>Con peso en la mano.<br data-start=\"198\" data-end=\"201\" \/>Hecha para durar a\u00f1os.<\/p>\n<p data-start=\"225\" data-end=\"281\">Perfecta para la ciudad, la calle, el gimnasio o viajar.<\/p>\n<hr data-start=\"283\" data-end=\"286\" \/>\n<h2 data-start=\"288\" data-end=\"314\">Caracter\u00edsticas premium<\/h2>\n<p data-start=\"316\" data-end=\"680\">\u2022 190 g\/m\u00b2 tejido single jersey de alto gramaje<br data-start=\"363\" data-end=\"366\" \/>\u2022 100% algod\u00f3n peinado y lavado con enzimas<br data-start=\"409\" data-end=\"412\" \/>\u2022 Certificado Oeko-Tex<br data-start=\"434\" data-end=\"437\" \/>\u2022 Cuello de lycra grueso y resistente<br data-start=\"474\" data-end=\"477\" \/>\u2022 Cinta interior en el cuello para mayor durabilidad<br data-start=\"529\" data-end=\"532\" \/>\u2022 Costuras dobles reforzadas<br data-start=\"560\" data-end=\"563\" \/>\u2022 Costuras laterales para mejor estructura<br data-start=\"605\" data-end=\"608\" \/>\u2022 Corte premium streetwear<br data-start=\"634\" data-end=\"637\" \/>\u2022 Tejido de alta calidad y larga duraci\u00f3n<\/p>\n<hr data-start=\"682\" data-end=\"685\" \/>\n<h2 data-start=\"687\" data-end=\"695\">Corte<\/h2>\n<p data-start=\"697\" data-end=\"777\">Regular \/ relaxed fit<br data-start=\"718\" data-end=\"721\" \/>Talla normal para hombre<br data-start=\"745\" data-end=\"748\" \/>Efecto oversized para mujer<\/p>\n<p data-start=\"779\" data-end=\"824\">(Si tienes dudas, consulta la gu\u00eda de tallas)<\/p>\n<hr data-start=\"826\" data-end=\"829\" \/>\n<h2 data-start=\"831\" data-end=\"850\">Edici\u00f3n limitada<\/h2>\n<p data-start=\"852\" data-end=\"922\" data-is-last-node=\"\" data-is-only-node=\"\">Solo 1000 unidades en todo el mundo.<br data-start=\"888\" data-end=\"891\" \/>Despu\u00e9s \u2192 cerrado para siempre.<\/p>\n<\/div>\n<\/div>\n<\/div>\n<\/div>\n<\/div>\n<\/div>\n<\/article>\n<\/div>\n","protected":false},"excerpt":{"rendered":"<p data-start=\"326\" data-end=\"371\"><strong data-start=\"326\" data-end=\"371\">ESTRICTAMENTE LIMITADO \u2022 SOLO EN PREVENTA<\/strong><\/p>\n<p data-start=\"373\" data-end=\"403\">Esto no es producci\u00f3n en masa.<\/p>\n<p data-start=\"405\" data-end=\"606\">Esta camiseta est\u00e1 hecha solo para quienes caminan diferente. Abrimos la preventa para que cada uno pueda asegurar su talla. Cuando se vendan 1000 camisetas, la preventa se cerrar\u00e1 de forma permanente.<\/p>\n<p data-start=\"608\" data-end=\"649\">Sin reposiciones.<br data-start=\"625\" data-end=\"628\" \/>Sin segundas tiradas.<\/p>\n<p data-start=\"651\" data-end=\"695\"><strong>Entrega estimada: como m\u00e1ximo el 01.09.2026.<\/strong><\/p>\n","protected":false},"featured_media":133720,"template":"","meta":[],"product_brand":[],"product_cat":[859,858,856,842,840,846,836],"product_tag":[786,798,799,1540,1537,1539,1542,1538,757,1535,1541,1536],"class_list":{"0":"post-133706","1":"product","2":"type-product","3":"status-publish","4":"has-post-thumbnail","6":"product_cat-haz-un-pedido","7":"product_cat-nuevos-productos","8":"product_cat-camisas-polos-y-tirantes","9":"product_cat-camisetas-y-tops","10":"product_cat-hombres","11":"product_cat-mujeres","12":"product_cat-todos-los-productos","13":"product_tag-camisa","14":"product_tag-camiseta-es","15":"product_tag-camiseta-es-2","16":"product_tag-hip-hop-tee-es","17":"product_tag-logo-t-sark-es","18":"product_tag-must-t-sark-es","19":"product_tag-og-es","20":"product_tag-oversized-t-shirt-es","21":"product_tag-pirados-es","22":"product_tag-streetwear-t-sark-es","23":"product_tag-tattoo-shirt-es","24":"product_tag-urban-style-tee-es","26":"first","27":"instock","28":"taxable","29":"shipping-taxable","30":"purchasable","31":"product-type-variable"},"_links":{"self":[{"href":"https:\/\/piradosbrand.com\/es\/wp-json\/wp\/v2\/product\/133706","targetHints":{"allow":["GET"]}}],"collection":[{"href":"https:\/\/piradosbrand.com\/es\/wp-json\/wp\/v2\/product"}],"about":[{"href":"https:\/\/piradosbrand.com\/es\/wp-json\/wp\/v2\/types\/product"}],"wp:featuredmedia":[{"embeddable":true,"href":"https:\/\/piradosbrand.com\/es\/wp-json\/wp\/v2\/media\/133720"}],"wp:attachment":[{"href":"https:\/\/piradosbrand.com\/es\/wp-json\/wp\/v2\/media?parent=133706"}],"wp:term":[{"taxonomy":"product_brand","embeddable":true,"href":"https:\/\/piradosbrand.com\/es\/wp-json\/wp\/v2\/product_brand?post=133706"},{"taxonomy":"product_cat","embeddable":true,"href":"https:\/\/piradosbrand.com\/es\/wp-json\/wp\/v2\/product_cat?post=133706"},{"taxonomy":"product_tag","embeddable":true,"href":"https:\/\/piradosbrand.com\/es\/wp-json\/wp\/v2\/product_tag?post=133706"}],"curies":[{"name":"wp","href":"https:\/\/api.w.org\/{rel}","templated":true}]}}