{"id":135060,"date":"2026-02-23T07:37:32","date_gmt":"2026-02-23T05:37:32","guid":{"rendered":"https:\/\/piradosbrand.com\/product\/pirados-tm-banador-shadow\/"},"modified":"2026-02-25T15:31:06","modified_gmt":"2026-02-25T13:31:06","slug":"pirados-tm-banador-shadow","status":"publish","type":"product","link":"https:\/\/piradosbrand.com\/es\/producto\/pirados-tm-banador-shadow\/","title":{"rendered":"\u00abPIRADOS TM\u00bb BA\u00d1ADOR &#8211; SHADOW"},"content":{"rendered":"<p data-start=\"76\" data-end=\"120\">La confianza empieza con el ajuste adecuado.<\/p>\n<p data-start=\"122\" data-end=\"325\">Sunny est\u00e1 dise\u00f1ado para resaltar tu forma natural con una silueta limpia y un tono atrevido y seguro. Su tejido es suave al tacto y estructurado donde importa, se adapta a tu cuerpo y mantiene su forma.<\/p>\n<p data-start=\"327\" data-end=\"439\">Ll\u00e9valo en la playa, en la piscina o comb\u00ednalo m\u00e1s all\u00e1 del entorno playero \u2014 no es solo un ba\u00f1ador. Es actitud.<\/p>\n<hr data-start=\"441\" data-end=\"444\" \/>\n<h3 data-start=\"446\" data-end=\"458\">DETALLES<\/h3>\n<p data-start=\"460\" data-end=\"817\">\u2022 Tejido el\u00e1stico premium<br data-start=\"485\" data-end=\"488\" \/>\u2022 Elasticidad en cuatro direcciones para mayor comodidad y recuperaci\u00f3n de forma<br data-start=\"568\" data-end=\"571\" \/>\u2022 Material resistente al cloro<br data-start=\"601\" data-end=\"604\" \/>\u2022 Escote redondeado y espalda baja<br data-start=\"638\" data-end=\"641\" \/>\u2022 Corte cheeky que realza la silueta<br data-start=\"677\" data-end=\"680\" \/>\u2022 Parte frontal con doble capa para mayor estructura<br data-start=\"732\" data-end=\"735\" \/>\u2022 Costuras reforzadas y duraderas<br data-start=\"768\" data-end=\"771\" \/>\u2022 Tejido de grosor medio (aprox. 225\u2013230 g\/m\u00b2)<br \/>\n<img loading=\"lazy\" decoding=\"async\" class=\"alignnone size-full wp-image-136026\" src=\"https:\/\/piradosbrand.com\/wp-content\/uploads\/2026\/02\/Midete.png\" alt=\"\" width=\"2400\" height=\"3392\" srcset=\"https:\/\/piradosbrand.com\/wp-content\/uploads\/2026\/02\/Midete.png 2400w, https:\/\/piradosbrand.com\/wp-content\/uploads\/2026\/02\/Midete-212x300.png 212w, https:\/\/piradosbrand.com\/wp-content\/uploads\/2026\/02\/Midete-725x1024.png 725w, https:\/\/piradosbrand.com\/wp-content\/uploads\/2026\/02\/Midete-768x1085.png 768w, https:\/\/piradosbrand.com\/wp-content\/uploads\/2026\/02\/Midete-1087x1536.png 1087w, https:\/\/piradosbrand.com\/wp-content\/uploads\/2026\/02\/Midete-1449x2048.png 1449w, https:\/\/piradosbrand.com\/wp-content\/uploads\/2026\/02\/Midete-480x678.png 480w\" sizes=\"auto, (max-width: 2400px) 100vw, 2400px\" \/><\/p>\n","protected":false},"excerpt":{"rendered":"<h3 data-start=\"85\" data-end=\"108\">PRODUCCI\u00d3N LIMITADA<\/h3>\n<p data-start=\"110\" data-end=\"203\">Se fabricar\u00e1n \u00fanicamente 300 unidades. No habr\u00e1 reposiciones. No habr\u00e1 una segunda edici\u00f3n.<\/p>\n<p data-start=\"205\" data-end=\"233\">Cuando se agote, no volver\u00e1.<\/p>\n<p data-start=\"235\" data-end=\"354\">Cada pieza se confecciona bajo pedido. Producimos exactamente lo que vendemos &#8211; sin stock masivo y sin sobreproducci\u00f3n.<\/p>\n<p data-start=\"356\" data-end=\"402\"><strong>Tiempo de producci\u00f3n y entrega: hasta 14 d\u00edas.<\/strong><\/p>\n<p data-start=\"404\" data-end=\"458\">Fabricado de forma responsable.<br data-start=\"435\" data-end=\"438\" \/>Hecho con intenci\u00f3n.<\/p>\n","protected":false},"featured_media":134980,"template":"","meta":[],"product_brand":[],"product_cat":[858,846,1139,836],"product_tag":[1582,1581,731,1585,1583,1584,772],"class_list":{"0":"post-135060","1":"product","2":"type-product","3":"status-publish","4":"has-post-thumbnail","6":"product_cat-nuevos-productos","7":"product_cat-mujeres","8":"product_cat-ropa-de-bano-ladies","9":"product_cat-todos-los-productos","10":"product_tag-banador","11":"product_tag-bikiinid-es","12":"product_tag-bikinis-es","13":"product_tag-playa","14":"product_tag-trikoo-es","15":"product_tag-ujumistrikoo-es","16":"product_tag-verano","18":"first","19":"instock","20":"taxable","21":"shipping-taxable","22":"purchasable","23":"product-type-variable"},"_links":{"self":[{"href":"https:\/\/piradosbrand.com\/es\/wp-json\/wp\/v2\/product\/135060","targetHints":{"allow":["GET"]}}],"collection":[{"href":"https:\/\/piradosbrand.com\/es\/wp-json\/wp\/v2\/product"}],"about":[{"href":"https:\/\/piradosbrand.com\/es\/wp-json\/wp\/v2\/types\/product"}],"wp:featuredmedia":[{"embeddable":true,"href":"https:\/\/piradosbrand.com\/es\/wp-json\/wp\/v2\/media\/134980"}],"wp:attachment":[{"href":"https:\/\/piradosbrand.com\/es\/wp-json\/wp\/v2\/media?parent=135060"}],"wp:term":[{"taxonomy":"product_brand","embeddable":true,"href":"https:\/\/piradosbrand.com\/es\/wp-json\/wp\/v2\/product_brand?post=135060"},{"taxonomy":"product_cat","embeddable":true,"href":"https:\/\/piradosbrand.com\/es\/wp-json\/wp\/v2\/product_cat?post=135060"},{"taxonomy":"product_tag","embeddable":true,"href":"https:\/\/piradosbrand.com\/es\/wp-json\/wp\/v2\/product_tag?post=135060"}],"curies":[{"name":"wp","href":"https:\/\/api.w.org\/{rel}","templated":true}]}}