{"id":135361,"date":"2026-02-23T11:31:17","date_gmt":"2026-02-23T09:31:17","guid":{"rendered":"https:\/\/piradosbrand.com\/product\/pirados-tm-bikin-flame\/"},"modified":"2026-02-25T15:11:51","modified_gmt":"2026-02-25T13:11:51","slug":"pirados-tm-bikin-flame","status":"publish","type":"product","link":"https:\/\/piradosbrand.com\/es\/producto\/pirados-tm-bikin-flame\/","title":{"rendered":"\u00abPIRADOS TM\u00bb BIKIN &#8211; FLAME"},"content":{"rendered":"<p data-start=\"381\" data-end=\"619\">El bikini est\u00e1 dise\u00f1ado para resaltar tu forma natural con l\u00edneas limpias y un corte seguro y favorecedor. El tejido es suave al tacto y ofrece soporte donde es necesario. Se adapta al cuerpo y mantiene su forma incluso despu\u00e9s de su uso.<\/p>\n<p data-start=\"621\" data-end=\"730\">Ll\u00e9valo en la playa, en la piscina o comb\u00ednalo con tu estilo veraniego \u2013 no es solo ropa de ba\u00f1o. Es actitud.<\/p>\n<hr data-start=\"732\" data-end=\"735\" \/>\n<h3 data-start=\"737\" data-end=\"751\">DETALLES<\/h3>\n<p data-start=\"753\" data-end=\"1195\">\u2022 Tejido el\u00e1stico premium reciclado<br data-start=\"788\" data-end=\"791\" \/>\u2022 Elasticidad en cuatro direcciones para mayor comodidad y recuperaci\u00f3n de forma<br data-start=\"871\" data-end=\"874\" \/>\u2022 Construcci\u00f3n suave con doble capa<br data-start=\"909\" data-end=\"912\" \/>\u2022 Protecci\u00f3n solar UPF 50+<br data-start=\"938\" data-end=\"941\" \/>\u2022 Tiras ajustables para un ajuste personalizado<br data-start=\"988\" data-end=\"991\" \/>\u2022 Relleno extra\u00edble para mayor comodidad<br data-start=\"1031\" data-end=\"1034\" \/>\u2022 Varias opciones para atar y estilizar<br data-start=\"1073\" data-end=\"1076\" \/>\u2022 Costuras reforzadas y duraderas<br data-start=\"1109\" data-end=\"1112\" \/>\u2022 Tejido de grosor medio (aprox. 225\u2013230 g\/m\u00b2)<br data-start=\"1158\" data-end=\"1161\" \/>\u2022 Disponible en tallas hasta 6XL<br \/>\n<img loading=\"lazy\" decoding=\"async\" class=\"alignnone size-full wp-image-136006\" src=\"https:\/\/piradosbrand.com\/wp-content\/uploads\/2026\/02\/Bikini-pirados-Measure-Yourself-es.png\" alt=\"\" width=\"2400\" height=\"3392\" srcset=\"https:\/\/piradosbrand.com\/wp-content\/uploads\/2026\/02\/Bikini-pirados-Measure-Yourself-es.png 2400w, https:\/\/piradosbrand.com\/wp-content\/uploads\/2026\/02\/Bikini-pirados-Measure-Yourself-es-212x300.png 212w, https:\/\/piradosbrand.com\/wp-content\/uploads\/2026\/02\/Bikini-pirados-Measure-Yourself-es-725x1024.png 725w, https:\/\/piradosbrand.com\/wp-content\/uploads\/2026\/02\/Bikini-pirados-Measure-Yourself-es-768x1085.png 768w, https:\/\/piradosbrand.com\/wp-content\/uploads\/2026\/02\/Bikini-pirados-Measure-Yourself-es-1087x1536.png 1087w, https:\/\/piradosbrand.com\/wp-content\/uploads\/2026\/02\/Bikini-pirados-Measure-Yourself-es-1449x2048.png 1449w, https:\/\/piradosbrand.com\/wp-content\/uploads\/2026\/02\/Bikini-pirados-Measure-Yourself-es-480x678.png 480w\" sizes=\"auto, (max-width: 2400px) 100vw, 2400px\" \/><\/p>\n","protected":false},"excerpt":{"rendered":"<h3 data-start=\"139\" data-end=\"164\">PRODUCCI\u00d3N LIMITADA<\/h3>\n<p data-start=\"166\" data-end=\"231\">Se fabricar\u00e1n \u00fanicamente 300 unidades.<br data-start=\"204\" data-end=\"207\" \/>No habr\u00e1 reposiciones.<\/p>\n<p data-start=\"233\" data-end=\"309\"><strong>Cada pieza se confecciona bajo pedido.<\/strong><br data-start=\"271\" data-end=\"274\" \/><strong>Tiempo de entrega: hasta 14 d\u00edas.<\/strong><\/p>\n<p data-start=\"311\" data-end=\"374\">Fabricado de forma consciente.<br data-start=\"341\" data-end=\"344\" \/>Hecho especialmente para ti.<\/p>\n","protected":false},"featured_media":135228,"template":"","meta":[],"product_brand":[],"product_cat":[858,846,1139,836],"product_tag":[1582,1581,731,1585,1583,1584,772],"class_list":{"0":"post-135361","1":"product","2":"type-product","3":"status-publish","4":"has-post-thumbnail","6":"product_cat-nuevos-productos","7":"product_cat-mujeres","8":"product_cat-ropa-de-bano-ladies","9":"product_cat-todos-los-productos","10":"product_tag-banador","11":"product_tag-bikiinid-es","12":"product_tag-bikinis-es","13":"product_tag-playa","14":"product_tag-trikoo-es","15":"product_tag-ujumistrikoo-es","16":"product_tag-verano","18":"first","19":"instock","20":"taxable","21":"shipping-taxable","22":"purchasable","23":"product-type-variable"},"_links":{"self":[{"href":"https:\/\/piradosbrand.com\/es\/wp-json\/wp\/v2\/product\/135361","targetHints":{"allow":["GET"]}}],"collection":[{"href":"https:\/\/piradosbrand.com\/es\/wp-json\/wp\/v2\/product"}],"about":[{"href":"https:\/\/piradosbrand.com\/es\/wp-json\/wp\/v2\/types\/product"}],"wp:featuredmedia":[{"embeddable":true,"href":"https:\/\/piradosbrand.com\/es\/wp-json\/wp\/v2\/media\/135228"}],"wp:attachment":[{"href":"https:\/\/piradosbrand.com\/es\/wp-json\/wp\/v2\/media?parent=135361"}],"wp:term":[{"taxonomy":"product_brand","embeddable":true,"href":"https:\/\/piradosbrand.com\/es\/wp-json\/wp\/v2\/product_brand?post=135361"},{"taxonomy":"product_cat","embeddable":true,"href":"https:\/\/piradosbrand.com\/es\/wp-json\/wp\/v2\/product_cat?post=135361"},{"taxonomy":"product_tag","embeddable":true,"href":"https:\/\/piradosbrand.com\/es\/wp-json\/wp\/v2\/product_tag?post=135361"}],"curies":[{"name":"wp","href":"https:\/\/api.w.org\/{rel}","templated":true}]}}