{"id":135649,"date":"2026-02-23T13:35:54","date_gmt":"2026-02-23T11:35:54","guid":{"rendered":"https:\/\/piradosbrand.com\/product\/og-pantalones-cortos-noble\/"},"modified":"2026-02-25T14:31:59","modified_gmt":"2026-02-25T12:31:59","slug":"og-pantalones-cortos-noble","status":"publish","type":"product","link":"https:\/\/piradosbrand.com\/es\/producto\/og-pantalones-cortos-noble\/","title":{"rendered":"\u00abOG\u00bb PANTALONES CORTOS &#8211; NOBLE"},"content":{"rendered":"<p data-start=\"204\" data-end=\"256\">Dise\u00f1ados para el calor. Pensados para el d\u00eda a d\u00eda.<\/p>\n<p data-start=\"258\" data-end=\"552\">Estos pantalones cortos est\u00e1n hechos para largos d\u00edas de verano: ligeros, de secado r\u00e1pido y altamente transpirables. El tejido el\u00e1stico en cuatro direcciones se adapta de forma natural a tu cuerpo, mientras que el forro interior suave y antirozaduras mantiene la comodidad durante todo el d\u00eda.<\/p>\n<p data-start=\"554\" data-end=\"789\">El dise\u00f1o limpio y repelente al agua hace que no sean solo para la playa o la piscina. Ll\u00e9valos al gimnasio, a un caf\u00e9, a una reuni\u00f3n o a donde te lleve el d\u00eda. Funcionales para el agua. Lo suficientemente elegantes para el uso diario.<\/p>\n<hr data-start=\"791\" data-end=\"794\" \/>\n<h3 data-start=\"796\" data-end=\"808\">DETALLES<\/h3>\n<p data-start=\"810\" data-end=\"1226\">\u2022 91% poli\u00e9ster reciclado, 9% elastano<br data-start=\"848\" data-end=\"851\" \/>\u2022 Forro: 92% poli\u00e9ster, 8% elastano (EE. UU.) \/ 90% poli\u00e9ster, 10% elastano (UE)<br data-start=\"931\" data-end=\"934\" \/>\u2022 Peso del tejido: 174 g\/m\u00b2<br data-start=\"961\" data-end=\"964\" \/>\u2022 Microfibra el\u00e1stica en cuatro direcciones, repelente al agua<br data-start=\"1026\" data-end=\"1029\" \/>\u2022 Forro interior de malla antirozaduras<br data-start=\"1068\" data-end=\"1071\" \/>\u2022 Cintura el\u00e1stica con cord\u00f3n ajustable<br data-start=\"1110\" data-end=\"1113\" \/>\u2022 Bolsillos laterales de malla<br data-start=\"1143\" data-end=\"1146\" \/>\u2022 Peque\u00f1o bolsillo interior para objetos de valor<br data-start=\"1195\" data-end=\"1198\" \/>\u2022 Protecci\u00f3n solar UPF 50+<br \/>\n<img loading=\"lazy\" decoding=\"async\" class=\"alignnone size-full wp-image-135989\" src=\"https:\/\/piradosbrand.com\/wp-content\/uploads\/2026\/02\/Shorts-pirados-measure-yourself-es.png\" alt=\"\" width=\"2400\" height=\"3392\" srcset=\"https:\/\/piradosbrand.com\/wp-content\/uploads\/2026\/02\/Shorts-pirados-measure-yourself-es.png 2400w, https:\/\/piradosbrand.com\/wp-content\/uploads\/2026\/02\/Shorts-pirados-measure-yourself-es-212x300.png 212w, https:\/\/piradosbrand.com\/wp-content\/uploads\/2026\/02\/Shorts-pirados-measure-yourself-es-725x1024.png 725w, https:\/\/piradosbrand.com\/wp-content\/uploads\/2026\/02\/Shorts-pirados-measure-yourself-es-768x1085.png 768w, https:\/\/piradosbrand.com\/wp-content\/uploads\/2026\/02\/Shorts-pirados-measure-yourself-es-1087x1536.png 1087w, https:\/\/piradosbrand.com\/wp-content\/uploads\/2026\/02\/Shorts-pirados-measure-yourself-es-1449x2048.png 1449w, https:\/\/piradosbrand.com\/wp-content\/uploads\/2026\/02\/Shorts-pirados-measure-yourself-es-480x678.png 480w\" sizes=\"auto, (max-width: 2400px) 100vw, 2400px\" \/><\/p>\n","protected":false},"excerpt":{"rendered":"<h3 data-start=\"1233\" data-end=\"1256\">PRODUCCI\u00d3N LIMITADA<\/h3>\n<p data-start=\"1258\" data-end=\"1321\">Se fabricar\u00e1n \u00fanicamente 300 unidades.<br data-start=\"1296\" data-end=\"1299\" \/>No habr\u00e1 reposiciones.<\/p>\n<p data-start=\"1323\" data-end=\"1351\">Cuando se agoten, se agotan.<\/p>\n<p data-start=\"1353\" data-end=\"1440\"><strong>Cada pieza se confecciona bajo pedido.<\/strong><br data-start=\"1391\" data-end=\"1394\" \/><strong>Tiempo de producci\u00f3n y entrega: hasta 14 d\u00edas.<\/strong><\/p>\n<p data-start=\"1442\" data-end=\"1503\">Fabricado de forma consciente.<br data-start=\"1472\" data-end=\"1475\" \/>Hecho especialmente para ti.<\/p>\n","protected":false},"featured_media":135613,"template":"","meta":[],"product_brand":[],"product_cat":[858,857,840,1142,836],"product_tag":[1623,784,800],"class_list":{"0":"post-135649","1":"product","2":"type-product","3":"status-publish","4":"has-post-thumbnail","6":"product_cat-nuevos-productos","7":"product_cat-chandals-y-shorts-es","8":"product_cat-hombres","9":"product_cat-ropa-de-bano-mens","10":"product_cat-todos-los-productos","11":"product_tag-banador-es","12":"product_tag-bermudas","13":"product_tag-traje-de-bano-es","15":"first","16":"instock","17":"taxable","18":"shipping-taxable","19":"purchasable","20":"product-type-variable"},"_links":{"self":[{"href":"https:\/\/piradosbrand.com\/es\/wp-json\/wp\/v2\/product\/135649","targetHints":{"allow":["GET"]}}],"collection":[{"href":"https:\/\/piradosbrand.com\/es\/wp-json\/wp\/v2\/product"}],"about":[{"href":"https:\/\/piradosbrand.com\/es\/wp-json\/wp\/v2\/types\/product"}],"wp:featuredmedia":[{"embeddable":true,"href":"https:\/\/piradosbrand.com\/es\/wp-json\/wp\/v2\/media\/135613"}],"wp:attachment":[{"href":"https:\/\/piradosbrand.com\/es\/wp-json\/wp\/v2\/media?parent=135649"}],"wp:term":[{"taxonomy":"product_brand","embeddable":true,"href":"https:\/\/piradosbrand.com\/es\/wp-json\/wp\/v2\/product_brand?post=135649"},{"taxonomy":"product_cat","embeddable":true,"href":"https:\/\/piradosbrand.com\/es\/wp-json\/wp\/v2\/product_cat?post=135649"},{"taxonomy":"product_tag","embeddable":true,"href":"https:\/\/piradosbrand.com\/es\/wp-json\/wp\/v2\/product_tag?post=135649"}],"curies":[{"name":"wp","href":"https:\/\/api.w.org\/{rel}","templated":true}]}}