{"id":136363,"date":"2026-03-06T08:55:59","date_gmt":"2026-03-06T06:55:59","guid":{"rendered":"https:\/\/piradosbrand.com\/product\/og-track-pants-noble\/"},"modified":"2026-03-07T10:43:51","modified_gmt":"2026-03-07T08:43:51","slug":"og-track-pants-noble","status":"publish","type":"product","link":"https:\/\/piradosbrand.com\/es\/producto\/og-track-pants-noble\/","title":{"rendered":"\u201cOG\u201d TRACK PANTS \u2013 NOBLE"},"content":{"rendered":"<p><img loading=\"lazy\" decoding=\"async\" class=\"alignnone size-full wp-image-136759\" src=\"https:\/\/piradosbrand.com\/wp-content\/uploads\/2026\/03\/2026-og-trackpants-es.png\" alt=\"\" width=\"2400\" height=\"2052\" srcset=\"https:\/\/piradosbrand.com\/wp-content\/uploads\/2026\/03\/2026-og-trackpants-es.png 2400w, https:\/\/piradosbrand.com\/wp-content\/uploads\/2026\/03\/2026-og-trackpants-es-300x257.png 300w, https:\/\/piradosbrand.com\/wp-content\/uploads\/2026\/03\/2026-og-trackpants-es-1024x876.png 1024w, https:\/\/piradosbrand.com\/wp-content\/uploads\/2026\/03\/2026-og-trackpants-es-768x657.png 768w, https:\/\/piradosbrand.com\/wp-content\/uploads\/2026\/03\/2026-og-trackpants-es-1536x1313.png 1536w, https:\/\/piradosbrand.com\/wp-content\/uploads\/2026\/03\/2026-og-trackpants-es-2048x1751.png 2048w, https:\/\/piradosbrand.com\/wp-content\/uploads\/2026\/03\/2026-og-trackpants-es-480x410.png 480w\" sizes=\"auto, (max-width: 2400px) 100vw, 2400px\" \/><br \/>\nPantalones ligeros y repelentes al agua, dise\u00f1ados para moverte con comodidad y mantener un estilo streetwear limpio. El corte relajado ofrece libertad de movimiento, mientras que el forro de malla transpirable mantiene los pantalones c\u00f3modos durante todo el d\u00eda. Los pu\u00f1os el\u00e1sticos en los tobillos crean una silueta limpia y dejan que tus sneakers destaquen. Ll\u00e9valos por separado o comb\u00ednalos con el <strong data-start=\"1015\" data-end=\"1033\">OG windbreaker<\/strong> para crear el <strong data-start=\"1048\" data-end=\"1073\">OG tracksuit completo<\/strong>.<\/p>\n<p data-start=\"1076\" data-end=\"1077\"><strong>DETALLES T\u00c9CNICOS<\/strong><\/p>\n<p data-start=\"1101\" data-end=\"1377\">\u2022 100% poli\u00e9ster<br data-start=\"1117\" data-end=\"1120\" \/>\u2022 Peso del tejido: 75 g\/m\u00b2<br data-start=\"1146\" data-end=\"1149\" \/>\u2022 Tejido ligero y repelente al agua<br data-start=\"1184\" data-end=\"1187\" \/>\u2022 Forro completo de malla transpirable<br data-start=\"1225\" data-end=\"1228\" \/>\u2022 Corte relajado<br data-start=\"1244\" data-end=\"1247\" \/>\u2022 Cintura el\u00e1stica con cord\u00f3n ajustable<br data-start=\"1286\" data-end=\"1289\" \/>\u2022 Pu\u00f1os el\u00e1sticos en los tobillos<br data-start=\"1322\" data-end=\"1325\" \/>\u2022 Bolsillos con cremallera<br data-start=\"1351\" data-end=\"1354\" \/>\u2022 Se ajusta a la cadera<\/p>\n","protected":false},"excerpt":{"rendered":"<p data-start=\"335\" data-end=\"445\"><strong data-start=\"335\" data-end=\"357\">Solo 300 unidades. <\/strong>No habr\u00e1 reposiciones. No habr\u00e1 un segundo drop. Cuando se agoten, se habr\u00e1n agotado. Cada prenda se fabrica bajo pedido. Producimos exactamente lo que vendemos &#8211; sin stock masivo y sin sobreproducci\u00f3n. <strong data-start=\"565\" data-end=\"605\">Producci\u00f3n y entrega: hasta 28 d\u00edas.<\/strong><\/p>\n","protected":false},"featured_media":136172,"template":"","meta":[],"product_brand":[],"product_cat":[858,857,840,836],"product_tag":[],"class_list":{"0":"post-136363","1":"product","2":"type-product","3":"status-publish","4":"has-post-thumbnail","6":"product_cat-nuevos-productos","7":"product_cat-chandals-y-shorts-es","8":"product_cat-hombres","9":"product_cat-todos-los-productos","11":"first","12":"instock","13":"taxable","14":"shipping-taxable","15":"purchasable","16":"product-type-variable"},"_links":{"self":[{"href":"https:\/\/piradosbrand.com\/es\/wp-json\/wp\/v2\/product\/136363","targetHints":{"allow":["GET"]}}],"collection":[{"href":"https:\/\/piradosbrand.com\/es\/wp-json\/wp\/v2\/product"}],"about":[{"href":"https:\/\/piradosbrand.com\/es\/wp-json\/wp\/v2\/types\/product"}],"wp:featuredmedia":[{"embeddable":true,"href":"https:\/\/piradosbrand.com\/es\/wp-json\/wp\/v2\/media\/136172"}],"wp:attachment":[{"href":"https:\/\/piradosbrand.com\/es\/wp-json\/wp\/v2\/media?parent=136363"}],"wp:term":[{"taxonomy":"product_brand","embeddable":true,"href":"https:\/\/piradosbrand.com\/es\/wp-json\/wp\/v2\/product_brand?post=136363"},{"taxonomy":"product_cat","embeddable":true,"href":"https:\/\/piradosbrand.com\/es\/wp-json\/wp\/v2\/product_cat?post=136363"},{"taxonomy":"product_tag","embeddable":true,"href":"https:\/\/piradosbrand.com\/es\/wp-json\/wp\/v2\/product_tag?post=136363"}],"curies":[{"name":"wp","href":"https:\/\/api.w.org\/{rel}","templated":true}]}}