{"id":136968,"date":"2026-03-07T09:38:51","date_gmt":"2026-03-07T07:38:51","guid":{"rendered":"https:\/\/piradosbrand.com\/product\/og-slip-on-para-hombre-flame\/"},"modified":"2026-03-07T09:38:51","modified_gmt":"2026-03-07T07:38:51","slug":"og-slip-on-para-hombre-flame","status":"publish","type":"product","link":"https:\/\/piradosbrand.com\/es\/producto\/og-slip-on-para-hombre-flame\/","title":{"rendered":"\u201cOG\u201d SLIP-ON PARA HOMBRE \u2013 FLAME"},"content":{"rendered":"<p><img loading=\"lazy\" decoding=\"async\" class=\"alignnone size-full wp-image-136793\" src=\"https:\/\/piradosbrand.com\/wp-content\/uploads\/2026\/03\/2026-og-slip-on-es-scaled.png\" alt=\"\" width=\"1827\" height=\"2560\" srcset=\"https:\/\/piradosbrand.com\/wp-content\/uploads\/2026\/03\/2026-og-slip-on-es-scaled.png 1827w, https:\/\/piradosbrand.com\/wp-content\/uploads\/2026\/03\/2026-og-slip-on-es-214x300.png 214w, https:\/\/piradosbrand.com\/wp-content\/uploads\/2026\/03\/2026-og-slip-on-es-731x1024.png 731w, https:\/\/piradosbrand.com\/wp-content\/uploads\/2026\/03\/2026-og-slip-on-es-768x1076.png 768w, https:\/\/piradosbrand.com\/wp-content\/uploads\/2026\/03\/2026-og-slip-on-es-1096x1536.png 1096w, https:\/\/piradosbrand.com\/wp-content\/uploads\/2026\/03\/2026-og-slip-on-es-1462x2048.png 1462w, https:\/\/piradosbrand.com\/wp-content\/uploads\/2026\/03\/2026-og-slip-on-es-480x672.png 480w\" sizes=\"auto, (max-width: 1827px) 100vw, 1827px\" \/><\/p>\n<p>Slip-on ligeros y c\u00f3modos para el movimiento diario. La parte superior de canvas resistente, el forro transpirable y la suela flexible de EVA mantienen la comodidad durante todo el d\u00eda. F\u00e1ciles de poner y f\u00e1ciles de llevar: perfectos para la calle, la ciudad y el uso diario.<\/p>\n<p data-start=\"1500\" data-end=\"1519\"><strong data-start=\"1500\" data-end=\"1519\">CARACTER\u00cdSTICAS<\/strong><\/p>\n<p data-start=\"1521\" data-end=\"1855\">\u2022 Parte superior resistente de canvas<br data-start=\"1558\" data-end=\"1561\" \/>\u2022 Suela ligera y flexible de goma EVA<br data-start=\"1598\" data-end=\"1601\" \/>\u2022 Forro interior transpirable<br data-start=\"1630\" data-end=\"1633\" \/>\u2022 Plantilla suave y extra\u00edble<br data-start=\"1662\" data-end=\"1665\" \/>\u2022 Paneles laterales el\u00e1sticos para calzarlos f\u00e1cilmente<br data-start=\"1720\" data-end=\"1723\" \/>\u2022 Cuello y leng\u00fceta acolchados<br data-start=\"1753\" data-end=\"1756\" \/>\u2022 Branding de Pirados en la caja, la plantilla y la leng\u00fceta<br data-start=\"1816\" data-end=\"1819\" \/>\u2022 Impresos, cortados y hechos a mano<\/p>\n","protected":false},"excerpt":{"rendered":"<p>Solo producimos\u00a0<strong data-start=\"1037\" data-end=\"1050\">300 pares<\/strong>. No habr\u00e1 reposiciones. No habr\u00e1 segundo drop. Cuando se agoten, se habr\u00e1n acabado. Cada par se fabrica bajo pedido. <strong data-start=\"1171\" data-end=\"1221\">Tiempo de producci\u00f3n y entrega: hasta 28 d\u00edas.<\/strong><\/p>\n","protected":false},"featured_media":136565,"template":"","meta":[],"product_brand":[],"product_cat":[858,1134,840,836],"product_tag":[],"class_list":{"0":"post-136968","1":"product","2":"type-product","3":"status-publish","4":"has-post-thumbnail","6":"product_cat-nuevos-productos","7":"product_cat-calzado","8":"product_cat-hombres","9":"product_cat-todos-los-productos","11":"first","12":"instock","13":"taxable","14":"shipping-taxable","15":"purchasable","16":"product-type-variable"},"_links":{"self":[{"href":"https:\/\/piradosbrand.com\/es\/wp-json\/wp\/v2\/product\/136968","targetHints":{"allow":["GET"]}}],"collection":[{"href":"https:\/\/piradosbrand.com\/es\/wp-json\/wp\/v2\/product"}],"about":[{"href":"https:\/\/piradosbrand.com\/es\/wp-json\/wp\/v2\/types\/product"}],"wp:featuredmedia":[{"embeddable":true,"href":"https:\/\/piradosbrand.com\/es\/wp-json\/wp\/v2\/media\/136565"}],"wp:attachment":[{"href":"https:\/\/piradosbrand.com\/es\/wp-json\/wp\/v2\/media?parent=136968"}],"wp:term":[{"taxonomy":"product_brand","embeddable":true,"href":"https:\/\/piradosbrand.com\/es\/wp-json\/wp\/v2\/product_brand?post=136968"},{"taxonomy":"product_cat","embeddable":true,"href":"https:\/\/piradosbrand.com\/es\/wp-json\/wp\/v2\/product_cat?post=136968"},{"taxonomy":"product_tag","embeddable":true,"href":"https:\/\/piradosbrand.com\/es\/wp-json\/wp\/v2\/product_tag?post=136968"}],"curies":[{"name":"wp","href":"https:\/\/api.w.org\/{rel}","templated":true}]}}