{"id":137330,"date":"2026-03-08T10:03:26","date_gmt":"2026-03-08T08:03:26","guid":{"rendered":"https:\/\/piradosbrand.com\/product\/heart-queen-vestido-bodycon\/"},"modified":"2026-03-08T10:03:26","modified_gmt":"2026-03-08T08:03:26","slug":"heart-queen-vestido-bodycon","status":"publish","type":"product","link":"https:\/\/piradosbrand.com\/es\/producto\/heart-queen-vestido-bodycon\/","title":{"rendered":"\u201cHEART QUEEN\u201d VESTIDO BODYCON"},"content":{"rendered":"<p data-start=\"1479\" data-end=\"1691\">Llama la atenci\u00f3n con el <strong data-start=\"1504\" data-end=\"1535\">vestido bodycon Heart Queen<\/strong>. Este vestido ajustado combina el atrevido dise\u00f1o Pirados Heart Queen con una silueta limpia que sigue la forma del cuerpo y destaca dondequiera que vayas.<\/p>\n<p data-start=\"1693\" data-end=\"1949\">El tejido de microfibra suave se siente agradable sobre la piel y el material el\u00e1stico en cuatro direcciones garantiza un ajuste c\u00f3modo y flexible durante todo el d\u00eda. Perfecto para noches de verano, festivales, outfits de streetwear o una salida nocturna.<\/p>\n<p data-start=\"1951\" data-end=\"2011\">Ll\u00e9valo con zapatillas, slip-ons o tacones \u2014 <strong data-start=\"1996\" data-end=\"2011\">\u00a1t\u00fa eliges!<\/strong><\/p>\n<p data-start=\"2013\" data-end=\"2134\"><strong data-start=\"2013\" data-end=\"2022\">Nota:<\/strong> Evita el contacto con superficies \u00e1speras, ya que pueden sacar las fibras blancas del tejido y da\u00f1ar la prenda.<\/p>\n<h2 data-section-id=\"p7l55y\" data-start=\"2136\" data-end=\"2154\">CARACTER\u00cdSTICAS<\/h2>\n<p data-start=\"2156\" data-end=\"2386\">\u2022 Corte bodycon ajustado<br data-start=\"2180\" data-end=\"2183\" \/>\u2022 Tejido de microfibra suave y c\u00f3modo<br data-start=\"2220\" data-end=\"2223\" \/>\u2022 Elasticidad en cuatro direcciones para mayor comodidad y movimiento<br data-start=\"2292\" data-end=\"2295\" \/>\u2022 Atrevido dise\u00f1o Pirados <strong data-start=\"2321\" data-end=\"2336\">Heart Queen<\/strong><br data-start=\"2336\" data-end=\"2339\" \/>\u2022 Perfecto para streetwear, verano y festivales<\/p>\n<h2 data-section-id=\"1a6t7u6\" data-start=\"2388\" data-end=\"2399\">MATERIAL<\/h2>\n<p data-start=\"2401\" data-end=\"2465\">\u2022 82 % poli\u00e9ster<br data-start=\"2417\" data-end=\"2420\" \/>\u2022 18 % elastano<br data-start=\"2435\" data-end=\"2438\" \/>\u2022 Peso del tejido: 230 g\/m\u00b2<\/p>\n","protected":false},"excerpt":{"rendered":"<p>Solo produciremos <strong data-start=\"2507\" data-end=\"2523\">300 unidades<\/strong>. No habr\u00e1 reposiciones. Cuando se agoten, se acabaron. Cada producto se fabrica bajo pedido. Tiempo de producci\u00f3n y entrega <strong data-start=\"2648\" data-end=\"2665\">hasta 14 d\u00edas<\/strong>.<\/p>\n","protected":false},"featured_media":137264,"template":"","meta":[],"product_brand":[],"product_cat":[858,846,836,1484],"product_tag":[],"class_list":{"0":"post-137330","1":"product","2":"type-product","3":"status-publish","4":"has-post-thumbnail","6":"product_cat-nuevos-productos","7":"product_cat-mujeres","8":"product_cat-todos-los-productos","9":"product_cat-vestidos-y-faldas","11":"first","12":"instock","13":"taxable","14":"shipping-taxable","15":"purchasable","16":"product-type-variable"},"_links":{"self":[{"href":"https:\/\/piradosbrand.com\/es\/wp-json\/wp\/v2\/product\/137330","targetHints":{"allow":["GET"]}}],"collection":[{"href":"https:\/\/piradosbrand.com\/es\/wp-json\/wp\/v2\/product"}],"about":[{"href":"https:\/\/piradosbrand.com\/es\/wp-json\/wp\/v2\/types\/product"}],"wp:featuredmedia":[{"embeddable":true,"href":"https:\/\/piradosbrand.com\/es\/wp-json\/wp\/v2\/media\/137264"}],"wp:attachment":[{"href":"https:\/\/piradosbrand.com\/es\/wp-json\/wp\/v2\/media?parent=137330"}],"wp:term":[{"taxonomy":"product_brand","embeddable":true,"href":"https:\/\/piradosbrand.com\/es\/wp-json\/wp\/v2\/product_brand?post=137330"},{"taxonomy":"product_cat","embeddable":true,"href":"https:\/\/piradosbrand.com\/es\/wp-json\/wp\/v2\/product_cat?post=137330"},{"taxonomy":"product_tag","embeddable":true,"href":"https:\/\/piradosbrand.com\/es\/wp-json\/wp\/v2\/product_tag?post=137330"}],"curies":[{"name":"wp","href":"https:\/\/api.w.org\/{rel}","templated":true}]}}