{"id":137404,"date":"2026-03-08T10:31:03","date_gmt":"2026-03-08T08:31:03","guid":{"rendered":"https:\/\/piradosbrand.com\/product\/heart-queen-cropped-windbreaker\/"},"modified":"2026-03-08T10:31:03","modified_gmt":"2026-03-08T08:31:03","slug":"heart-queen-cropped-windbreaker","status":"publish","type":"product","link":"https:\/\/piradosbrand.com\/es\/producto\/heart-queen-cropped-windbreaker\/","title":{"rendered":"\u00abHEART QUEEN\u00bb CROPPED WINDBREAKER"},"content":{"rendered":"<p data-start=\"1076\" data-end=\"1515\">La <strong data-start=\"1079\" data-end=\"1114\">Heart Queen cropped windbreaker<\/strong> combina un corte corto deportivo con el ic\u00f3nico dise\u00f1o Pirados Heart Queen. El tejido ligero y resistente al agua y el forro de malla transpirable hacen que la chaqueta sea c\u00f3moda de llevar, mientras que la capucha y la cintura ajustables permiten adaptar el ajuste. Perfecta para la calle, para viajar o para el uso diario. Combina perfectamente con todas las piezas de la <strong data-start=\"1489\" data-end=\"1514\">colecci\u00f3n Heart Queen<\/strong>.<\/p>\n<hr data-start=\"1517\" data-end=\"1520\" \/>\n<p data-start=\"1522\" data-end=\"1541\"><strong data-start=\"1522\" data-end=\"1541\">CARACTER\u00cdSTICAS<\/strong><\/p>\n<p data-start=\"1543\" data-end=\"1869\">\u2022 Corte cropped windbreaker<br data-start=\"1570\" data-end=\"1573\" \/>\u2022 Tejido ligero y resistente al agua<br data-start=\"1609\" data-end=\"1612\" \/>\u2022 Forro de malla transpirable<br data-start=\"1641\" data-end=\"1644\" \/>\u2022 Cordones ajustables en capucha y cintura<br data-start=\"1686\" data-end=\"1689\" \/>\u2022 Pu\u00f1os el\u00e1sticos<br data-start=\"1706\" data-end=\"1709\" \/>\u2022 Media cremallera frontal<br data-start=\"1735\" data-end=\"1738\" \/>\u2022 Bolsillos laterales<br data-start=\"1759\" data-end=\"1762\" \/>\u2022 Atrevido dise\u00f1o Pirados <strong data-start=\"1788\" data-end=\"1803\">Heart Queen<\/strong><br data-start=\"1803\" data-end=\"1806\" \/>\u2022 Combina perfectamente con todos los productos <strong data-start=\"1854\" data-end=\"1869\">Heart Queen<\/strong><\/p>\n<hr data-start=\"1871\" data-end=\"1874\" \/>\n<p data-start=\"1876\" data-end=\"1888\"><strong data-start=\"1876\" data-end=\"1888\">MATERIAL<\/strong><\/p>\n<p data-start=\"1890\" data-end=\"1973\">\u2022 100 % poli\u00e9ster<br data-start=\"1907\" data-end=\"1910\" \/>\u2022 Forro de malla transpirable (reduce la electricidad est\u00e1tica)<\/p>\n","protected":false},"excerpt":{"rendered":"<p>Solo produciremos\u00a0<strong data-start=\"3293\" data-end=\"3309\">300 unidades<\/strong>. No habr\u00e1 reposiciones. No habr\u00e1 segunda producci\u00f3n. Cuando se agoten, se acabaron. Cada producto se fabrica bajo pedido. Tiempo de producci\u00f3n y entrega\u00a0<strong data-start=\"3463\" data-end=\"3480\">hasta 28 d\u00edas<\/strong>.<\/p>\n","protected":false},"featured_media":137287,"template":"","meta":[],"product_brand":[],"product_cat":[858,846,843,836],"product_tag":[],"class_list":{"0":"post-137404","1":"product","2":"type-product","3":"status-publish","4":"has-post-thumbnail","6":"product_cat-nuevos-productos","7":"product_cat-mujeres","8":"product_cat-subaderas","9":"product_cat-todos-los-productos","11":"first","12":"instock","13":"taxable","14":"shipping-taxable","15":"purchasable","16":"product-type-variable"},"_links":{"self":[{"href":"https:\/\/piradosbrand.com\/es\/wp-json\/wp\/v2\/product\/137404","targetHints":{"allow":["GET"]}}],"collection":[{"href":"https:\/\/piradosbrand.com\/es\/wp-json\/wp\/v2\/product"}],"about":[{"href":"https:\/\/piradosbrand.com\/es\/wp-json\/wp\/v2\/types\/product"}],"wp:featuredmedia":[{"embeddable":true,"href":"https:\/\/piradosbrand.com\/es\/wp-json\/wp\/v2\/media\/137287"}],"wp:attachment":[{"href":"https:\/\/piradosbrand.com\/es\/wp-json\/wp\/v2\/media?parent=137404"}],"wp:term":[{"taxonomy":"product_brand","embeddable":true,"href":"https:\/\/piradosbrand.com\/es\/wp-json\/wp\/v2\/product_brand?post=137404"},{"taxonomy":"product_cat","embeddable":true,"href":"https:\/\/piradosbrand.com\/es\/wp-json\/wp\/v2\/product_cat?post=137404"},{"taxonomy":"product_tag","embeddable":true,"href":"https:\/\/piradosbrand.com\/es\/wp-json\/wp\/v2\/product_tag?post=137404"}],"curies":[{"name":"wp","href":"https:\/\/api.w.org\/{rel}","templated":true}]}}