{"id":137423,"date":"2026-03-08T10:46:31","date_gmt":"2026-03-08T08:46:31","guid":{"rendered":"https:\/\/piradosbrand.com\/product\/heart-queen-leggings-de-yoga\/"},"modified":"2026-03-08T10:46:31","modified_gmt":"2026-03-08T08:46:31","slug":"heart-queen-leggings-de-yoga","status":"publish","type":"product","link":"https:\/\/piradosbrand.com\/es\/producto\/heart-queen-leggings-de-yoga\/","title":{"rendered":"\u201cHEART QUEEN\u201d LEGGINGS DE YOGA"},"content":{"rendered":"<p data-start=\"1360\" data-end=\"1784\">Los leggings de yoga Heart Queen son leggings el\u00e1sticos y c\u00f3modos con el dise\u00f1o Pirados Heart Queen. El tejido de microfibra suave y la elasticidad en cuatro direcciones se mueven con el cuerpo y mantienen los leggings c\u00f3modos durante todo el d\u00eda. La cintura alta ayuda a que los leggings se mantengan bien en su lugar. Perfectos para entrenar, para el d\u00eda a d\u00eda o para combinar con otras piezas de la colecci\u00f3n Heart Queen.<\/p>\n<p data-start=\"1786\" data-end=\"1907\"><strong data-start=\"1786\" data-end=\"1795\">Nota:<\/strong> Evita el contacto con superficies \u00e1speras, ya que pueden sacar las fibras blancas del tejido y da\u00f1ar la prenda.<\/p>\n<p data-section-id=\"p7l55y\" data-start=\"1914\" data-end=\"1932\"><strong>CARACTER\u00cdSTICAS<\/strong><\/p>\n<p data-start=\"1934\" data-end=\"2183\">\u2022 Leggings el\u00e1sticos y c\u00f3modos<br data-start=\"1964\" data-end=\"1967\" \/>\u2022 Tejido de microfibra suave<br data-start=\"1995\" data-end=\"1998\" \/>\u2022 Elasticidad en cuatro direcciones para mayor libertad de movimiento<br data-start=\"2067\" data-end=\"2070\" \/>\u2022 Cintura alta para mayor soporte<br data-start=\"2103\" data-end=\"2106\" \/>\u2022 Dise\u00f1o Pirados Heart Queen<br data-start=\"2134\" data-end=\"2137\" \/>\u2022 Combinan con todos los productos Heart Queen<\/p>\n<p data-section-id=\"1a6t7u6\" data-start=\"2190\" data-end=\"2201\"><strong>MATERIAL<\/strong><\/p>\n<p data-start=\"2203\" data-end=\"2333\">\u2022 82 % poli\u00e9ster<br data-start=\"2219\" data-end=\"2222\" \/>\u2022 18 % spandex<br data-start=\"2236\" data-end=\"2239\" \/>\u2022 Tejido de microfibra suave<br data-start=\"2267\" data-end=\"2270\" \/>\u2022 Cortado con precisi\u00f3n y cosido a mano despu\u00e9s de la impresi\u00f3n<\/p>\n","protected":false},"excerpt":{"rendered":"<p>Solo produciremos <strong data-start=\"2358\" data-end=\"2374\">300 unidades<\/strong>. No habr\u00e1 reposiciones. Cuando se agoten, se acabaron. Cada producto se fabrica bajo pedido. Tiempo de producci\u00f3n y entrega <strong data-start=\"2499\" data-end=\"2516\">hasta 14 d\u00edas<\/strong>.<\/p>\n","protected":false},"featured_media":137295,"template":"","meta":[],"product_brand":[],"product_cat":[858,841,846,836],"product_tag":[],"class_list":{"0":"post-137423","1":"product","2":"type-product","3":"status-publish","4":"has-post-thumbnail","6":"product_cat-nuevos-productos","7":"product_cat-chandal-y-pantalones-cortos","8":"product_cat-mujeres","9":"product_cat-todos-los-productos","11":"first","12":"instock","13":"taxable","14":"shipping-taxable","15":"purchasable","16":"product-type-variable"},"_links":{"self":[{"href":"https:\/\/piradosbrand.com\/es\/wp-json\/wp\/v2\/product\/137423","targetHints":{"allow":["GET"]}}],"collection":[{"href":"https:\/\/piradosbrand.com\/es\/wp-json\/wp\/v2\/product"}],"about":[{"href":"https:\/\/piradosbrand.com\/es\/wp-json\/wp\/v2\/types\/product"}],"wp:featuredmedia":[{"embeddable":true,"href":"https:\/\/piradosbrand.com\/es\/wp-json\/wp\/v2\/media\/137295"}],"wp:attachment":[{"href":"https:\/\/piradosbrand.com\/es\/wp-json\/wp\/v2\/media?parent=137423"}],"wp:term":[{"taxonomy":"product_brand","embeddable":true,"href":"https:\/\/piradosbrand.com\/es\/wp-json\/wp\/v2\/product_brand?post=137423"},{"taxonomy":"product_cat","embeddable":true,"href":"https:\/\/piradosbrand.com\/es\/wp-json\/wp\/v2\/product_cat?post=137423"},{"taxonomy":"product_tag","embeddable":true,"href":"https:\/\/piradosbrand.com\/es\/wp-json\/wp\/v2\/product_tag?post=137423"}],"curies":[{"name":"wp","href":"https:\/\/api.w.org\/{rel}","templated":true}]}}