{"id":137453,"date":"2026-03-08T10:52:48","date_gmt":"2026-03-08T08:52:48","guid":{"rendered":"https:\/\/piradosbrand.com\/product\/heart-queen-leggings-flare\/"},"modified":"2026-03-08T10:52:48","modified_gmt":"2026-03-08T08:52:48","slug":"heart-queen-leggings-flare","status":"publish","type":"product","link":"https:\/\/piradosbrand.com\/es\/producto\/heart-queen-leggings-flare\/","title":{"rendered":"\u201cHEART QUEEN\u201d LEGGINGS FLARE"},"content":{"rendered":"<p data-start=\"2449\" data-end=\"2775\">Los leggings flare <strong data-start=\"2468\" data-end=\"2483\">Heart Queen<\/strong> combinan comodidad y estilo streetwear. La cintura alta y el tejido el\u00e1stico mantienen los leggings c\u00f3modamente en su lugar. El dise\u00f1o de pierna acampanada les da un look distintivo. Perfectos para entrenar, para el d\u00eda a d\u00eda o para combinar con otras piezas de la <strong data-start=\"2749\" data-end=\"2774\">colecci\u00f3n Heart Queen<\/strong>.<\/p>\n<p data-start=\"2777\" data-end=\"2898\"><strong data-start=\"2777\" data-end=\"2786\">Nota:<\/strong> Evita el contacto con superficies \u00e1speras, ya que pueden sacar las fibras blancas del tejido y da\u00f1ar la prenda.<\/p>\n<hr data-start=\"2900\" data-end=\"2903\" \/>\n<p><strong>CARACTER\u00cdSTICAS<\/strong><\/p>\n<p data-section-id=\"p7l55y\" data-start=\"2905\" data-end=\"2923\">\u2022 Leggings de cintura alta<br data-start=\"2951\" data-end=\"2954\" \/>\u2022 Dise\u00f1o de pierna acampanada<br data-start=\"2983\" data-end=\"2986\" \/>\u2022 Tejido suave y de calidad con ligera compresi\u00f3n<br data-start=\"3035\" data-end=\"3038\" \/>\u2022 Elasticidad en cuatro direcciones<br data-start=\"3073\" data-end=\"3076\" \/>\u2022 Tejido que absorbe la humedad<br data-start=\"3107\" data-end=\"3110\" \/>\u2022 Protecci\u00f3n UPF 50+<br data-start=\"3130\" data-end=\"3133\" \/>\u2022 Cintura doble con bolsillo interior<br data-start=\"3170\" data-end=\"3173\" \/>\u2022 Combina con todos los productos <strong data-start=\"3207\" data-end=\"3222\">Heart Queen<\/strong><\/p>\n<p data-section-id=\"iu5e7h\" data-start=\"3229\" data-end=\"3242\"><strong>PRODUCCI\u00d3N<\/strong><\/p>\n<p data-start=\"3244\" data-end=\"3320\">\u2022 74 % poli\u00e9ster reciclado<br data-start=\"3270\" data-end=\"3273\" \/>\u2022 26 % elastano<br data-start=\"3288\" data-end=\"3291\" \/>\u2022 Peso del tejido: 250 g\/m\u00b2<\/p>\n<p data-start=\"3322\" data-end=\"3355\">\u2022 Tejido certificado OEKO-TEX 100<\/p>\n","protected":false},"excerpt":{"rendered":"<p>Solo produciremos <strong data-start=\"3380\" data-end=\"3396\">300 unidades<\/strong>. No habr\u00e1 reposiciones. No habr\u00e1 segunda producci\u00f3n. Cuando se agoten, se acabaron. Cada producto se fabrica bajo pedido. Tiempo de producci\u00f3n y entrega <strong data-start=\"3550\" data-end=\"3567\">hasta 14 d\u00edas<\/strong>.<\/p>\n","protected":false},"featured_media":137303,"template":"","meta":[],"product_brand":[],"product_cat":[858,841,846,836],"product_tag":[],"class_list":{"0":"post-137453","1":"product","2":"type-product","3":"status-publish","4":"has-post-thumbnail","6":"product_cat-nuevos-productos","7":"product_cat-chandal-y-pantalones-cortos","8":"product_cat-mujeres","9":"product_cat-todos-los-productos","11":"first","12":"instock","13":"taxable","14":"shipping-taxable","15":"purchasable","16":"product-type-variable"},"_links":{"self":[{"href":"https:\/\/piradosbrand.com\/es\/wp-json\/wp\/v2\/product\/137453","targetHints":{"allow":["GET"]}}],"collection":[{"href":"https:\/\/piradosbrand.com\/es\/wp-json\/wp\/v2\/product"}],"about":[{"href":"https:\/\/piradosbrand.com\/es\/wp-json\/wp\/v2\/types\/product"}],"wp:featuredmedia":[{"embeddable":true,"href":"https:\/\/piradosbrand.com\/es\/wp-json\/wp\/v2\/media\/137303"}],"wp:attachment":[{"href":"https:\/\/piradosbrand.com\/es\/wp-json\/wp\/v2\/media?parent=137453"}],"wp:term":[{"taxonomy":"product_brand","embeddable":true,"href":"https:\/\/piradosbrand.com\/es\/wp-json\/wp\/v2\/product_brand?post=137453"},{"taxonomy":"product_cat","embeddable":true,"href":"https:\/\/piradosbrand.com\/es\/wp-json\/wp\/v2\/product_cat?post=137453"},{"taxonomy":"product_tag","embeddable":true,"href":"https:\/\/piradosbrand.com\/es\/wp-json\/wp\/v2\/product_tag?post=137453"}],"curies":[{"name":"wp","href":"https:\/\/api.w.org\/{rel}","templated":true}]}}