{"id":139906,"date":"2026-04-08T12:01:57","date_gmt":"2026-04-08T09:01:57","guid":{"rendered":"https:\/\/piradosbrand.com\/product\/pirados-fighting-jersey-4-colores\/"},"modified":"2026-04-08T13:17:40","modified_gmt":"2026-04-08T10:17:40","slug":"pirados-fighting-jersey-4-colores","status":"publish","type":"product","link":"https:\/\/piradosbrand.com\/es\/producto\/pirados-fighting-jersey-4-colores\/","title":{"rendered":"\u00abPirados Fighting\u00bb Jersey (4 colores)"},"content":{"rendered":"<p data-start=\"1301\" data-end=\"1352\">Ligera, transpirable y dise\u00f1ada para el movimiento.<\/p>\n<p data-start=\"1354\" data-end=\"1601\">Esta camiseta deportiva unisex est\u00e1 hecha de malla 100% poli\u00e9ster, dise\u00f1ada para mantenerte fresco y c\u00f3modo tanto durante el entrenamiento como en el uso diario. El tejido permite la circulaci\u00f3n del aire y al mismo tiempo es resistente y flexible.<\/p>\n<p data-start=\"1603\" data-end=\"1801\">El corte relaxed fit y el largo extendido ofrecen mejor cobertura y un ajuste natural. Las mangas ragl\u00e1n permiten total libertad de movimiento, y el cuello reforzado mantiene su forma con el tiempo.<\/p>\n<hr data-start=\"1803\" data-end=\"1806\" \/>\n<h2 data-section-id=\"o8icw7\" data-start=\"1808\" data-end=\"1823\"><span role=\"text\"><strong data-start=\"1811\" data-end=\"1823\">DETALLES<\/strong><\/span><\/h2>\n<ul data-start=\"1825\" data-end=\"2140\">\n<li data-section-id=\"14geczs\" data-start=\"1825\" data-end=\"1864\">100% poli\u00e9ster transpirable (malla)<\/li>\n<li data-section-id=\"abrpxp\" data-start=\"1865\" data-end=\"1894\">Peso del tejido: 140 g\/m\u00b2<\/li>\n<li data-section-id=\"1de2pun\" data-start=\"1895\" data-end=\"1916\">Corte relaxed fit<\/li>\n<li data-section-id=\"a76hgb\" data-start=\"1917\" data-end=\"1936\">Largo extendido<\/li>\n<li data-section-id=\"18k0580\" data-start=\"1937\" data-end=\"1961\">Mangas ragl\u00e1n cortas<\/li>\n<li data-section-id=\"cdoi3g\" data-start=\"1962\" data-end=\"1992\">Tejido el\u00e1stico y duradero<\/li>\n<li data-section-id=\"kad07r\" data-start=\"1993\" data-end=\"2032\">Construcci\u00f3n con costuras laterales<\/li>\n<li data-section-id=\"1d2ynf3\" data-start=\"2033\" data-end=\"2076\">Cuello reforzado para mayor durabilidad<\/li>\n<li data-section-id=\"qqmphx\" data-start=\"2077\" data-end=\"2103\">Cuello redondo cl\u00e1sico<\/li>\n<li data-section-id=\"1smln1k\" data-start=\"2104\" data-end=\"2140\">Producto base fabricado en China<\/li>\n<\/ul>\n<hr data-start=\"2142\" data-end=\"2145\" \/>\n<h2 data-section-id=\"zpqprt\" data-start=\"2147\" data-end=\"2160\"><span role=\"text\"><strong data-start=\"2150\" data-end=\"2160\">AJUSTE<\/strong><\/span><\/h2>\n<ul data-start=\"2162\" data-end=\"2230\">\n<li data-section-id=\"1yd7wmm\" data-start=\"2162\" data-end=\"2202\">Hombre: talla habitual (relaxed fit)<\/li>\n<li data-section-id=\"qwo2s\" data-start=\"2203\" data-end=\"2230\">Mujer: ajuste oversized<\/li>\n<\/ul>\n","protected":false},"excerpt":{"rendered":"<div class=\"text-base my-auto mx-auto [--thread-content-margin:var(--thread-content-margin-xs,calc(var(--spacing)*4))] @w-sm\/main:[--thread-content-margin:var(--thread-content-margin-sm,calc(var(--spacing)*6))] @w-lg\/main:[--thread-content-margin:var(--thread-content-margin-lg,calc(var(--spacing)*16))] px-(--thread-content-margin)\">\n<div class=\"[--thread-content-max-width:40rem] @w-lg\/main:[--thread-content-max-width:48rem] mx-auto max-w-(--thread-content-max-width) flex-1 group\/turn-messages focus-visible:outline-hidden relative flex w-full min-w-0 flex-col agent-turn\">\n<div class=\"flex max-w-full flex-col gap-4 grow\">\n<div class=\"min-h-8 text-message relative flex w-full flex-col items-end gap-2 text-start break-words whitespace-normal outline-none keyboard-focused:focus-ring [.text-message+&amp;]:mt-1\" dir=\"auto\" data-message-author-role=\"assistant\" data-message-id=\"89dea7d4-613d-4c0d-80a4-285d239c7ce4\" data-message-model-slug=\"gpt-5-3\">\n<div class=\"flex w-full flex-col gap-1 empty:hidden\">\n<div class=\"markdown prose dark:prose-invert w-full wrap-break-word dark markdown-new-styling\">\n<h2 data-section-id=\"1lf5uvw\" data-start=\"2237\" data-end=\"2263\"><span role=\"text\"><strong data-start=\"2240\" data-end=\"2263\">PRODUCCI\u00d3N LIMITADA<\/strong><\/span><\/h2>\n<p data-start=\"2265\" data-end=\"2362\">Solo se producir\u00e1n 300 unidades. Sin reposiciones. Sin segundo drop. Cuando se agota, se agota.<\/p>\n<p data-start=\"2364\" data-end=\"2567\" data-is-last-node=\"\" data-is-only-node=\"\">Cada prenda se fabrica bajo pedido. Producimos exactamente lo que vendemos \u2013 sin stock masivo ni sobreproducci\u00f3n.<br data-start=\"2477\" data-end=\"2480\" \/>Tiempo de producci\u00f3n: hasta 14 d\u00edas. Hecho de forma responsable. Hecho con intenci\u00f3n.<\/p>\n<\/div>\n<\/div>\n<\/div>\n<\/div>\n<\/div>\n<\/div>\n","protected":false},"featured_media":139858,"template":"","meta":[],"product_brand":[],"product_cat":[858,840,846,839,845,836],"product_tag":[],"class_list":{"0":"post-139906","1":"product","2":"type-product","3":"status-publish","4":"has-post-thumbnail","6":"product_cat-nuevos-productos","7":"product_cat-hombres","8":"product_cat-mujeres","9":"product_cat-para-la-lucha","10":"product_cat-para-la-lucha-es","11":"product_cat-todos-los-productos","13":"first","14":"instock","15":"taxable","16":"shipping-taxable","17":"purchasable","18":"product-type-variable"},"_links":{"self":[{"href":"https:\/\/piradosbrand.com\/es\/wp-json\/wp\/v2\/product\/139906","targetHints":{"allow":["GET"]}}],"collection":[{"href":"https:\/\/piradosbrand.com\/es\/wp-json\/wp\/v2\/product"}],"about":[{"href":"https:\/\/piradosbrand.com\/es\/wp-json\/wp\/v2\/types\/product"}],"wp:featuredmedia":[{"embeddable":true,"href":"https:\/\/piradosbrand.com\/es\/wp-json\/wp\/v2\/media\/139858"}],"wp:attachment":[{"href":"https:\/\/piradosbrand.com\/es\/wp-json\/wp\/v2\/media?parent=139906"}],"wp:term":[{"taxonomy":"product_brand","embeddable":true,"href":"https:\/\/piradosbrand.com\/es\/wp-json\/wp\/v2\/product_brand?post=139906"},{"taxonomy":"product_cat","embeddable":true,"href":"https:\/\/piradosbrand.com\/es\/wp-json\/wp\/v2\/product_cat?post=139906"},{"taxonomy":"product_tag","embeddable":true,"href":"https:\/\/piradosbrand.com\/es\/wp-json\/wp\/v2\/product_tag?post=139906"}],"curies":[{"name":"wp","href":"https:\/\/api.w.org\/{rel}","templated":true}]}}