{"id":140613,"date":"2026-05-05T12:18:49","date_gmt":"2026-05-05T09:18:49","guid":{"rendered":"https:\/\/piradosbrand.com\/product\/heart-queen-slip-on-mujer-2-0\/"},"modified":"2026-05-05T12:18:49","modified_gmt":"2026-05-05T09:18:49","slug":"heart-queen-slip-on-mujer-2-0","status":"publish","type":"product","link":"https:\/\/piradosbrand.com\/es\/producto\/heart-queen-slip-on-mujer-2-0\/","title":{"rendered":"\u201cHEART QUEEN\u201d SLIP-ON MUJER 2.0"},"content":{"rendered":"<p data-start=\"2375\" data-end=\"2745\">Los slip-on <strong data-start=\"2387\" data-end=\"2413\">Heart Queen para mujer<\/strong> son zapatillas c\u00f3modas y f\u00e1ciles de poner con el dise\u00f1o Pirados Heart Queen. La parte superior de canvas ligera, el forro transpirable y la suela flexible mantienen los pies c\u00f3modos durante todo el d\u00eda. Perfectas para la calle, la ciudad o el uso diario. Combinan perfectamente con todas las piezas de la <strong data-start=\"2719\" data-end=\"2744\">colecci\u00f3n Heart Queen<\/strong>.<\/p>\n<p data-start=\"2747\" data-end=\"2782\">P\u00f3ntelas. Sal. Mu\u00e9vete a tu manera.<\/p>\n<p data-section-id=\"64gomd\" data-start=\"2789\" data-end=\"2808\"><strong>CARACTER\u00cdSTICAS<\/strong><\/p>\n<p data-start=\"2810\" data-end=\"3185\">\u2022 Parte superior ligera de canvas<br data-start=\"2843\" data-end=\"2846\" \/>\u2022 Suela flexible de goma EVA<br data-start=\"2874\" data-end=\"2877\" \/>\u2022 Forro transpirable con plantilla suave extra\u00edble<br data-start=\"2927\" data-end=\"2930\" \/>\u2022 Paneles el\u00e1sticos laterales para calzarlas f\u00e1cilmente<br data-start=\"2985\" data-end=\"2988\" \/>\u2022 Cuello y leng\u00fceta acolchados para mayor comodidad<br data-start=\"3039\" data-end=\"3042\" \/>\u2022 Branding Pirados en la caja, plantilla y leng\u00fceta<br data-start=\"3093\" data-end=\"3096\" \/>\u2022 Impresas, cortadas y hechas a mano<br data-start=\"3132\" data-end=\"3135\" \/>\u2022 Combinan con todos los productos <strong data-start=\"3170\" data-end=\"3185\">Heart Queen<\/strong><\/p>\n<p data-section-id=\"1u7dnnx\" data-start=\"3192\" data-end=\"3204\"><strong>MATERIAL<\/strong><\/p>\n<p data-start=\"3206\" data-end=\"3270\">\u2022 Parte superior de canvas 100 % poli\u00e9ster<br data-start=\"3248\" data-end=\"3251\" \/>\u2022 Suela de goma EVA<\/p>\n","protected":false},"excerpt":{"rendered":"<p>Solo produciremos <strong data-start=\"3295\" data-end=\"3308\">300 pares<\/strong>. No habr\u00e1 reposiciones. Cuando se agoten, se acabaron. Cada par se fabrica bajo pedido. Tiempo de producci\u00f3n y entrega <strong data-start=\"3428\" data-end=\"3445\">hasta 28 d\u00edas<\/strong>.<\/p>\n","protected":false},"featured_media":140568,"template":"","meta":[],"product_brand":[],"product_cat":[858,1133,846,836],"product_tag":[],"class_list":{"0":"post-140613","1":"product","2":"type-product","3":"status-publish","4":"has-post-thumbnail","6":"product_cat-nuevos-productos","7":"product_cat-calzado-ladies","8":"product_cat-mujeres","9":"product_cat-todos-los-productos","11":"first","12":"instock","13":"taxable","14":"shipping-taxable","15":"purchasable","16":"product-type-variable"},"_links":{"self":[{"href":"https:\/\/piradosbrand.com\/es\/wp-json\/wp\/v2\/product\/140613","targetHints":{"allow":["GET"]}}],"collection":[{"href":"https:\/\/piradosbrand.com\/es\/wp-json\/wp\/v2\/product"}],"about":[{"href":"https:\/\/piradosbrand.com\/es\/wp-json\/wp\/v2\/types\/product"}],"wp:featuredmedia":[{"embeddable":true,"href":"https:\/\/piradosbrand.com\/es\/wp-json\/wp\/v2\/media\/140568"}],"wp:attachment":[{"href":"https:\/\/piradosbrand.com\/es\/wp-json\/wp\/v2\/media?parent=140613"}],"wp:term":[{"taxonomy":"product_brand","embeddable":true,"href":"https:\/\/piradosbrand.com\/es\/wp-json\/wp\/v2\/product_brand?post=140613"},{"taxonomy":"product_cat","embeddable":true,"href":"https:\/\/piradosbrand.com\/es\/wp-json\/wp\/v2\/product_cat?post=140613"},{"taxonomy":"product_tag","embeddable":true,"href":"https:\/\/piradosbrand.com\/es\/wp-json\/wp\/v2\/product_tag?post=140613"}],"curies":[{"name":"wp","href":"https:\/\/api.w.org\/{rel}","templated":true}]}}