{"id":2039,"date":"2016-07-25T19:57:58","date_gmt":"2016-07-25T16:57:58","guid":{"rendered":"http:\/\/piradosbrand.com\/et\/privacy-policy\/"},"modified":"2020-09-01T08:43:43","modified_gmt":"2020-09-01T05:43:43","slug":"privacy-policy","status":"publish","type":"page","link":"https:\/\/piradosbrand.com\/et\/privacy-policy\/","title":{"rendered":"Privaatsuspoliitika"},"content":{"rendered":"<div class=\"wpb-content-wrapper\"><p>[vc_row][vc_column][vc_column_text]1. Klient annab M\u00fc\u00fcjale selge ja teadliku n\u00f5usoleku oma isikuandmete t\u00f6\u00f6tlemiseks (nimi, aadress, e-mail ja telefoninumber).<\/p>\n<p>2. M\u00fc\u00fcjale teatavaks saanud isikuandmed kantakse kliendiregistrisse ja neid kasutatakse m\u00fc\u00fcgiteenuse osutamiseks ja Kliendile kauba pakkumiseks.<\/p>\n<p>3 M\u00fc\u00fcja s\u00e4ilitab Kliendi kohta ostude sooritamise k\u00e4igus Kliendi poolt sisestatud kontaktandmed ja info sooritatud ostude kohta. Seda infot k\u00e4sitletakse konfidentsiaalsena ja t\u00f6\u00f6deldakse koosk\u00f5las isikuandmete kaitse seadusega. Isikuandmed, mis on vajalikud Toodete Kliendile saatmiseks, edastakse kulleriteenust osutavale ettev\u00f5ttele.<\/p>\n<p>4. M\u00fc\u00fcja v\u00f5ib kasutada Kliendi isikuandmeid Kliendile eripakkumiste ja kampaaniate kohta info saatmiseks e-posti teel \u00fcksnes juhul, kui Klient on andnud selleks oma n\u00f5usoleku.<\/p>\n<p>5. Andmeside Kliendi ja pankade ning kaardimaksekeskuse vahel on kr\u00fcpteeritud, mis tagab Kliendi isikuandmete ja pangaandmete turvalisuse.<br \/>\nMakse teostamine toimub v\u00e4ljaspool E-poe keskkonda, vastava panga v\u00f5i teenusepakkuja turvalises maksekeskkonnas. E-poel puudub ligip\u00e4\u00e4s Kliendi pangaandmetele ja krediitkaardi andmetele. Leet Web O\u00dc ettev\u00f5te on isikuandmete vastutav t\u00f6\u00f6tleja, Leet Web O\u00dc ettev\u00f5te edastab maksete teostamiseks vajalikud isikuandmed volitatud t\u00f6\u00f6tleja Maksekeskus AS-le.<br \/>\nIsikuandmeid t\u00f6\u00f6tleb Leet Grupp O\u00dc, Peterburi tee 2,\u00a0Tallinn,\u00a011415, Estonia.\u00a0Reg. Nr. 14559834.[\/vc_column_text][\/vc_column][\/vc_row]<\/p>\n<\/div>","protected":false},"excerpt":{"rendered":"<p>[vc_row][vc_column][vc_column_text]1. Klient annab M\u00fc\u00fcjale selge ja teadliku n\u00f5usoleku oma isikuandmete t\u00f6\u00f6tlemiseks (nimi, aadress, e-mail ja telefoninumber). 2. M\u00fc\u00fcjale teatavaks saanud isikuandmed kantakse kliendiregistrisse ja neid kasutatakse m\u00fc\u00fcgiteenuse osutamiseks ja Kliendile kauba pakkumiseks. 3 M\u00fc\u00fcja s\u00e4ilitab Kliendi kohta ostude sooritamise k\u00e4igus Kliendi poolt sisestatud kontaktandmed ja info sooritatud ostude kohta. Seda infot k\u00e4sitletakse konfidentsiaalsena ja t\u00f6\u00f6deldakse [&hellip;]<\/p>\n","protected":false},"author":1,"featured_media":0,"parent":0,"menu_order":0,"comment_status":"closed","ping_status":"closed","template":"","meta":{"footnotes":""},"class_list":["post-2039","page","type-page","status-publish","hentry"],"_links":{"self":[{"href":"https:\/\/piradosbrand.com\/et\/wp-json\/wp\/v2\/pages\/2039","targetHints":{"allow":["GET"]}}],"collection":[{"href":"https:\/\/piradosbrand.com\/et\/wp-json\/wp\/v2\/pages"}],"about":[{"href":"https:\/\/piradosbrand.com\/et\/wp-json\/wp\/v2\/types\/page"}],"author":[{"embeddable":true,"href":"https:\/\/piradosbrand.com\/et\/wp-json\/wp\/v2\/users\/1"}],"replies":[{"embeddable":true,"href":"https:\/\/piradosbrand.com\/et\/wp-json\/wp\/v2\/comments?post=2039"}],"version-history":[{"count":7,"href":"https:\/\/piradosbrand.com\/et\/wp-json\/wp\/v2\/pages\/2039\/revisions"}],"predecessor-version":[{"id":58938,"href":"https:\/\/piradosbrand.com\/et\/wp-json\/wp\/v2\/pages\/2039\/revisions\/58938"}],"wp:attachment":[{"href":"https:\/\/piradosbrand.com\/et\/wp-json\/wp\/v2\/media?parent=2039"}],"curies":[{"name":"wp","href":"https:\/\/api.w.org\/{rel}","templated":true}]}}