{"id":105821,"date":"2025-11-19T07:58:20","date_gmt":"2024-03-16T10:49:21","guid":{"rendered":"https:\/\/piradosbrand.com\/?post_type=product&#038;p=105821"},"modified":"2026-02-13T16:45:10","modified_gmt":"2026-02-13T14:45:10","slug":"hoodie-pirados-tm-3-0-must-ja-valge-tikand","status":"publish","type":"product","link":"https:\/\/piradosbrand.com\/et\/toode\/hoodie-pirados-tm-3-0-must-ja-valge-tikand\/","title":{"rendered":"Hoodie &#8220;Pirados TM 3.0&#8221; Must ja Valge tikand"},"content":{"rendered":"","protected":false},"excerpt":{"rendered":"<p data-start=\"79\" data-end=\"354\">Hoodie \u201cPirados TM 3.0\u201d on bestseller \u2013 parimatest parim. M\u00f5nusalt pehme ja vastupidavast puuvillasegust kangast valmistatud pusa. Tootel on suur esitasku kahe peidetud lukuga, et raha, telefon ja v\u00f5tmed p\u00fcsiksid turvaliselt. Kahekordsel kapuutsil on laiad ja lamedad n\u00f6\u00f6rid.<\/p>\n<p data-start=\"356\" data-end=\"461\">Maailmas on neid pusasid vaid 300 tk.<br data-start=\"393\" data-end=\"396\" \/>Kui teile sobiv suurus on otsas, siis j\u00e4ite sellest tootest ilma.<\/p>\n<p data-start=\"463\" data-end=\"604\">Materjal: 65% puuvill \/ 35% pol\u00fcester<br data-start=\"500\" data-end=\"503\" \/>Kaal: 350 g\/m\u00b2<br data-start=\"517\" data-end=\"520\" \/>K\u00e4ngurutaskul on peidetud \u201eYKK\u201c lukud<br data-start=\"557\" data-end=\"560\" \/>Kujundused on tikitud<br data-start=\"581\" data-end=\"584\" \/>Kahekordne kapuuts<\/p>\n<p data-start=\"606\" data-end=\"633\">PALUN TUTVU SUURUSTABELIGA!<\/p>\n<p data-start=\"606\" data-end=\"633\"><img loading=\"lazy\" decoding=\"async\" class=\"alignnone size-full wp-image-105406\" src=\"https:\/\/piradosbrand.com\/wp-content\/uploads\/2022\/06\/000718_Hooded_Sweat.png\" alt=\"\" width=\"2146\" height=\"191\" srcset=\"https:\/\/piradosbrand.com\/wp-content\/uploads\/2022\/06\/000718_Hooded_Sweat.png 2146w, https:\/\/piradosbrand.com\/wp-content\/uploads\/2022\/06\/000718_Hooded_Sweat-300x27.png 300w, https:\/\/piradosbrand.com\/wp-content\/uploads\/2022\/06\/000718_Hooded_Sweat-1024x91.png 1024w, https:\/\/piradosbrand.com\/wp-content\/uploads\/2022\/06\/000718_Hooded_Sweat-768x68.png 768w, https:\/\/piradosbrand.com\/wp-content\/uploads\/2022\/06\/000718_Hooded_Sweat-1536x137.png 1536w, https:\/\/piradosbrand.com\/wp-content\/uploads\/2022\/06\/000718_Hooded_Sweat-2048x182.png 2048w, https:\/\/piradosbrand.com\/wp-content\/uploads\/2022\/06\/000718_Hooded_Sweat-480x43.png 480w\" sizes=\"auto, (max-width: 2146px) 100vw, 2146px\" \/><\/p>\n","protected":false},"featured_media":134821,"template":"","meta":[],"product_brand":[],"product_cat":[75,79,392,71,78,74],"product_tag":[85,96],"class_list":{"0":"post-105821","1":"product","2":"type-product","3":"status-publish","4":"has-post-thumbnail","6":"product_cat-dressipluusid-pusad","7":"product_cat-dressipluusid-pusad-et","8":"product_cat-kids-et","9":"product_cat-koik-tooted","10":"product_cat-mehed","11":"product_cat-naised","12":"product_tag-hoodie-et","13":"product_tag-sweatshirt-et","15":"first","16":"instock","17":"taxable","18":"shipping-taxable","19":"purchasable","20":"product-type-variable"},"_links":{"self":[{"href":"https:\/\/piradosbrand.com\/et\/wp-json\/wp\/v2\/product\/105821","targetHints":{"allow":["GET"]}}],"collection":[{"href":"https:\/\/piradosbrand.com\/et\/wp-json\/wp\/v2\/product"}],"about":[{"href":"https:\/\/piradosbrand.com\/et\/wp-json\/wp\/v2\/types\/product"}],"wp:featuredmedia":[{"embeddable":true,"href":"https:\/\/piradosbrand.com\/et\/wp-json\/wp\/v2\/media\/134821"}],"wp:attachment":[{"href":"https:\/\/piradosbrand.com\/et\/wp-json\/wp\/v2\/media?parent=105821"}],"wp:term":[{"taxonomy":"product_brand","embeddable":true,"href":"https:\/\/piradosbrand.com\/et\/wp-json\/wp\/v2\/product_brand?post=105821"},{"taxonomy":"product_cat","embeddable":true,"href":"https:\/\/piradosbrand.com\/et\/wp-json\/wp\/v2\/product_cat?post=105821"},{"taxonomy":"product_tag","embeddable":true,"href":"https:\/\/piradosbrand.com\/et\/wp-json\/wp\/v2\/product_tag?post=105821"}],"curies":[{"name":"wp","href":"https:\/\/api.w.org\/{rel}","templated":true}]}}