{"id":113645,"date":"2025-11-19T08:01:00","date_gmt":"2024-04-27T14:54:01","guid":{"rendered":"https:\/\/piradosbrand.com\/?post_type=product&#038;p=113645"},"modified":"2026-03-05T11:33:36","modified_gmt":"2026-03-05T09:33:36","slug":"slim-zip-hoodie-loko-4-0-x-estonia-hall","status":"publish","type":"product","link":"https:\/\/piradosbrand.com\/et\/toode\/slim-zip-hoodie-loko-4-0-x-estonia-hall\/","title":{"rendered":"Slim Zip Hoodie &#8220;LOKO 4.0 x ESTONIA&#8221; Hall"},"content":{"rendered":"","protected":false},"excerpt":{"rendered":"<p data-start=\"20\" data-end=\"259\"><strong data-start=\"20\" data-end=\"39\">PIIRATUD KOGUS!<\/strong> Maailmas on vaid 300 pusa. Telli enne, kui suurused otsa saavad. Toode on esinduspoe laos ja valmis saatmiseks. Paneme tellimuse teele maksimaalselt 2 t\u00f6\u00f6p\u00e4eva jooksul. Kui suurus on otsas, siis see toode on l\u00e4bi.<\/p>\n<p>77% puuvill \/ 15% viskoos \/ 8% elastaan<br \/>\nKaal: 320 g\/m\u00b2<br \/>\nFrench Terry<br \/>\nKujundused on tikitud<\/p>\n<p><strong>Palun tutvu suuruse tabeliga!<\/strong><\/p>\n<p><img loading=\"lazy\" decoding=\"async\" class=\"alignnone size-full wp-image-113619\" src=\"https:\/\/piradosbrand.com\/wp-content\/uploads\/2024\/04\/Slim_Hooded_zip.png\" alt=\"\" width=\"925\" height=\"118\" srcset=\"https:\/\/piradosbrand.com\/wp-content\/uploads\/2024\/04\/Slim_Hooded_zip.png 925w, https:\/\/piradosbrand.com\/wp-content\/uploads\/2024\/04\/Slim_Hooded_zip-300x38.png 300w, https:\/\/piradosbrand.com\/wp-content\/uploads\/2024\/04\/Slim_Hooded_zip-768x98.png 768w, https:\/\/piradosbrand.com\/wp-content\/uploads\/2024\/04\/Slim_Hooded_zip-480x61.png 480w\" sizes=\"auto, (max-width: 925px) 100vw, 925px\" \/><\/p>\n","protected":false},"featured_media":134711,"template":"","meta":[],"product_brand":[],"product_cat":[75,79,71,78,74,287],"product_tag":[875,585,85,874,96],"class_list":{"0":"post-113645","1":"product","2":"type-product","3":"status-publish","4":"has-post-thumbnail","6":"product_cat-dressipluusid-pusad","7":"product_cat-dressipluusid-pusad-et","8":"product_cat-koik-tooted","9":"product_cat-mehed","10":"product_cat-naised","11":"product_cat-new-products","12":"product_tag-eesti-et","13":"product_tag-estonia-et","14":"product_tag-hoodie-et","15":"product_tag-loko-et","16":"product_tag-sweatshirt-et","18":"first","19":"instock","20":"taxable","21":"shipping-taxable","22":"purchasable","23":"product-type-variable"},"_links":{"self":[{"href":"https:\/\/piradosbrand.com\/et\/wp-json\/wp\/v2\/product\/113645","targetHints":{"allow":["GET"]}}],"collection":[{"href":"https:\/\/piradosbrand.com\/et\/wp-json\/wp\/v2\/product"}],"about":[{"href":"https:\/\/piradosbrand.com\/et\/wp-json\/wp\/v2\/types\/product"}],"wp:featuredmedia":[{"embeddable":true,"href":"https:\/\/piradosbrand.com\/et\/wp-json\/wp\/v2\/media\/134711"}],"wp:attachment":[{"href":"https:\/\/piradosbrand.com\/et\/wp-json\/wp\/v2\/media?parent=113645"}],"wp:term":[{"taxonomy":"product_brand","embeddable":true,"href":"https:\/\/piradosbrand.com\/et\/wp-json\/wp\/v2\/product_brand?post=113645"},{"taxonomy":"product_cat","embeddable":true,"href":"https:\/\/piradosbrand.com\/et\/wp-json\/wp\/v2\/product_cat?post=113645"},{"taxonomy":"product_tag","embeddable":true,"href":"https:\/\/piradosbrand.com\/et\/wp-json\/wp\/v2\/product_tag?post=113645"}],"curies":[{"name":"wp","href":"https:\/\/api.w.org\/{rel}","templated":true}]}}