{"id":113698,"date":"2025-11-19T08:04:39","date_gmt":"2024-04-27T14:55:40","guid":{"rendered":"https:\/\/piradosbrand.com\/?post_type=product&#038;p=113698"},"modified":"2026-02-13T16:12:32","modified_gmt":"2026-02-13T14:12:32","slug":"slim-hoodie-loko-4-0-x-estonia-must","status":"publish","type":"product","link":"https:\/\/piradosbrand.com\/et\/toode\/slim-hoodie-loko-4-0-x-estonia-must\/","title":{"rendered":"Slim Hoodie &#8220;LOKO 4.0 x ESTONIA&#8221; Must"},"content":{"rendered":"","protected":false},"excerpt":{"rendered":"<p data-start=\"45\" data-end=\"141\"><strong data-start=\"45\" data-end=\"64\">PIIRATUD KOGUS!<\/strong><br data-start=\"64\" data-end=\"67\" \/>Maailmas on seda pusa vaid 300 tk. Telli enne, kui suurused otsa saavad.<\/p>\n<p data-start=\"143\" data-end=\"250\">Toode on esinduspoe laos ja valmis saatmiseks.<br data-start=\"189\" data-end=\"192\" \/>Paneme tellimuse teele maksimaalselt 2 t\u00f6\u00f6p\u00e4eva jooksul.<\/p>\n<p data-start=\"252\" data-end=\"304\">Kui suurus on otsas, siis sellest tootest j\u00e4id ilma.<\/p>\n<p data-start=\"306\" data-end=\"388\">92% puuvill, 8% elastaan<br data-start=\"330\" data-end=\"333\" \/>Kaal: 320 g\/m\u00b2<br data-start=\"347\" data-end=\"350\" \/>French Terry<br data-start=\"362\" data-end=\"365\" \/>Kujundused on tikitud<\/p>\n<p data-start=\"390\" data-end=\"417\" data-is-last-node=\"\" data-is-only-node=\"\">PALUN TUTVU SUURUSTABELIGA!<\/p>\n<p><img loading=\"lazy\" decoding=\"async\" class=\"alignnone size-full wp-image-113619\" src=\"https:\/\/piradosbrand.com\/wp-content\/uploads\/2024\/04\/Slim_Hooded_zip.png\" alt=\"\" width=\"925\" height=\"118\" srcset=\"https:\/\/piradosbrand.com\/wp-content\/uploads\/2024\/04\/Slim_Hooded_zip.png 925w, https:\/\/piradosbrand.com\/wp-content\/uploads\/2024\/04\/Slim_Hooded_zip-300x38.png 300w, https:\/\/piradosbrand.com\/wp-content\/uploads\/2024\/04\/Slim_Hooded_zip-768x98.png 768w, https:\/\/piradosbrand.com\/wp-content\/uploads\/2024\/04\/Slim_Hooded_zip-480x61.png 480w\" sizes=\"auto, (max-width: 925px) 100vw, 925px\" \/><\/p>\n","protected":false},"featured_media":134667,"template":"","meta":[],"product_brand":[],"product_cat":[79,75,71,78,74,287],"product_tag":[875,585,85,874,96],"class_list":{"0":"post-113698","1":"product","2":"type-product","3":"status-publish","4":"has-post-thumbnail","6":"product_cat-dressipluusid-pusad-et","7":"product_cat-dressipluusid-pusad","8":"product_cat-koik-tooted","9":"product_cat-mehed","10":"product_cat-naised","11":"product_cat-new-products","12":"product_tag-eesti-et","13":"product_tag-estonia-et","14":"product_tag-hoodie-et","15":"product_tag-loko-et","16":"product_tag-sweatshirt-et","18":"first","19":"instock","20":"taxable","21":"shipping-taxable","22":"purchasable","23":"product-type-variable"},"_links":{"self":[{"href":"https:\/\/piradosbrand.com\/et\/wp-json\/wp\/v2\/product\/113698","targetHints":{"allow":["GET"]}}],"collection":[{"href":"https:\/\/piradosbrand.com\/et\/wp-json\/wp\/v2\/product"}],"about":[{"href":"https:\/\/piradosbrand.com\/et\/wp-json\/wp\/v2\/types\/product"}],"wp:featuredmedia":[{"embeddable":true,"href":"https:\/\/piradosbrand.com\/et\/wp-json\/wp\/v2\/media\/134667"}],"wp:attachment":[{"href":"https:\/\/piradosbrand.com\/et\/wp-json\/wp\/v2\/media?parent=113698"}],"wp:term":[{"taxonomy":"product_brand","embeddable":true,"href":"https:\/\/piradosbrand.com\/et\/wp-json\/wp\/v2\/product_brand?post=113698"},{"taxonomy":"product_cat","embeddable":true,"href":"https:\/\/piradosbrand.com\/et\/wp-json\/wp\/v2\/product_cat?post=113698"},{"taxonomy":"product_tag","embeddable":true,"href":"https:\/\/piradosbrand.com\/et\/wp-json\/wp\/v2\/product_tag?post=113698"}],"curies":[{"name":"wp","href":"https:\/\/api.w.org\/{rel}","templated":true}]}}