{"id":113783,"date":"2025-11-19T08:03:14","date_gmt":"2024-04-27T15:04:15","guid":{"rendered":"https:\/\/piradosbrand.com\/?post_type=product&#038;p=113783"},"modified":"2026-03-10T20:50:16","modified_gmt":"2026-03-10T18:50:16","slug":"slim-hoodie-loko-4-0-x-estonia-hall","status":"publish","type":"product","link":"https:\/\/piradosbrand.com\/et\/toode\/slim-hoodie-loko-4-0-x-estonia-hall\/","title":{"rendered":"Slim Hoodie &#8220;LOKO 4.0 x Estonia&#8221; Hall"},"content":{"rendered":"","protected":false},"excerpt":{"rendered":"<p data-start=\"20\" data-end=\"106\"><strong data-start=\"20\" data-end=\"39\">PIIRATUD KOGUS!<\/strong> Maailmas on vaid 300 pusa. Telli enne, kui suurused otsa saavad.<\/p>\n<p data-start=\"108\" data-end=\"215\">Toode on esinduspoe laos ja valmis saatmiseks.<br data-start=\"154\" data-end=\"157\" \/>Paneme tellimuse teele maksimaalselt 2 t\u00f6\u00f6p\u00e4eva jooksul.<\/p>\n<p data-start=\"217\" data-end=\"263\">Kui suurus on otsas, siis see toode on l\u00e4bi.<\/p>\n<p data-start=\"265\" data-end=\"347\">77% kammitud puuvill \/ 15% viskoos \/ 8% elastaan<br data-start=\"313\" data-end=\"316\" \/>Kaal: 320 g\/m\u00b2<br data-start=\"330\" data-end=\"333\" \/>French Terry<\/p>\n<p data-start=\"349\" data-end=\"373\">Kujundused on tikitud.<\/p>\n<p data-start=\"375\" data-end=\"404\">PALUN TUTVU SUURUSTABELIGA!<\/p>\n<p><img loading=\"lazy\" decoding=\"async\" class=\"alignnone size-full wp-image-113619\" src=\"https:\/\/piradosbrand.com\/wp-content\/uploads\/2024\/04\/Slim_Hooded_zip.png\" alt=\"\" width=\"925\" height=\"118\" srcset=\"https:\/\/piradosbrand.com\/wp-content\/uploads\/2024\/04\/Slim_Hooded_zip.png 925w, https:\/\/piradosbrand.com\/wp-content\/uploads\/2024\/04\/Slim_Hooded_zip-300x38.png 300w, https:\/\/piradosbrand.com\/wp-content\/uploads\/2024\/04\/Slim_Hooded_zip-768x98.png 768w, https:\/\/piradosbrand.com\/wp-content\/uploads\/2024\/04\/Slim_Hooded_zip-480x61.png 480w\" sizes=\"auto, (max-width: 925px) 100vw, 925px\" \/><\/p>\n","protected":false},"featured_media":134695,"template":"","meta":[],"product_brand":[],"product_cat":[79,75,71,78,74,287],"product_tag":[875,585,85,874,96],"class_list":{"0":"post-113783","1":"product","2":"type-product","3":"status-publish","4":"has-post-thumbnail","6":"product_cat-dressipluusid-pusad-et","7":"product_cat-dressipluusid-pusad","8":"product_cat-koik-tooted","9":"product_cat-mehed","10":"product_cat-naised","11":"product_cat-new-products","12":"product_tag-eesti-et","13":"product_tag-estonia-et","14":"product_tag-hoodie-et","15":"product_tag-loko-et","16":"product_tag-sweatshirt-et","18":"first","19":"instock","20":"taxable","21":"shipping-taxable","22":"purchasable","23":"product-type-variable"},"_links":{"self":[{"href":"https:\/\/piradosbrand.com\/et\/wp-json\/wp\/v2\/product\/113783","targetHints":{"allow":["GET"]}}],"collection":[{"href":"https:\/\/piradosbrand.com\/et\/wp-json\/wp\/v2\/product"}],"about":[{"href":"https:\/\/piradosbrand.com\/et\/wp-json\/wp\/v2\/types\/product"}],"wp:featuredmedia":[{"embeddable":true,"href":"https:\/\/piradosbrand.com\/et\/wp-json\/wp\/v2\/media\/134695"}],"wp:attachment":[{"href":"https:\/\/piradosbrand.com\/et\/wp-json\/wp\/v2\/media?parent=113783"}],"wp:term":[{"taxonomy":"product_brand","embeddable":true,"href":"https:\/\/piradosbrand.com\/et\/wp-json\/wp\/v2\/product_brand?post=113783"},{"taxonomy":"product_cat","embeddable":true,"href":"https:\/\/piradosbrand.com\/et\/wp-json\/wp\/v2\/product_cat?post=113783"},{"taxonomy":"product_tag","embeddable":true,"href":"https:\/\/piradosbrand.com\/et\/wp-json\/wp\/v2\/product_tag?post=113783"}],"curies":[{"name":"wp","href":"https:\/\/api.w.org\/{rel}","templated":true}]}}