{"id":113837,"date":"2025-11-19T08:00:10","date_gmt":"2024-04-27T15:10:11","guid":{"rendered":"https:\/\/piradosbrand.com\/?post_type=product&#038;p=113837"},"modified":"2026-04-17T01:32:40","modified_gmt":"2026-04-16T22:32:40","slug":"slim-dressipuksid-loko-4-0-must","status":"publish","type":"product","link":"https:\/\/piradosbrand.com\/et\/toode\/slim-dressipuksid-loko-4-0-must\/","title":{"rendered":"SLIM dressip\u00fcksid &#8220;LOKO 4.0&#8221; Must"},"content":{"rendered":"","protected":false},"excerpt":{"rendered":"<p data-start=\"116\" data-end=\"268\">Minimalistliku joone ja tugeva hoiakuga slim sweatpants, mis istuvad puhtalt ja hoiavad vormi. Sobivad nii t\u00e4navale, trenni kui igap\u00e4evaseks kandmiseks.<\/p>\n<p data-start=\"270\" data-end=\"297\">Lihtne. Puhas. Enesekindel.<\/p>\n<p data-start=\"299\" data-end=\"395\"><strong data-start=\"299\" data-end=\"319\">LIMITED EDITION!<\/strong><br data-start=\"319\" data-end=\"322\" \/>Maailmas on neid p\u00fckse vaid 300 tk. Telli enne, kui suurused otsa saavad.<\/p>\n<p data-start=\"397\" data-end=\"511\">Need p\u00fcksid on esinduspoe laos ja valmis postitamiseks.<br data-start=\"452\" data-end=\"455\" \/>Paneme tellimuse teele maksimaalselt 2 t\u00f6\u00f6p\u00e4eva jooksul.<\/p>\n<p data-start=\"513\" data-end=\"574\">Kui suurus on otsas, siis ongi otsas. J\u00e4reltellimust ei tule.<\/p>\n<p data-start=\"576\" data-end=\"658\">92% puuvill, 8% elastaan<br data-start=\"600\" data-end=\"603\" \/>Kaal: 320 g\/m\u00b2<br data-start=\"617\" data-end=\"620\" \/>French Terry<br data-start=\"632\" data-end=\"635\" \/>Kujundused on tikitud<\/p>\n<p data-start=\"660\" data-end=\"687\" data-is-last-node=\"\" data-is-only-node=\"\">PALUN TUTVU SUURUSTABELIGA!<\/p>\n<p>Palun tutvu suuruse tabeliga!<\/p>\n<p><img loading=\"lazy\" decoding=\"async\" class=\"alignnone size-full wp-image-113943\" src=\"https:\/\/piradosbrand.com\/wp-content\/uploads\/2024\/04\/Slim_sweat_pants.jpg\" alt=\"\" width=\"882\" height=\"140\" srcset=\"https:\/\/piradosbrand.com\/wp-content\/uploads\/2024\/04\/Slim_sweat_pants.jpg 882w, https:\/\/piradosbrand.com\/wp-content\/uploads\/2024\/04\/Slim_sweat_pants-300x48.jpg 300w, https:\/\/piradosbrand.com\/wp-content\/uploads\/2024\/04\/Slim_sweat_pants-768x122.jpg 768w, https:\/\/piradosbrand.com\/wp-content\/uploads\/2024\/04\/Slim_sweat_pants-480x76.jpg 480w\" sizes=\"auto, (max-width: 882px) 100vw, 882px\" \/><\/p>\n","protected":false},"featured_media":134727,"template":"","meta":[],"product_brand":[],"product_cat":[71,78,74,77,82,287],"product_tag":[578,874,89,535],"class_list":{"0":"post-113837","1":"product","2":"type-product","3":"status-publish","4":"has-post-thumbnail","6":"product_cat-koik-tooted","7":"product_cat-mehed","8":"product_cat-naised","9":"product_cat-puksid","10":"product_cat-puksid-et","11":"product_cat-new-products","12":"product_tag-joggers-et","13":"product_tag-loko-et","14":"product_tag-long-pants-et","15":"product_tag-sweatpants-et","17":"first","18":"instock","19":"taxable","20":"shipping-taxable","21":"purchasable","22":"product-type-variable"},"_links":{"self":[{"href":"https:\/\/piradosbrand.com\/et\/wp-json\/wp\/v2\/product\/113837","targetHints":{"allow":["GET"]}}],"collection":[{"href":"https:\/\/piradosbrand.com\/et\/wp-json\/wp\/v2\/product"}],"about":[{"href":"https:\/\/piradosbrand.com\/et\/wp-json\/wp\/v2\/types\/product"}],"wp:featuredmedia":[{"embeddable":true,"href":"https:\/\/piradosbrand.com\/et\/wp-json\/wp\/v2\/media\/134727"}],"wp:attachment":[{"href":"https:\/\/piradosbrand.com\/et\/wp-json\/wp\/v2\/media?parent=113837"}],"wp:term":[{"taxonomy":"product_brand","embeddable":true,"href":"https:\/\/piradosbrand.com\/et\/wp-json\/wp\/v2\/product_brand?post=113837"},{"taxonomy":"product_cat","embeddable":true,"href":"https:\/\/piradosbrand.com\/et\/wp-json\/wp\/v2\/product_cat?post=113837"},{"taxonomy":"product_tag","embeddable":true,"href":"https:\/\/piradosbrand.com\/et\/wp-json\/wp\/v2\/product_tag?post=113837"}],"curies":[{"name":"wp","href":"https:\/\/api.w.org\/{rel}","templated":true}]}}