{"id":113896,"date":"2025-11-19T08:00:33","date_gmt":"2024-04-27T15:26:34","guid":{"rendered":"https:\/\/piradosbrand.com\/?post_type=product&#038;p=113896"},"modified":"2026-04-18T19:38:10","modified_gmt":"2026-04-18T16:38:10","slug":"slim-dressipuksid-loko-4-0-x-estonia-hall","status":"publish","type":"product","link":"https:\/\/piradosbrand.com\/et\/toode\/slim-dressipuksid-loko-4-0-x-estonia-hall\/","title":{"rendered":"Slim dressip\u00fcksid &#8220;LOKO 4.0 x ESTONIA&#8221; Hall"},"content":{"rendered":"","protected":false},"excerpt":{"rendered":"<p data-start=\"721\" data-end=\"865\">Slim-fit p\u00fcksid, mis hoiavad vormi ja liiguvad sinuga kaasa. Sobivad t\u00e4navale, trenni ja igap\u00e4evaseks kandmiseks.<\/p>\n<p data-start=\"895\" data-end=\"1014\"><strong data-start=\"895\" data-end=\"913\">PIIRATUD KOGUS! <\/strong>Maailmas vaid 300 tk. Kui sinu suurus on otsas, siis see toode on l\u00e4bi &#8211; j\u00e4reltellimust ei tule.<\/p>\n<p data-start=\"1016\" data-end=\"1121\">Toode on esinduspoe laos ja valmis saatmiseks. Paneme tellimuse teele maksimaalselt 2 t\u00f6\u00f6p\u00e4eva jooksul.<\/p>\n<p data-start=\"1123\" data-end=\"1229\">77% kammitud puuvill \/ 15% viskoos \/ 8% elastaan<br data-start=\"1171\" data-end=\"1174\" \/>Kaal: 320 g\/m\u00b2<br data-start=\"1188\" data-end=\"1191\" \/>French Terry<br data-start=\"1203\" data-end=\"1206\" \/>Kujundused on tikitud<\/p>\n<p data-start=\"1231\" data-end=\"1258\">PALUN TUTVU SUURUSTABELIGA!<\/p>\n<p><img loading=\"lazy\" decoding=\"async\" class=\"alignnone size-full wp-image-113943\" src=\"https:\/\/piradosbrand.com\/wp-content\/uploads\/2024\/04\/Slim_sweat_pants.jpg\" alt=\"\" width=\"882\" height=\"140\" srcset=\"https:\/\/piradosbrand.com\/wp-content\/uploads\/2024\/04\/Slim_sweat_pants.jpg 882w, https:\/\/piradosbrand.com\/wp-content\/uploads\/2024\/04\/Slim_sweat_pants-300x48.jpg 300w, https:\/\/piradosbrand.com\/wp-content\/uploads\/2024\/04\/Slim_sweat_pants-768x122.jpg 768w, https:\/\/piradosbrand.com\/wp-content\/uploads\/2024\/04\/Slim_sweat_pants-480x76.jpg 480w\" sizes=\"auto, (max-width: 882px) 100vw, 882px\" \/><\/p>\n","protected":false},"featured_media":134719,"template":"","meta":[],"product_brand":[],"product_cat":[71,78,74,77,82,246,287],"product_tag":[578,874,89,535],"class_list":{"0":"post-113896","1":"product","2":"type-product","3":"status-publish","4":"has-post-thumbnail","6":"product_cat-koik-tooted","7":"product_cat-mehed","8":"product_cat-naised","9":"product_cat-puksid","10":"product_cat-puksid-et","11":"product_cat-soodus","12":"product_cat-new-products","13":"product_tag-joggers-et","14":"product_tag-loko-et","15":"product_tag-long-pants-et","16":"product_tag-sweatpants-et","18":"first","19":"instock","20":"taxable","21":"shipping-taxable","22":"purchasable","23":"product-type-variable"},"_links":{"self":[{"href":"https:\/\/piradosbrand.com\/et\/wp-json\/wp\/v2\/product\/113896","targetHints":{"allow":["GET"]}}],"collection":[{"href":"https:\/\/piradosbrand.com\/et\/wp-json\/wp\/v2\/product"}],"about":[{"href":"https:\/\/piradosbrand.com\/et\/wp-json\/wp\/v2\/types\/product"}],"wp:featuredmedia":[{"embeddable":true,"href":"https:\/\/piradosbrand.com\/et\/wp-json\/wp\/v2\/media\/134719"}],"wp:attachment":[{"href":"https:\/\/piradosbrand.com\/et\/wp-json\/wp\/v2\/media?parent=113896"}],"wp:term":[{"taxonomy":"product_brand","embeddable":true,"href":"https:\/\/piradosbrand.com\/et\/wp-json\/wp\/v2\/product_brand?post=113896"},{"taxonomy":"product_cat","embeddable":true,"href":"https:\/\/piradosbrand.com\/et\/wp-json\/wp\/v2\/product_cat?post=113896"},{"taxonomy":"product_tag","embeddable":true,"href":"https:\/\/piradosbrand.com\/et\/wp-json\/wp\/v2\/product_tag?post=113896"}],"curies":[{"name":"wp","href":"https:\/\/api.w.org\/{rel}","templated":true}]}}