{"id":132401,"date":"2025-12-19T06:59:34","date_gmt":"2025-12-19T04:59:35","guid":{"rendered":"https:\/\/piradosbrand.com\/?post_type=product&#038;p=132401"},"modified":"2026-01-02T14:39:15","modified_gmt":"2026-01-02T12:39:15","slug":"pirados-strictly-limited-edition-2025-1-oz-999-hobemunt","status":"publish","type":"product","link":"https:\/\/piradosbrand.com\/et\/toode\/pirados-strictly-limited-edition-2025-1-oz-999-hobemunt\/","title":{"rendered":"Pirados\u00ae Strictly Limited Edition 2025 &#8211; 1 oz 999 h\u00f5bem\u00fcnt"},"content":{"rendered":"<p class=\"p1\"><span class=\"s1\">Pirados\u00ae Strictly Limited Edition 2025 h\u00f5bem\u00fcnt<\/span><span class=\"s2\"> on eksklusiivne kollektsioneeritav ese, mis s\u00fcmboliseerib lojaalsust, j\u00f5udu ja iseseisvat m\u00f5tteviisi &#8211; v\u00e4\u00e4rtusi, mis on Piradose DNA osa.<\/span><\/p>\n<p class=\"p1\"><span class=\"s2\">M\u00fcnt on valmistatud <\/span><span class=\"s1\">1 troy untsist (1 oz) 999 puhtast h\u00f5bedast<\/span><span class=\"s2\"> ning kuulub <\/span><span class=\"s1\">\u00e4\u00e4rmiselt piiratud 2025. aasta seeriasse, kokku vaid 9 eksemplari kogu maailmas<\/span><span class=\"s2\">. Iga m\u00fcnt on <\/span><span class=\"s1\">individuaalse seerianumbriga<\/span><span class=\"s2\">, muutes iga eksemplari ainulaadseks ja kordumatuks.<\/span><\/p>\n<p class=\"p1\"><span class=\"s2\">\u00dchel poolel on Pirados \u00a0signatuurlogo koos m\u00e4rgistusega <\/span><span class=\"s1\">\u201cStrictly Limited Edition\u201d<\/span><span class=\"s2\">, teisel poolel Piradose ikooniline s\u00fcmboolika ja moto:<\/span><\/p>\n<p class=\"p1\"><span class=\"s1\">\u201cDon\u2019t play with souls nor guns. Hold<\/span><span class=\"s1\">\u00a0your friends and loved ones.\u201d<\/span><\/p>\n<p class=\"p1\"><span class=\"s2\">Iga m\u00fcnt on:<\/span><\/p>\n<ul>\n<li>\n<p class=\"p1\"><span class=\"s1\">kaitstud <\/span><span class=\"s2\">l\u00e4bipaistvas kapslis<\/span><\/p>\n<\/li>\n<li>\n<p class=\"p1\"><span class=\"s1\">paigutatud <\/span><span class=\"s2\">Pirados\u00ae premium musta karpi<\/span><\/p>\n<\/li>\n<li>\n<p class=\"p1\"><span class=\"s1\">varustatud <\/span><span class=\"s2\">sertifikaadi ja spetsifikatsioonikaardiga<\/span><\/p>\n<\/li>\n<\/ul>\n<p class=\"p1\"><span class=\"s2\">See ei ole lihtsalt h\u00f5be &#8211; see on <\/span><span class=\"s1\">Piradose statement<\/span><span class=\"s2\">, loodud neile, kes v\u00e4\u00e4rtustavad iseloomu, lojaalsust ja piiratud koguses loodud esemeid.<\/span><\/p>\n<h2><span class=\"s1\">V\u00e4ljalase ja seerianumbrid (2025)<\/span><\/h2>\n<p class=\"p1\"><span class=\"s1\">Kokku valmistatakse:<\/span> <span class=\"s1\">9 m\u00fcnti<\/span><\/p>\n<ul>\n<li>\n<p class=\"p1\"><span class=\"s1\">01\/09<\/span><span class=\"s2\"> &#8211; reserveeritud <\/span><span class=\"s1\">Piradose aastal\u00f5pu loosim\u00e4ngu peav\u00f5idu kingikarpi<\/span><span class=\"s2\"> (m\u00fc\u00fcki ei tule)<\/span><\/p>\n<\/li>\n<li>\n<p class=\"p1\"><span class=\"s1\">02\/09<\/span><span class=\"s2\"> &#8211;\u00a0<\/span><span class=\"s1\">koheselt saadaval<\/span><\/p>\n<\/li>\n<li>\n<p class=\"p1\"><span class=\"s1\">03\/09 &#8211; 09\/09<\/span><span class=\"s2\"> &#8211;\u00a0<\/span><span class=\"s1\">valmistatakse tellimuse alusel<\/span><\/p>\n<p class=\"p1\"><span class=\"s2\">Tootmise ja tarne aeg: <\/span><span class=\"s1\">kuni 30 p\u00e4eva<\/span><\/p>\n<\/li>\n<\/ul>\n<p class=\"p1\"><span class=\"s2\">K\u00f5ik m\u00fcndid <\/span><span class=\"s1\">valmistatakse Eestis<\/span><span class=\"s2\">, tagades kontrollitud kvaliteedi ja autentsuse.<\/span><\/p>\n<h2><span class=\"s1\">Tehnilised andmed<\/span><\/h2>\n<ul>\n<li>\n<p class=\"p1\"><span class=\"s1\">Materjal:<\/span><span class=\"s2\"> 999 puhas h\u00f5be<\/span><\/p>\n<\/li>\n<li>\n<p class=\"p1\"><span class=\"s1\">Kaal:<\/span><span class=\"s2\"> 1 oz (31,1 g)<\/span><\/p>\n<\/li>\n<li>\n<p class=\"p1\"><span class=\"s1\">Aasta:<\/span><span class=\"s2\"> 2025<\/span><\/p>\n<\/li>\n<li>\n<p class=\"p1\"><span class=\"s1\">V\u00e4ljalase:<\/span><span class=\"s2\"> Strictly Limited (9 tk)<\/span><\/p>\n<\/li>\n<li>\n<p class=\"p1\"><span class=\"s1\">Seerianumber:<\/span><span class=\"s2\"> individuaalne<\/span><\/p>\n<\/li>\n<li>\n<p class=\"p1\"><span class=\"s1\">P\u00e4ritolu:<\/span><span class=\"s2\"> Valmistatud Eestis<\/span><\/p>\n<\/li>\n<\/ul>\n<h2><span class=\"s1\">Miks see m\u00fcnt on eriline<\/span><\/h2>\n<ul>\n<li>\n<p class=\"p1\"><span class=\"s1\">\u00c4\u00e4rmiselt piiratud kogus (vaid 9 tk)<\/span><\/p>\n<\/li>\n<li>\n<p class=\"p1\"><span class=\"s1\">Individuaalne seerianumber<\/span><\/p>\n<\/li>\n<li>\n<p class=\"p1\"><span class=\"s1\">F\u00fc\u00fcsiline h\u00f5be kui v\u00e4\u00e4rtuse kandja<\/span><\/p>\n<\/li>\n<li>\n<p class=\"p1\"><span class=\"s1\">Tugev br\u00e4ndi- ja kultuuriline t\u00e4hendus<\/span><\/p>\n<\/li>\n<li>\n<p class=\"p1\"><span class=\"s1\">Premium pakend &#8211; sobib kollektsioneerimiseks ja kingituseks<\/span><\/p>\n<\/li>\n<\/ul>\n","protected":false},"excerpt":{"rendered":"<p>Pirados\u00ae Strictly Limited Edition 2025 h\u00f5bem\u00fcnt on eksklusiivne kollektsioneeritav ese, mis s\u00fcmboliseerib lojaalsust, j\u00f5udu ja iseseisvat m\u00f5tteviisi &#8211; v\u00e4\u00e4rtusi, mis on Piradose DNA osa. M\u00fcnt on valmistatud 1 troy untsist (1 oz) 999 puhtast h\u00f5bedast ning kuulub \u00e4\u00e4rmiselt piiratud 2025. aasta seeriasse, kokku vaid 9 eksemplari kogu maailmas. Iga m\u00fcnt on individuaalse seerianumbriga, muutes iga [&hellip;]<\/p>\n","protected":false},"featured_media":132455,"template":"","meta":[],"product_brand":[],"product_cat":[305,71,287],"product_tag":[875,585,1486,530],"class_list":{"0":"post-132401","1":"product","2":"type-product","3":"status-publish","4":"has-post-thumbnail","6":"product_cat-eelmuuk","7":"product_cat-koik-tooted","8":"product_cat-new-products","9":"product_tag-eesti-et","10":"product_tag-estonia-et","11":"product_tag-hobemunt","12":"product_tag-pirados-et","14":"first","15":"instock","16":"taxable","17":"shipping-taxable","18":"purchasable","19":"product-type-variable","20":"has-default-attributes"},"_links":{"self":[{"href":"https:\/\/piradosbrand.com\/et\/wp-json\/wp\/v2\/product\/132401","targetHints":{"allow":["GET"]}}],"collection":[{"href":"https:\/\/piradosbrand.com\/et\/wp-json\/wp\/v2\/product"}],"about":[{"href":"https:\/\/piradosbrand.com\/et\/wp-json\/wp\/v2\/types\/product"}],"wp:featuredmedia":[{"embeddable":true,"href":"https:\/\/piradosbrand.com\/et\/wp-json\/wp\/v2\/media\/132455"}],"wp:attachment":[{"href":"https:\/\/piradosbrand.com\/et\/wp-json\/wp\/v2\/media?parent=132401"}],"wp:term":[{"taxonomy":"product_brand","embeddable":true,"href":"https:\/\/piradosbrand.com\/et\/wp-json\/wp\/v2\/product_brand?post=132401"},{"taxonomy":"product_cat","embeddable":true,"href":"https:\/\/piradosbrand.com\/et\/wp-json\/wp\/v2\/product_cat?post=132401"},{"taxonomy":"product_tag","embeddable":true,"href":"https:\/\/piradosbrand.com\/et\/wp-json\/wp\/v2\/product_tag?post=132401"}],"curies":[{"name":"wp","href":"https:\/\/api.w.org\/{rel}","templated":true}]}}