{"id":133891,"date":"2026-02-08T16:28:58","date_gmt":"2026-02-08T14:28:59","guid":{"rendered":"https:\/\/piradosbrand.com\/?post_type=product&#038;p=133891"},"modified":"2026-02-08T20:06:08","modified_gmt":"2026-02-08T18:06:08","slug":"graffiti-cat-tag-lameda-nokaga-snapback","status":"publish","type":"product","link":"https:\/\/piradosbrand.com\/et\/toode\/graffiti-cat-tag-lameda-nokaga-snapback\/","title":{"rendered":"&#8220;GRAFFITI CAT TAG&#8221; &#8211; lameda nokaga snapback"},"content":{"rendered":"","protected":false},"excerpt":{"rendered":"<p data-start=\"122\" data-end=\"159\"><strong data-start=\"122\" data-end=\"159\">RANGELT PIIRATUD \u2022 AINULT EELM\u00dc\u00dcK<\/strong><\/p>\n<p data-start=\"161\" data-end=\"185\">See ei ole masstootmine.<\/p>\n<p data-start=\"187\" data-end=\"289\">See premium-kvaliteediga lameda nokaga snapback-m\u00fcts on loodud ainult neile, kes liiguvad omas r\u00fctmis.<\/p>\n<p data-start=\"291\" data-end=\"416\">Avame eelm\u00fc\u00fcgi, et iga\u00fcks saaks kindlustada endale \u00f5ige suuruse.<\/p>\n<p>Kui <strong data-start=\"362\" data-end=\"375\">300 m\u00fctsi<\/strong> on m\u00fc\u00fcdud, <strong data-start=\"387\" data-end=\"415\">sulgub eelm\u00fc\u00fck j\u00e4\u00e4davalt<\/strong>.<\/p>\n<p data-start=\"418\" data-end=\"484\">Ei mingeid j\u00e4reltootmisi.<br data-start=\"443\" data-end=\"446\" \/>Ei teist drop\u2019i.<br data-start=\"462\" data-end=\"465\" \/>Ei teist v\u00f5imalust.<\/p>\n<p data-start=\"486\" data-end=\"530\"><strong data-start=\"486\" data-end=\"530\">Eeldatav saabumine: hiljemalt 01.06.2026<\/strong><\/p>\n<p>&nbsp;<\/p>\n<p data-start=\"532\" data-end=\"639\"><strong data-start=\"532\" data-end=\"553\">Suurus on oluline<\/strong>, et m\u00fcts istuks perfektselt!<br \/>\n<br data-start=\"582\" data-end=\"585\" \/>Kasutame suurusi <strong data-start=\"602\" data-end=\"638\">53 \/ 55 \/ 57 \/ 58,5 \/ 60 \/ 62 cm<\/strong>.<\/p>\n<p data-start=\"641\" data-end=\"759\"><strong data-start=\"641\" data-end=\"650\">NIPP:<\/strong> M\u00f5\u00f5da pea\u00fcmberm\u00f5\u00f5t pehme m\u00f5\u00f5dulindiga, asetades lindi umbes <strong data-start=\"711\" data-end=\"758\">1 cm kulmude kohale ja k\u00f5rvade \u00fclaosast \u00fcle<\/strong>.<\/p>\n<p data-start=\"486\" data-end=\"530\"><strong data-start=\"486\" data-end=\"530\">\u00a0<\/strong><\/p>\n","protected":false},"featured_media":133899,"template":"","meta":[],"product_brand":[],"product_cat":[305,392,71,78,72,122,393,74,287],"product_tag":[875,585,84,877,1491,93],"class_list":{"0":"post-133891","1":"product","2":"type-product","3":"status-publish","4":"has-post-thumbnail","6":"product_cat-eelmuuk","7":"product_cat-kids-et","8":"product_cat-koik-tooted","9":"product_cat-mehed","10":"product_cat-mutsid","11":"product_cat-mutsid-et","12":"product_cat-mutsid-et-2","13":"product_cat-naised","14":"product_cat-new-products","15":"product_tag-eesti-et","16":"product_tag-estonia-et","17":"product_tag-headgear-et","18":"product_tag-nokamuts-et","19":"product_tag-script-et","20":"product_tag-snapback-cap-et","22":"first","23":"instock","24":"taxable","25":"shipping-taxable","26":"purchasable","27":"product-type-variable"},"_links":{"self":[{"href":"https:\/\/piradosbrand.com\/et\/wp-json\/wp\/v2\/product\/133891","targetHints":{"allow":["GET"]}}],"collection":[{"href":"https:\/\/piradosbrand.com\/et\/wp-json\/wp\/v2\/product"}],"about":[{"href":"https:\/\/piradosbrand.com\/et\/wp-json\/wp\/v2\/types\/product"}],"wp:featuredmedia":[{"embeddable":true,"href":"https:\/\/piradosbrand.com\/et\/wp-json\/wp\/v2\/media\/133899"}],"wp:attachment":[{"href":"https:\/\/piradosbrand.com\/et\/wp-json\/wp\/v2\/media?parent=133891"}],"wp:term":[{"taxonomy":"product_brand","embeddable":true,"href":"https:\/\/piradosbrand.com\/et\/wp-json\/wp\/v2\/product_brand?post=133891"},{"taxonomy":"product_cat","embeddable":true,"href":"https:\/\/piradosbrand.com\/et\/wp-json\/wp\/v2\/product_cat?post=133891"},{"taxonomy":"product_tag","embeddable":true,"href":"https:\/\/piradosbrand.com\/et\/wp-json\/wp\/v2\/product_tag?post=133891"}],"curies":[{"name":"wp","href":"https:\/\/api.w.org\/{rel}","templated":true}]}}