{"id":135017,"date":"2026-02-23T07:37:32","date_gmt":"2026-02-23T05:37:32","guid":{"rendered":"https:\/\/piradosbrand.com\/product\/pirados-tm-ujumistrikoo-shadow\/"},"modified":"2026-02-25T15:29:28","modified_gmt":"2026-02-25T13:29:28","slug":"pirados-tm-ujumistrikoo-shadow","status":"publish","type":"product","link":"https:\/\/piradosbrand.com\/et\/toode\/pirados-tm-ujumistrikoo-shadow\/","title":{"rendered":"&#8220;PIRADOS TM&#8221; UJUMISTRIKOO &#8211; SHADOW"},"content":{"rendered":"<p data-start=\"123\" data-end=\"353\">Ujumistrikoo on loodud r\u00f5hutama sinu loomulikku kehakuju puhta silueti ja julge tooniga. Kangas on nahal meeldivalt sile ning piisavalt tugev, et hoida vormi seal, kus vaja. See liigub koos kehaga ja s\u00e4ilitab oma kuju ka p\u00e4rast kandmist.<\/p>\n<p data-start=\"355\" data-end=\"472\">Kanna seda rannas, basseini \u00e4\u00e4res v\u00f5i kombineeri suvisesse linnastiili \u2013 see ei ole lihtsalt rannariie. See on hoiak.<\/p>\n<hr data-start=\"474\" data-end=\"477\" \/>\n<h3 data-start=\"479\" data-end=\"491\">DETAILID<\/h3>\n<p data-start=\"493\" data-end=\"828\">\u2022 Premium elastne kangas<br data-start=\"517\" data-end=\"520\" \/>\u2022 Neljas suunas veniv materjal, mis tagab mugavuse ja vormi s\u00e4ilimise<br data-start=\"589\" data-end=\"592\" \/>\u2022 Kloorikindel materjal<br data-start=\"615\" data-end=\"618\" \/>\u2022 S\u00fcgava kaelusega esiosa ja madal selg<br data-start=\"657\" data-end=\"660\" \/>\u2022 Cheeky-l\u00f5ige, mis r\u00f5hutab siluetti<br data-start=\"696\" data-end=\"699\" \/>\u2022 Topeltvoodriga esiosa parema toestuse jaoks<br data-start=\"744\" data-end=\"747\" \/>\u2022 Vastupidavad tugevdatud \u00f5mblused<br data-start=\"781\" data-end=\"784\" \/>\u2022 Keskmise paksusega kangas (u 225\u2013230 g\/m\u00b2)<br \/>\n<img loading=\"lazy\" decoding=\"async\" class=\"alignnone size-full wp-image-136038\" src=\"https:\/\/piradosbrand.com\/wp-content\/uploads\/2026\/02\/Mooda-ennast.png\" alt=\"\" width=\"2400\" height=\"3392\" srcset=\"https:\/\/piradosbrand.com\/wp-content\/uploads\/2026\/02\/Mooda-ennast.png 2400w, https:\/\/piradosbrand.com\/wp-content\/uploads\/2026\/02\/Mooda-ennast-212x300.png 212w, https:\/\/piradosbrand.com\/wp-content\/uploads\/2026\/02\/Mooda-ennast-725x1024.png 725w, https:\/\/piradosbrand.com\/wp-content\/uploads\/2026\/02\/Mooda-ennast-768x1085.png 768w, https:\/\/piradosbrand.com\/wp-content\/uploads\/2026\/02\/Mooda-ennast-1087x1536.png 1087w, https:\/\/piradosbrand.com\/wp-content\/uploads\/2026\/02\/Mooda-ennast-1449x2048.png 1449w, https:\/\/piradosbrand.com\/wp-content\/uploads\/2026\/02\/Mooda-ennast-480x678.png 480w\" sizes=\"auto, (max-width: 2400px) 100vw, 2400px\" \/><\/p>\n","protected":false},"excerpt":{"rendered":"<p data-start=\"98\" data-end=\"116\"><strong>PIIRATUD KOGUS<\/strong><\/p>\n<p>Valmistame kokku ainult 300 toodet. Lisatootmist ei tule. Iga toode valmib tellimuse alusel. <strong>Tarneaeg kuni 14 p\u00e4eva.<\/strong> Valmistatud teadlikult. Valmistatud just Sulle!<\/p>\n","protected":false},"featured_media":134980,"template":"","meta":[],"product_brand":[],"product_cat":[71,74,1137,287],"product_tag":[1569,616,1573,94,1570,1571,1572],"class_list":{"0":"post-135017","1":"product","2":"type-product","3":"status-publish","4":"has-post-thumbnail","6":"product_cat-koik-tooted","7":"product_cat-naised","8":"product_cat-ujumisriided-ladies","9":"product_cat-new-products","10":"product_tag-bikiinid-et","11":"product_tag-bikinied","12":"product_tag-rand-et","13":"product_tag-summer-et","14":"product_tag-swimsuits-et","15":"product_tag-trikoo-et","16":"product_tag-ujumistrikoo-et","18":"first","19":"instock","20":"taxable","21":"shipping-taxable","22":"purchasable","23":"product-type-variable"},"_links":{"self":[{"href":"https:\/\/piradosbrand.com\/et\/wp-json\/wp\/v2\/product\/135017","targetHints":{"allow":["GET"]}}],"collection":[{"href":"https:\/\/piradosbrand.com\/et\/wp-json\/wp\/v2\/product"}],"about":[{"href":"https:\/\/piradosbrand.com\/et\/wp-json\/wp\/v2\/types\/product"}],"wp:featuredmedia":[{"embeddable":true,"href":"https:\/\/piradosbrand.com\/et\/wp-json\/wp\/v2\/media\/134980"}],"wp:attachment":[{"href":"https:\/\/piradosbrand.com\/et\/wp-json\/wp\/v2\/media?parent=135017"}],"wp:term":[{"taxonomy":"product_brand","embeddable":true,"href":"https:\/\/piradosbrand.com\/et\/wp-json\/wp\/v2\/product_brand?post=135017"},{"taxonomy":"product_cat","embeddable":true,"href":"https:\/\/piradosbrand.com\/et\/wp-json\/wp\/v2\/product_cat?post=135017"},{"taxonomy":"product_tag","embeddable":true,"href":"https:\/\/piradosbrand.com\/et\/wp-json\/wp\/v2\/product_tag?post=135017"}],"curies":[{"name":"wp","href":"https:\/\/api.w.org\/{rel}","templated":true}]}}