{"id":135265,"date":"2026-02-23T11:31:17","date_gmt":"2026-02-23T09:31:17","guid":{"rendered":"https:\/\/piradosbrand.com\/product\/pirados-tm-bikiinid-flame\/"},"modified":"2026-02-25T15:10:44","modified_gmt":"2026-02-25T13:10:44","slug":"pirados-tm-bikiinid-flame","status":"publish","type":"product","link":"https:\/\/piradosbrand.com\/et\/toode\/pirados-tm-bikiinid-flame\/","title":{"rendered":"&#8220;PIRADOS TM&#8221; BIKIINID &#8211; FLAME"},"content":{"rendered":"<p data-start=\"143\" data-end=\"366\">Bikiinid on loodud r\u00f5hutama sinu loomulikku kehakuju puhaste joonte ja enesekindla l\u00f5ikega. Kangas on nahal meeldivalt sile ning piisavalt toetav seal, kus vaja. See liigub koos kehaga ja hoiab oma vormi ka p\u00e4rast kandmist.<\/p>\n<p data-start=\"368\" data-end=\"485\">Kanna neid rannas, basseini \u00e4\u00e4res v\u00f5i kombineeri suvisesse linnastiili \u2013 see ei ole lihtsalt rannariie. See on hoiak.<\/p>\n<hr data-start=\"487\" data-end=\"490\" \/>\n<h3 data-start=\"492\" data-end=\"504\">DETAILID<\/h3>\n<p data-start=\"506\" data-end=\"931\">\u2022 Premium taaskasutatud elastne kangas<br data-start=\"544\" data-end=\"547\" \/>\u2022 Neljas suunas veniv materjal mugavuseks ja vormi s\u00e4ilitamiseks<br data-start=\"611\" data-end=\"614\" \/>\u2022 Pehme, topeltvoodriga konstruktsioon<br data-start=\"652\" data-end=\"655\" \/>\u2022 UPF 50+ p\u00e4ikesekaitse<br data-start=\"678\" data-end=\"681\" \/>\u2022 Reguleeritavad paelad personaalseks istuvuseks<br data-start=\"729\" data-end=\"732\" \/>\u2022 Eemaldatavad padjakesed lisamugavuseks<br data-start=\"772\" data-end=\"775\" \/>\u2022 Mitmel viisil seotav ja stiliseeritav<br data-start=\"814\" data-end=\"817\" \/>\u2022 Vastupidavad tugevdatud \u00f5mblused<br data-start=\"851\" data-end=\"854\" \/>\u2022 Keskmise paksusega kangas (u 225\u2013230 g\/m\u00b2)<br data-start=\"898\" data-end=\"901\" \/>\u2022 Saadaval suurused kuni 6XL<br \/>\n<img loading=\"lazy\" decoding=\"async\" class=\"alignnone size-full wp-image-136010\" src=\"https:\/\/piradosbrand.com\/wp-content\/uploads\/2026\/02\/Bikini-pirados-Measure-Yourself-est.png\" alt=\"\" width=\"2400\" height=\"3392\" srcset=\"https:\/\/piradosbrand.com\/wp-content\/uploads\/2026\/02\/Bikini-pirados-Measure-Yourself-est.png 2400w, https:\/\/piradosbrand.com\/wp-content\/uploads\/2026\/02\/Bikini-pirados-Measure-Yourself-est-212x300.png 212w, https:\/\/piradosbrand.com\/wp-content\/uploads\/2026\/02\/Bikini-pirados-Measure-Yourself-est-725x1024.png 725w, https:\/\/piradosbrand.com\/wp-content\/uploads\/2026\/02\/Bikini-pirados-Measure-Yourself-est-768x1085.png 768w, https:\/\/piradosbrand.com\/wp-content\/uploads\/2026\/02\/Bikini-pirados-Measure-Yourself-est-1087x1536.png 1087w, https:\/\/piradosbrand.com\/wp-content\/uploads\/2026\/02\/Bikini-pirados-Measure-Yourself-est-1449x2048.png 1449w, https:\/\/piradosbrand.com\/wp-content\/uploads\/2026\/02\/Bikini-pirados-Measure-Yourself-est-480x678.png 480w\" sizes=\"auto, (max-width: 2400px) 100vw, 2400px\" \/><\/p>\n","protected":false},"excerpt":{"rendered":"<p data-start=\"98\" data-end=\"116\"><strong>PIIRATUD KOGUS<\/strong><\/p>\n<p>Valmistame kokku ainult 300 toodet. Lisatootmist ei tule. Iga toode valmib tellimuse alusel. <strong>Tarneaeg kuni 14 p\u00e4eva.<\/strong> Valmistatud teadlikult. Valmistatud just Sulle!<\/p>\n","protected":false},"featured_media":135228,"template":"","meta":[],"product_brand":[],"product_cat":[71,74,1137,287],"product_tag":[1569,616,1573,94,1570,1571,1572],"class_list":{"0":"post-135265","1":"product","2":"type-product","3":"status-publish","4":"has-post-thumbnail","6":"product_cat-koik-tooted","7":"product_cat-naised","8":"product_cat-ujumisriided-ladies","9":"product_cat-new-products","10":"product_tag-bikiinid-et","11":"product_tag-bikinied","12":"product_tag-rand-et","13":"product_tag-summer-et","14":"product_tag-swimsuits-et","15":"product_tag-trikoo-et","16":"product_tag-ujumistrikoo-et","18":"first","19":"instock","20":"taxable","21":"shipping-taxable","22":"purchasable","23":"product-type-variable"},"_links":{"self":[{"href":"https:\/\/piradosbrand.com\/et\/wp-json\/wp\/v2\/product\/135265","targetHints":{"allow":["GET"]}}],"collection":[{"href":"https:\/\/piradosbrand.com\/et\/wp-json\/wp\/v2\/product"}],"about":[{"href":"https:\/\/piradosbrand.com\/et\/wp-json\/wp\/v2\/types\/product"}],"wp:featuredmedia":[{"embeddable":true,"href":"https:\/\/piradosbrand.com\/et\/wp-json\/wp\/v2\/media\/135228"}],"wp:attachment":[{"href":"https:\/\/piradosbrand.com\/et\/wp-json\/wp\/v2\/media?parent=135265"}],"wp:term":[{"taxonomy":"product_brand","embeddable":true,"href":"https:\/\/piradosbrand.com\/et\/wp-json\/wp\/v2\/product_brand?post=135265"},{"taxonomy":"product_cat","embeddable":true,"href":"https:\/\/piradosbrand.com\/et\/wp-json\/wp\/v2\/product_cat?post=135265"},{"taxonomy":"product_tag","embeddable":true,"href":"https:\/\/piradosbrand.com\/et\/wp-json\/wp\/v2\/product_tag?post=135265"}],"curies":[{"name":"wp","href":"https:\/\/api.w.org\/{rel}","templated":true}]}}