{"id":135661,"date":"2026-02-23T13:40:11","date_gmt":"2026-02-23T11:40:11","guid":{"rendered":"https:\/\/piradosbrand.com\/product\/og-shorts-sky\/"},"modified":"2026-02-25T14:25:37","modified_gmt":"2026-02-25T12:25:37","slug":"og-shorts-sky","status":"publish","type":"product","link":"https:\/\/piradosbrand.com\/et\/toode\/og-shorts-sky\/","title":{"rendered":"&#8220;OG&#8221; SHORTS &#8211; SKY"},"content":{"rendered":"<p data-start=\"71\" data-end=\"131\">Loodud kuumadeks p\u00e4evadeks. M\u00f5eldud igap\u00e4evaseks kandmiseks.<\/p>\n<p data-start=\"133\" data-end=\"357\">Need p\u00fcksid on tehtud pikkadeks suvep\u00e4evadeks \u2013 kerged, kiiresti kuivavad ja h\u00e4sti hingavad. Neljas suunas veniv kangas liigub loomulikult koos kehaga ning pehme h\u00f5\u00f5rdumisvastane sisevooder hoiab mugavuse terve p\u00e4eva v\u00e4ltel.<\/p>\n<p data-start=\"359\" data-end=\"601\">Vett h\u00fclgav ja puhta joonega disain t\u00e4hendab, et need ei ole ainult rannaks v\u00f5i basseini \u00e4\u00e4rde. Kanna neid trennis, kohvikus, kohtumisel v\u00f5i seal, kuhu p\u00e4ev sind viib. Piisavalt funktsionaalsed vees. Piisavalt teravad igap\u00e4evaseks kandmiseks.<\/p>\n<hr data-start=\"603\" data-end=\"606\" \/>\n<h3 data-start=\"608\" data-end=\"620\">DETAILID<\/h3>\n<p data-start=\"622\" data-end=\"1003\">\u2022 91% taaskasutatud pol\u00fcester, 9% elastaan<br data-start=\"664\" data-end=\"667\" \/>\u2022 Vooder: 92% pol\u00fcester, 8% elastaan (USA) \/ 90% pol\u00fcester, 10% elastaan (EL)<br data-start=\"744\" data-end=\"747\" \/>\u2022 Kanga kaal: 174 g\/m\u00b2<br data-start=\"769\" data-end=\"772\" \/>\u2022 Neljas suunas veniv, vett h\u00fclgav mikrofiiberkangas<br data-start=\"824\" data-end=\"827\" \/>\u2022 H\u00f5\u00f5rdumisvastane v\u00f5rksisene vooder<br data-start=\"863\" data-end=\"866\" \/>\u2022 Elastne v\u00f6\u00f6koht reguleeritava n\u00f6\u00f6riga<br data-start=\"905\" data-end=\"908\" \/>\u2022 V\u00f5rktaskud k\u00fclgedel<br data-start=\"929\" data-end=\"932\" \/>\u2022 V\u00e4ike sisetasku v\u00e4\u00e4rtuslike esemete jaoks<br data-start=\"975\" data-end=\"978\" \/>\u2022 UPF 50+ p\u00e4ikesekaitse<br \/>\n<img loading=\"lazy\" decoding=\"async\" class=\"alignnone size-full wp-image-135993\" src=\"https:\/\/piradosbrand.com\/wp-content\/uploads\/2026\/02\/Shorts-pirados-measure-yourself-est.png\" alt=\"\" width=\"2400\" height=\"3392\" srcset=\"https:\/\/piradosbrand.com\/wp-content\/uploads\/2026\/02\/Shorts-pirados-measure-yourself-est.png 2400w, https:\/\/piradosbrand.com\/wp-content\/uploads\/2026\/02\/Shorts-pirados-measure-yourself-est-212x300.png 212w, https:\/\/piradosbrand.com\/wp-content\/uploads\/2026\/02\/Shorts-pirados-measure-yourself-est-725x1024.png 725w, https:\/\/piradosbrand.com\/wp-content\/uploads\/2026\/02\/Shorts-pirados-measure-yourself-est-768x1085.png 768w, https:\/\/piradosbrand.com\/wp-content\/uploads\/2026\/02\/Shorts-pirados-measure-yourself-est-1087x1536.png 1087w, https:\/\/piradosbrand.com\/wp-content\/uploads\/2026\/02\/Shorts-pirados-measure-yourself-est-1449x2048.png 1449w, https:\/\/piradosbrand.com\/wp-content\/uploads\/2026\/02\/Shorts-pirados-measure-yourself-est-480x678.png 480w\" sizes=\"auto, (max-width: 2400px) 100vw, 2400px\" \/><\/p>\n","protected":false},"excerpt":{"rendered":"<h3 data-start=\"261\" data-end=\"279\">PIIRATUD KOGUS<\/h3>\n<p data-start=\"281\" data-end=\"340\">Valmistame kokku ainult 300 toodet. Lisatootmist ei tule.<\/p>\n<p data-start=\"342\" data-end=\"370\">Kui on otsas, siis on otsas.<\/p>\n<p data-start=\"372\" data-end=\"444\"><strong>Iga toode valmib tellimuse alusel. Tootmis- ja tarneaeg kuni 14 p\u00e4eva.<\/strong><\/p>\n<p data-start=\"446\" data-end=\"495\">Valmistatud teadlikult. Valmistatud just Sulle.<\/p>\n","protected":false},"featured_media":135621,"template":"","meta":[],"product_brand":[],"product_cat":[71,78,82,1140,287],"product_tag":[1291,92,611],"class_list":{"0":"post-135661","1":"product","2":"type-product","3":"status-publish","4":"has-post-thumbnail","6":"product_cat-koik-tooted","7":"product_cat-mehed","8":"product_cat-puksid-et","9":"product_cat-ujumisriided-mehed","10":"product_cat-new-products","11":"product_tag-beach-shorts-et","12":"product_tag-shorts-et","13":"product_tag-ujumispuksid","15":"first","16":"instock","17":"taxable","18":"shipping-taxable","19":"purchasable","20":"product-type-variable"},"_links":{"self":[{"href":"https:\/\/piradosbrand.com\/et\/wp-json\/wp\/v2\/product\/135661","targetHints":{"allow":["GET"]}}],"collection":[{"href":"https:\/\/piradosbrand.com\/et\/wp-json\/wp\/v2\/product"}],"about":[{"href":"https:\/\/piradosbrand.com\/et\/wp-json\/wp\/v2\/types\/product"}],"wp:featuredmedia":[{"embeddable":true,"href":"https:\/\/piradosbrand.com\/et\/wp-json\/wp\/v2\/media\/135621"}],"wp:attachment":[{"href":"https:\/\/piradosbrand.com\/et\/wp-json\/wp\/v2\/media?parent=135661"}],"wp:term":[{"taxonomy":"product_brand","embeddable":true,"href":"https:\/\/piradosbrand.com\/et\/wp-json\/wp\/v2\/product_brand?post=135661"},{"taxonomy":"product_cat","embeddable":true,"href":"https:\/\/piradosbrand.com\/et\/wp-json\/wp\/v2\/product_cat?post=135661"},{"taxonomy":"product_tag","embeddable":true,"href":"https:\/\/piradosbrand.com\/et\/wp-json\/wp\/v2\/product_tag?post=135661"}],"curies":[{"name":"wp","href":"https:\/\/api.w.org\/{rel}","templated":true}]}}