{"id":135893,"date":"2026-02-23T13:57:20","date_gmt":"2026-02-23T11:57:20","guid":{"rendered":"https:\/\/piradosbrand.com\/product\/ognoopidega-sark-shadow\/"},"modified":"2026-02-25T13:02:01","modified_gmt":"2026-02-25T11:02:01","slug":"og-noopidega-sark-shadow","status":"publish","type":"product","link":"https:\/\/piradosbrand.com\/et\/toode\/og-noopidega-sark-shadow\/","title":{"rendered":"\u201cOG\u201d N\u00d6\u00d6PIDEGA S\u00c4RK &#8211; SHADOW"},"content":{"rendered":"<p data-start=\"125\" data-end=\"154\">Kerge. Lihtne. Suveks loodud.<\/p>\n<p data-start=\"156\" data-end=\"310\">See n\u00f6\u00f6ps\u00e4rk on m\u00f5eldud kuumadeks p\u00e4evadeks &#8211; \u00fclikerge, hingav ja niiskust juhtiv. Kangas on nahal sile ning hoiab mugavuse ka k\u00f5ige palavamatel p\u00e4evadel.<\/p>\n<p data-start=\"312\" data-end=\"484\">Oversized-l\u00f5ige ja puhas disain teevad sellest s\u00e4rgist sobiva nii rannikule kui linnaruumi. Kanna avatult v\u00f5i kinniselt &#8211; see kohandub sinu p\u00e4evaga.<\/p>\n<hr data-start=\"486\" data-end=\"489\" \/>\n<h3 data-start=\"491\" data-end=\"503\">DETAILID<\/h3>\n<p data-start=\"505\" data-end=\"778\">\u2022 EL: 65% taaskasutatud pol\u00fcester, 35% pol\u00fcester<br data-start=\"553\" data-end=\"556\" \/>\u2022 USA: 100% taaskasutatud pol\u00fcester<br data-start=\"591\" data-end=\"594\" \/>\u2022 Kanga kaal (EL): 100 g\/m\u00b2<br data-start=\"621\" data-end=\"624\" \/>\u2022 Kanga kaal (USA): 110 g\/m\u00b2<br data-start=\"652\" data-end=\"655\" \/>\u2022 Hingav ja niiskust juhtiv kangas UPF 50+ p\u00e4ikesekaitsega (EL)<br data-start=\"718\" data-end=\"721\" \/>\u2022 Oversized-l\u00f5ige<br data-start=\"738\" data-end=\"741\" \/>\u2022 Kerge ja kiiresti kuivav materjal<br \/>\n<img loading=\"lazy\" decoding=\"async\" class=\"alignnone size-full wp-image-135972\" src=\"https:\/\/piradosbrand.com\/wp-content\/uploads\/2026\/02\/Button-Up-Pirados-Measure-Yourself-est.png\" alt=\"\" width=\"2400\" height=\"3392\" srcset=\"https:\/\/piradosbrand.com\/wp-content\/uploads\/2026\/02\/Button-Up-Pirados-Measure-Yourself-est.png 2400w, https:\/\/piradosbrand.com\/wp-content\/uploads\/2026\/02\/Button-Up-Pirados-Measure-Yourself-est-212x300.png 212w, https:\/\/piradosbrand.com\/wp-content\/uploads\/2026\/02\/Button-Up-Pirados-Measure-Yourself-est-725x1024.png 725w, https:\/\/piradosbrand.com\/wp-content\/uploads\/2026\/02\/Button-Up-Pirados-Measure-Yourself-est-768x1085.png 768w, https:\/\/piradosbrand.com\/wp-content\/uploads\/2026\/02\/Button-Up-Pirados-Measure-Yourself-est-1087x1536.png 1087w, https:\/\/piradosbrand.com\/wp-content\/uploads\/2026\/02\/Button-Up-Pirados-Measure-Yourself-est-1449x2048.png 1449w, https:\/\/piradosbrand.com\/wp-content\/uploads\/2026\/02\/Button-Up-Pirados-Measure-Yourself-est-480x678.png 480w\" sizes=\"auto, (max-width: 2400px) 100vw, 2400px\" \/><\/p>\n","protected":false},"excerpt":{"rendered":"<h3 data-start=\"261\" data-end=\"279\">PIIRATUD KOGUS<\/h3>\n<p data-start=\"281\" data-end=\"340\">Valmistame kokku ainult 300 toodet. Lisatootmist ei tule.<\/p>\n<p data-start=\"342\" data-end=\"370\">Kui on otsas, siis on otsas.<\/p>\n<p data-start=\"372\" data-end=\"444\"><strong>Iga toode valmib tellimuse alusel. Tootmis- ja tarneaeg kuni 14 p\u00e4eva.<\/strong><\/p>\n<p data-start=\"446\" data-end=\"495\">Valmistatud teadlikult. Valmistatud just Sulle.<\/p>\n","protected":false},"featured_media":135781,"template":"","meta":[],"product_brand":[],"product_cat":[71,78,81,1140,287],"product_tag":[1605,1602,1603,1601,1604,91,1606,1607],"class_list":{"0":"post-135893","1":"product","2":"type-product","3":"status-publish","4":"has-post-thumbnail","6":"product_cat-koik-tooted","7":"product_cat-mehed","8":"product_cat-sargid-polod-maikad","9":"product_cat-ujumisriided-mehed","10":"product_cat-new-products","11":"product_tag-noopide-sark-et","12":"product_tag-noopidega-sark-et","13":"product_tag-noopsark","14":"product_tag-rannasark","15":"product_tag-sark-et","16":"product_tag-shirt-et","17":"product_tag-suvesark","18":"product_tag-vabaaja-sark","20":"first","21":"instock","22":"taxable","23":"shipping-taxable","24":"purchasable","25":"product-type-variable"},"_links":{"self":[{"href":"https:\/\/piradosbrand.com\/et\/wp-json\/wp\/v2\/product\/135893","targetHints":{"allow":["GET"]}}],"collection":[{"href":"https:\/\/piradosbrand.com\/et\/wp-json\/wp\/v2\/product"}],"about":[{"href":"https:\/\/piradosbrand.com\/et\/wp-json\/wp\/v2\/types\/product"}],"wp:featuredmedia":[{"embeddable":true,"href":"https:\/\/piradosbrand.com\/et\/wp-json\/wp\/v2\/media\/135781"}],"wp:attachment":[{"href":"https:\/\/piradosbrand.com\/et\/wp-json\/wp\/v2\/media?parent=135893"}],"wp:term":[{"taxonomy":"product_brand","embeddable":true,"href":"https:\/\/piradosbrand.com\/et\/wp-json\/wp\/v2\/product_brand?post=135893"},{"taxonomy":"product_cat","embeddable":true,"href":"https:\/\/piradosbrand.com\/et\/wp-json\/wp\/v2\/product_cat?post=135893"},{"taxonomy":"product_tag","embeddable":true,"href":"https:\/\/piradosbrand.com\/et\/wp-json\/wp\/v2\/product_tag?post=135893"}],"curies":[{"name":"wp","href":"https:\/\/api.w.org\/{rel}","templated":true}]}}