{"id":136371,"date":"2026-03-06T08:58:28","date_gmt":"2026-03-06T06:58:28","guid":{"rendered":"https:\/\/piradosbrand.com\/product\/og-track-pants-sky\/"},"modified":"2026-03-07T10:46:14","modified_gmt":"2026-03-07T08:46:14","slug":"og-track-pants-sky","status":"publish","type":"product","link":"https:\/\/piradosbrand.com\/et\/toode\/og-track-pants-sky\/","title":{"rendered":"&#8220;OG&#8221; TRACK PANTS &#8211; SKY"},"content":{"rendered":"<p data-start=\"1024\" data-end=\"1174\"><img loading=\"lazy\" decoding=\"async\" class=\"alignnone size-full wp-image-136763\" src=\"https:\/\/piradosbrand.com\/wp-content\/uploads\/2026\/03\/2026-og-trackpants-est.png\" alt=\"\" width=\"2400\" height=\"1980\" srcset=\"https:\/\/piradosbrand.com\/wp-content\/uploads\/2026\/03\/2026-og-trackpants-est.png 2400w, https:\/\/piradosbrand.com\/wp-content\/uploads\/2026\/03\/2026-og-trackpants-est-300x248.png 300w, https:\/\/piradosbrand.com\/wp-content\/uploads\/2026\/03\/2026-og-trackpants-est-1024x845.png 1024w, https:\/\/piradosbrand.com\/wp-content\/uploads\/2026\/03\/2026-og-trackpants-est-768x634.png 768w, https:\/\/piradosbrand.com\/wp-content\/uploads\/2026\/03\/2026-og-trackpants-est-1536x1267.png 1536w, https:\/\/piradosbrand.com\/wp-content\/uploads\/2026\/03\/2026-og-trackpants-est-2048x1690.png 2048w, https:\/\/piradosbrand.com\/wp-content\/uploads\/2026\/03\/2026-og-trackpants-est-480x396.png 480w\" sizes=\"auto, (max-width: 2400px) 100vw, 2400px\" \/>Kerged, vett h\u00fclgavad p\u00fcksid, mis on loodud liikumiseks ja puhtaks streetwear stiiliks. Vaba l\u00f5ige, hingav mesh-vooder ja elastsed s\u00e4\u00e4reotsad hoiavad p\u00fcksid mugavana kogu p\u00e4eva. Kanna neid eraldi v\u00f5i kombineeri <strong data-start=\"687\" data-end=\"708\">OG windbreakeriga<\/strong>, et luua t\u00e4ielik <strong data-start=\"726\" data-end=\"742\">OG tracksuit<\/strong>.<\/p>\n<h2 data-start=\"1115\" data-end=\"1135\">TEHNILISED ANDMED<\/h2>\n<p data-start=\"1137\" data-end=\"1362\">\u2022 100% pol\u00fcester<br data-start=\"1153\" data-end=\"1156\" \/>\u2022 Kanga kaal: 75 g\/m\u00b2<br data-start=\"1177\" data-end=\"1180\" \/>\u2022 Kerge ja vett h\u00fclgav materjal<br data-start=\"1211\" data-end=\"1214\" \/>\u2022 T\u00e4ielik hingava mesh-voodriga vooder<br data-start=\"1252\" data-end=\"1255\" \/>\u2022 Vaba l\u00f5ige<br data-start=\"1267\" data-end=\"1270\" \/>\u2022 Elastne v\u00f6\u00f6koht pingutusn\u00f6\u00f6riga<br data-start=\"1303\" data-end=\"1306\" \/>\u2022 Elastsed s\u00e4\u00e4reotsad<br data-start=\"1327\" data-end=\"1330\" \/>\u2022 Lukuga taskud<\/p>\n","protected":false},"excerpt":{"rendered":"<p><strong data-start=\"218\" data-end=\"239\">Ainult 300 paari. <\/strong>Lisatootmist ei tule. Teist drop\u2019i ei tule. Kui see on l\u00e4bi m\u00fc\u00fcdud, siis ongi l\u00e4bi. Iga ese valmistatakse tellimuse alusel. Me toodame t\u00e4pselt nii palju, kui m\u00fc\u00fcme &#8211; ilma massilise laovaruta ja \u00fcletootmiseta. <strong data-start=\"453\" data-end=\"494\">Tootmise ja tarne aeg: kuni 28 p\u00e4eva.<\/strong><\/p>\n","protected":false},"featured_media":136182,"template":"","meta":[],"product_brand":[],"product_cat":[71,78,82,287],"product_tag":[],"class_list":{"0":"post-136371","1":"product","2":"type-product","3":"status-publish","4":"has-post-thumbnail","6":"product_cat-koik-tooted","7":"product_cat-mehed","8":"product_cat-puksid-et","9":"product_cat-new-products","11":"first","12":"instock","13":"taxable","14":"shipping-taxable","15":"purchasable","16":"product-type-variable"},"_links":{"self":[{"href":"https:\/\/piradosbrand.com\/et\/wp-json\/wp\/v2\/product\/136371","targetHints":{"allow":["GET"]}}],"collection":[{"href":"https:\/\/piradosbrand.com\/et\/wp-json\/wp\/v2\/product"}],"about":[{"href":"https:\/\/piradosbrand.com\/et\/wp-json\/wp\/v2\/types\/product"}],"wp:featuredmedia":[{"embeddable":true,"href":"https:\/\/piradosbrand.com\/et\/wp-json\/wp\/v2\/media\/136182"}],"wp:attachment":[{"href":"https:\/\/piradosbrand.com\/et\/wp-json\/wp\/v2\/media?parent=136371"}],"wp:term":[{"taxonomy":"product_brand","embeddable":true,"href":"https:\/\/piradosbrand.com\/et\/wp-json\/wp\/v2\/product_brand?post=136371"},{"taxonomy":"product_cat","embeddable":true,"href":"https:\/\/piradosbrand.com\/et\/wp-json\/wp\/v2\/product_cat?post=136371"},{"taxonomy":"product_tag","embeddable":true,"href":"https:\/\/piradosbrand.com\/et\/wp-json\/wp\/v2\/product_tag?post=136371"}],"curies":[{"name":"wp","href":"https:\/\/api.w.org\/{rel}","templated":true}]}}