{"id":136805,"date":"2026-03-07T08:25:52","date_gmt":"2026-03-07T06:25:52","guid":{"rendered":"https:\/\/piradosbrand.com\/product\/og-meeste-slip-on-noble\/"},"modified":"2026-03-07T12:13:15","modified_gmt":"2026-03-07T10:13:15","slug":"og-meeste-slip-on-noble","status":"publish","type":"product","link":"https:\/\/piradosbrand.com\/et\/toode\/og-meeste-slip-on-noble\/","title":{"rendered":"&#8220;OG&#8221; MEESTE SLIP-ON &#8211; NOBLE"},"content":{"rendered":"<p><img loading=\"lazy\" decoding=\"async\" class=\"alignnone size-full wp-image-136797\" src=\"https:\/\/piradosbrand.com\/wp-content\/uploads\/2026\/03\/2026-og-slip-on-est-scaled.png\" alt=\"\" width=\"1867\" height=\"2560\" srcset=\"https:\/\/piradosbrand.com\/wp-content\/uploads\/2026\/03\/2026-og-slip-on-est-scaled.png 1867w, https:\/\/piradosbrand.com\/wp-content\/uploads\/2026\/03\/2026-og-slip-on-est-219x300.png 219w, https:\/\/piradosbrand.com\/wp-content\/uploads\/2026\/03\/2026-og-slip-on-est-747x1024.png 747w, https:\/\/piradosbrand.com\/wp-content\/uploads\/2026\/03\/2026-og-slip-on-est-768x1053.png 768w, https:\/\/piradosbrand.com\/wp-content\/uploads\/2026\/03\/2026-og-slip-on-est-1120x1536.png 1120w, https:\/\/piradosbrand.com\/wp-content\/uploads\/2026\/03\/2026-og-slip-on-est-1494x2048.png 1494w, https:\/\/piradosbrand.com\/wp-content\/uploads\/2026\/03\/2026-og-slip-on-est-480x658.png 480w\" sizes=\"auto, (max-width: 1867px) 100vw, 1867px\" \/>Kerged ja mugavad slip-on jalan\u00f5ud igap\u00e4evaseks liikumiseks. Vastupidav canvas pealispind, hingav vooder ja painduv EVA tald hoiavad sammud mugavana kogu p\u00e4eva. Lihtne jalga panna, lihtne kanda &#8211; sobivad nii t\u00e4navale, linna kui ka igap\u00e4evaseks liikumiseks.<\/p>\n<p data-start=\"469\" data-end=\"481\"><strong data-start=\"469\" data-end=\"481\">OMADUSED<\/strong><\/p>\n<p data-start=\"483\" data-end=\"777\">\u2022 Vastupidav canvas pealispind<br data-start=\"513\" data-end=\"516\" \/>\u2022 Kerge ja painduv EVA kummitald<br data-start=\"548\" data-end=\"551\" \/>\u2022 Hingav sisemine vooder<br data-start=\"575\" data-end=\"578\" \/>\u2022 Pehme eemaldatav sisetald<br data-start=\"605\" data-end=\"608\" \/>\u2022 Elastsed k\u00fcljed mugavaks jalga panemiseks<br data-start=\"651\" data-end=\"654\" \/>\u2022 Pehmendatud krae ja keel<br data-start=\"680\" data-end=\"683\" \/>\u2022 Pirados br\u00e4nding karbil, sisetallal ja keelel<br data-start=\"730\" data-end=\"733\" \/>\u2022 Prinditud, l\u00f5igatud ja k\u00e4sitsi valmistatud<\/p>\n","protected":false},"excerpt":{"rendered":"<p data-start=\"0\" data-end=\"121\"><strong data-start=\"0\" data-end=\"35\">Teeme ainult 300 paari. <\/strong>Lisatootmist ei tule. Teist drop\u2019i ei tule. Kui see on l\u00e4bi m\u00fc\u00fcdud, siis ongi l\u00e4bi. Iga paar valmistatakse tellimuse alusel. <strong data-start=\"247\" data-end=\"288\" data-is-last-node=\"\">Tootmise ja tarne aeg: kuni 28 p\u00e4eva.<\/strong><\/p>\n","protected":false},"featured_media":136575,"template":"","meta":[],"product_brand":[],"product_cat":[1072,71,78,287],"product_tag":[],"class_list":{"0":"post-136805","1":"product","2":"type-product","3":"status-publish","4":"has-post-thumbnail","6":"product_cat-jalanoud","7":"product_cat-koik-tooted","8":"product_cat-mehed","9":"product_cat-new-products","11":"first","12":"instock","13":"taxable","14":"shipping-taxable","15":"purchasable","16":"product-type-variable"},"_links":{"self":[{"href":"https:\/\/piradosbrand.com\/et\/wp-json\/wp\/v2\/product\/136805","targetHints":{"allow":["GET"]}}],"collection":[{"href":"https:\/\/piradosbrand.com\/et\/wp-json\/wp\/v2\/product"}],"about":[{"href":"https:\/\/piradosbrand.com\/et\/wp-json\/wp\/v2\/types\/product"}],"wp:featuredmedia":[{"embeddable":true,"href":"https:\/\/piradosbrand.com\/et\/wp-json\/wp\/v2\/media\/136575"}],"wp:attachment":[{"href":"https:\/\/piradosbrand.com\/et\/wp-json\/wp\/v2\/media?parent=136805"}],"wp:term":[{"taxonomy":"product_brand","embeddable":true,"href":"https:\/\/piradosbrand.com\/et\/wp-json\/wp\/v2\/product_brand?post=136805"},{"taxonomy":"product_cat","embeddable":true,"href":"https:\/\/piradosbrand.com\/et\/wp-json\/wp\/v2\/product_cat?post=136805"},{"taxonomy":"product_tag","embeddable":true,"href":"https:\/\/piradosbrand.com\/et\/wp-json\/wp\/v2\/product_tag?post=136805"}],"curies":[{"name":"wp","href":"https:\/\/api.w.org\/{rel}","templated":true}]}}