{"id":137318,"date":"2026-03-08T10:03:26","date_gmt":"2026-03-08T08:03:26","guid":{"rendered":"https:\/\/piradosbrand.com\/product\/heart-queen-bodycon-kleit\/"},"modified":"2026-03-08T10:03:26","modified_gmt":"2026-03-08T08:03:26","slug":"heart-queen-bodycon-kleit","status":"publish","type":"product","link":"https:\/\/piradosbrand.com\/et\/toode\/heart-queen-bodycon-kleit\/","title":{"rendered":"&#8220;HEART QUEEN&#8221; BODYCON KLEIT"},"content":{"rendered":"<p data-start=\"113\" data-end=\"298\">T\u00f5mba pilgud endale <strong data-start=\"133\" data-end=\"165\">Heart Queen bodycon kleidiga<\/strong>. See liibuv kleit \u00fchendab julge Pirados Heart Queen disaini ja puhta, keha j\u00e4rgiv silueti, mis paistab silma igal pool, kuhu l\u00e4hed. Sile mikrofiiberkangas tundub naha vastas pehme ning neljasuunaline venivus tagab mugava ja paindliku istuvuse kogu p\u00e4evaks. Sobib ideaalselt suve\u00f5htuteks, festivalidele, streetwear stiiliga outfit\u2019idesse v\u00f5i \u00f5htuseks v\u00e4ljaminekuks. Kanna seda koos tossude, slip-on\u2019ide v\u00f5i kontsadega &#8211; SINA VALID!<\/p>\n<p data-start=\"613\" data-end=\"737\"><strong data-start=\"613\" data-end=\"624\">M\u00e4rkus:<\/strong> V\u00e4ldi kokkupuudet karedate pindadega, kuna need v\u00f5ivad kangast valgeid kiude v\u00e4lja t\u00f5mmata ja toodet kahjustada.<\/p>\n<p data-section-id=\"17imhr9\" data-start=\"744\" data-end=\"755\"><strong>OMADUSED<\/strong><\/p>\n<p data-start=\"757\" data-end=\"975\">\u2022 Liibuv bodycon l\u00f5ige<br data-start=\"779\" data-end=\"782\" \/>\u2022 Sile ja mugav mikrofiiberkangas<br data-start=\"815\" data-end=\"818\" \/>\u2022 Neljasuunaline venivus mugavuseks ja liikumisvabaduseks<br data-start=\"875\" data-end=\"878\" \/>\u2022 Julge Pirados <strong data-start=\"894\" data-end=\"909\">Heart Queen<\/strong> disain<br data-start=\"918\" data-end=\"921\" \/>\u2022 Sobib streetwear stiiliks, suveks ja festivalidele<\/p>\n<p data-section-id=\"1a6t23x\" data-start=\"982\" data-end=\"993\"><strong>MATERJAL<\/strong><\/p>\n<p data-start=\"995\" data-end=\"1052\" data-is-last-node=\"\" data-is-only-node=\"\">\u2022 82% pol\u00fcester<br data-start=\"1010\" data-end=\"1013\" \/>\u2022 18% elastaan<br data-start=\"1027\" data-end=\"1030\" \/>\u2022 Kanga kaal: 230 g\/m\u00b2<\/p>\n","protected":false},"excerpt":{"rendered":"<p data-start=\"281\" data-end=\"340\">Teeme kokku ainult 300 toodet. Lisatootmist ei tule. Kui on otsas, siis on otsas. <strong>Iga toode valmib tellimuse alusel. Tootmis- ja tarneaeg kuni 14 p\u00e4eva.<\/strong><\/p>\n","protected":false},"featured_media":137262,"template":"","meta":[],"product_brand":[],"product_cat":[1480,71,74,287],"product_tag":[],"class_list":{"0":"post-137318","1":"product","2":"type-product","3":"status-publish","4":"has-post-thumbnail","6":"product_cat-kleidid-seelikud","7":"product_cat-koik-tooted","8":"product_cat-naised","9":"product_cat-new-products","11":"first","12":"instock","13":"taxable","14":"shipping-taxable","15":"purchasable","16":"product-type-variable"},"_links":{"self":[{"href":"https:\/\/piradosbrand.com\/et\/wp-json\/wp\/v2\/product\/137318","targetHints":{"allow":["GET"]}}],"collection":[{"href":"https:\/\/piradosbrand.com\/et\/wp-json\/wp\/v2\/product"}],"about":[{"href":"https:\/\/piradosbrand.com\/et\/wp-json\/wp\/v2\/types\/product"}],"wp:featuredmedia":[{"embeddable":true,"href":"https:\/\/piradosbrand.com\/et\/wp-json\/wp\/v2\/media\/137262"}],"wp:attachment":[{"href":"https:\/\/piradosbrand.com\/et\/wp-json\/wp\/v2\/media?parent=137318"}],"wp:term":[{"taxonomy":"product_brand","embeddable":true,"href":"https:\/\/piradosbrand.com\/et\/wp-json\/wp\/v2\/product_brand?post=137318"},{"taxonomy":"product_cat","embeddable":true,"href":"https:\/\/piradosbrand.com\/et\/wp-json\/wp\/v2\/product_cat?post=137318"},{"taxonomy":"product_tag","embeddable":true,"href":"https:\/\/piradosbrand.com\/et\/wp-json\/wp\/v2\/product_tag?post=137318"}],"curies":[{"name":"wp","href":"https:\/\/api.w.org\/{rel}","templated":true}]}}