{"id":137372,"date":"2026-03-08T10:25:03","date_gmt":"2026-03-08T08:25:03","guid":{"rendered":"https:\/\/piradosbrand.com\/product\/heart-queen-crop-top\/"},"modified":"2026-03-08T10:25:03","modified_gmt":"2026-03-08T08:25:03","slug":"heart-queen-crop-top","status":"publish","type":"product","link":"https:\/\/piradosbrand.com\/et\/toode\/heart-queen-crop-top\/","title":{"rendered":"&#8220;HEART QUEEN&#8221; CROP TOP"},"content":{"rendered":"<p data-pm-slice=\"1 1 []\">Heart Queen crop top p\u00f6\u00f6rab pilgud sinule. Neljasuunaline veniv kangas hoiab topi mugavana kogu p\u00e4eva. Sobib t\u00e4navale, j\u00f5usaali v\u00f5i kuhu iganes sa l\u00e4hed. Matchib ideaalselt k\u00f5ikide Heart Queen kollektsiooni toodetega.<\/p>\n<p><strong>M\u00e4rkus:<\/strong> V\u00e4ldi kokkupuudet karedate pindadega, kuna need v\u00f5ivad kangast valgeid kiude v\u00e4lja t\u00f5mmata ja toodet kahjustada.<\/p>\n<p><strong>OMADUSED<\/strong><\/p>\n<p>\u2022 Keha j\u00e4rgiv crop top l\u00f5ige<\/p>\n<p>\u2022 Sile ja mugav mikrofiiberkangas<\/p>\n<p>\u2022 Neljasuunaline venivus mugavuseks ja liikumisvabaduseks<\/p>\n<p>\u2022 Julge Pirados Heart Queen disain<\/p>\n<p>\u2022 Sobib ideaalselt k\u00f5ikide Heart Queen toodetega<\/p>\n<p>&nbsp;<\/p>\n<p>MATERJAL<\/p>\n<p>&nbsp;<\/p>\n<p>\u2022 82% pol\u00fcester<\/p>\n<p>\u2022 18% elastaan<\/p>\n<p>\u2022 Kanga kaal: 230 g\/m\u00b2<\/p>\n<p>\u2022 T\u00e4pselt l\u00f5igatud ja k\u00e4sitsi \u00f5mmeldud p\u00e4rast printimist<\/p>\n","protected":false},"excerpt":{"rendered":"<p>Valmistame kokku ainult <strong data-start=\"985\" data-end=\"999\">300 toodet<\/strong>. Lisatootmist ei tule. Kui on otsas, siis on otsas. Iga toode valmistatakse tellimuse alusel. <strong>Tootmis- ja tarneaeg kuni 14 p\u00e4eva.<\/strong><\/p>\n","protected":false},"featured_media":137280,"template":"","meta":[],"product_brand":[],"product_cat":[71,74,76,287],"product_tag":[],"class_list":{"0":"post-137372","1":"product","2":"type-product","3":"status-publish","4":"has-post-thumbnail","6":"product_cat-koik-tooted","7":"product_cat-naised","8":"product_cat-sargid-maikad","9":"product_cat-new-products","11":"first","12":"instock","13":"taxable","14":"shipping-taxable","15":"purchasable","16":"product-type-variable"},"_links":{"self":[{"href":"https:\/\/piradosbrand.com\/et\/wp-json\/wp\/v2\/product\/137372","targetHints":{"allow":["GET"]}}],"collection":[{"href":"https:\/\/piradosbrand.com\/et\/wp-json\/wp\/v2\/product"}],"about":[{"href":"https:\/\/piradosbrand.com\/et\/wp-json\/wp\/v2\/types\/product"}],"wp:featuredmedia":[{"embeddable":true,"href":"https:\/\/piradosbrand.com\/et\/wp-json\/wp\/v2\/media\/137280"}],"wp:attachment":[{"href":"https:\/\/piradosbrand.com\/et\/wp-json\/wp\/v2\/media?parent=137372"}],"wp:term":[{"taxonomy":"product_brand","embeddable":true,"href":"https:\/\/piradosbrand.com\/et\/wp-json\/wp\/v2\/product_brand?post=137372"},{"taxonomy":"product_cat","embeddable":true,"href":"https:\/\/piradosbrand.com\/et\/wp-json\/wp\/v2\/product_cat?post=137372"},{"taxonomy":"product_tag","embeddable":true,"href":"https:\/\/piradosbrand.com\/et\/wp-json\/wp\/v2\/product_tag?post=137372"}],"curies":[{"name":"wp","href":"https:\/\/api.w.org\/{rel}","templated":true}]}}