{"id":137390,"date":"2026-03-08T10:31:03","date_gmt":"2026-03-08T08:31:03","guid":{"rendered":"https:\/\/piradosbrand.com\/product\/heart-queen-naiste-cropped-windbreaker\/"},"modified":"2026-03-08T16:36:14","modified_gmt":"2026-03-08T14:36:14","slug":"heart-queen-naiste-cropped-windbreaker","status":"publish","type":"product","link":"https:\/\/piradosbrand.com\/et\/toode\/heart-queen-naiste-cropped-windbreaker\/","title":{"rendered":"&#8220;HEART QUEEN&#8221; NAISTE CROPPED WINDBREAKER"},"content":{"rendered":"<p><strong data-start=\"207\" data-end=\"242\">Heart Queen cropped windbreaker<\/strong> \u00fchendab sportliku l\u00fchikese l\u00f5ike ja ikoonilise Pirados Heart Queen disaini. Kerge vett h\u00fclgav kangas ja hingav mesh-vooder hoiavad jope mugavana, samal ajal kui reguleeritav kapuuts ja v\u00f6\u00f6koht v\u00f5imaldavad istuvust s\u00e4ttida. Sobib ideaalselt k\u00f5ikide <strong data-start=\"491\" data-end=\"520\">Heart Queen kollektsiooni<\/strong> toodetega.<\/p>\n<p><strong>OMADUSED<\/strong><\/p>\n<p data-start=\"546\" data-end=\"844\">\u2022 Cropped windbreaker l\u00f5ige<br data-start=\"573\" data-end=\"576\" \/>\u2022 Kerge ja vett h\u00fclgav kangas<br data-start=\"605\" data-end=\"608\" \/>\u2022 Hingav mesh-vooder<br data-start=\"628\" data-end=\"631\" \/>\u2022 Reguleeritavad pingutusn\u00f6\u00f6rid kapuutsil ja v\u00f6\u00f6kohal<br data-start=\"684\" data-end=\"687\" \/>\u2022 Elastsed varrukaotsad<br data-start=\"710\" data-end=\"713\" \/>\u2022 Poolpikk lukk ees<br data-start=\"732\" data-end=\"735\" \/>\u2022 K\u00fcljetaskud<br data-start=\"748\" data-end=\"751\" \/>\u2022 Julge Pirados <strong data-start=\"767\" data-end=\"782\">Heart Queen<\/strong> disain<br data-start=\"789\" data-end=\"792\" \/>\u2022 Sobib ideaalselt k\u00f5ikide <strong data-start=\"819\" data-end=\"834\">Heart Queen<\/strong> toodetega<\/p>\n<p data-section-id=\"1a6t23x\" data-start=\"846\" data-end=\"857\"><strong>MATERJAL<\/strong><\/p>\n<p data-start=\"859\" data-end=\"960\">\u2022 100% pol\u00fcester<br data-start=\"875\" data-end=\"878\" \/>\u2022 Hingav mesh-vooder (v\u00e4hendab staatilist elektrit)<\/p>\n","protected":false},"excerpt":{"rendered":"<p>Valmistame kokku ainult <strong data-start=\"989\" data-end=\"1003\">300 toodet<\/strong>. Lisatootmist ei tule. Kui on otsas, siis on otsas. Iga toode valmistatakse tellimuse alusel. Tootmis- ja tarneaeg kuni <strong data-start=\"1124\" data-end=\"1136\">28 p\u00e4eva<\/strong>.<\/p>\n","protected":false},"featured_media":137285,"template":"","meta":[],"product_brand":[],"product_cat":[75,71,74,287],"product_tag":[],"class_list":{"0":"post-137390","1":"product","2":"type-product","3":"status-publish","4":"has-post-thumbnail","6":"product_cat-dressipluusid-pusad","7":"product_cat-koik-tooted","8":"product_cat-naised","9":"product_cat-new-products","11":"first","12":"instock","13":"taxable","14":"shipping-taxable","15":"purchasable","16":"product-type-variable"},"_links":{"self":[{"href":"https:\/\/piradosbrand.com\/et\/wp-json\/wp\/v2\/product\/137390","targetHints":{"allow":["GET"]}}],"collection":[{"href":"https:\/\/piradosbrand.com\/et\/wp-json\/wp\/v2\/product"}],"about":[{"href":"https:\/\/piradosbrand.com\/et\/wp-json\/wp\/v2\/types\/product"}],"wp:featuredmedia":[{"embeddable":true,"href":"https:\/\/piradosbrand.com\/et\/wp-json\/wp\/v2\/media\/137285"}],"wp:attachment":[{"href":"https:\/\/piradosbrand.com\/et\/wp-json\/wp\/v2\/media?parent=137390"}],"wp:term":[{"taxonomy":"product_brand","embeddable":true,"href":"https:\/\/piradosbrand.com\/et\/wp-json\/wp\/v2\/product_brand?post=137390"},{"taxonomy":"product_cat","embeddable":true,"href":"https:\/\/piradosbrand.com\/et\/wp-json\/wp\/v2\/product_cat?post=137390"},{"taxonomy":"product_tag","embeddable":true,"href":"https:\/\/piradosbrand.com\/et\/wp-json\/wp\/v2\/product_tag?post=137390"}],"curies":[{"name":"wp","href":"https:\/\/api.w.org\/{rel}","templated":true}]}}