{"id":137411,"date":"2026-03-08T10:46:31","date_gmt":"2026-03-08T08:46:31","guid":{"rendered":"https:\/\/piradosbrand.com\/product\/heart-queen-jooga-retuusid\/"},"modified":"2026-03-08T16:49:58","modified_gmt":"2026-03-08T14:49:58","slug":"heart-queen-jooga-retuusid","status":"publish","type":"product","link":"https:\/\/piradosbrand.com\/et\/toode\/heart-queen-jooga-retuusid\/","title":{"rendered":"\u201cHEART QUEEN\u201d JOOGA RETUUSID"},"content":{"rendered":"<div class=\"flex flex-col text-sm pb-25\">\n<article class=\"text-token-text-primary w-full focus:outline-none [--shadow-height:45px] has-data-writing-block:pointer-events-none has-data-writing-block:-mt-(--shadow-height) has-data-writing-block:pt-(--shadow-height) [&amp;:has([data-writing-block])&gt;*]:pointer-events-auto scroll-mt-[calc(var(--header-height)+min(200px,max(70px,20svh)))]\" dir=\"auto\" tabindex=\"-1\" data-turn-id=\"request-69a90de6-b240-8384-9089-d4f1c7b86d0e-67\" data-testid=\"conversation-turn-342\" data-scroll-anchor=\"true\" data-turn=\"assistant\">\n<div class=\"text-base my-auto mx-auto pb-10 [--thread-content-margin:var(--thread-content-margin-xs,calc(var(--spacing)*4))] @w-sm\/main:[--thread-content-margin:var(--thread-content-margin-sm,calc(var(--spacing)*6))] @w-lg\/main:[--thread-content-margin:var(--thread-content-margin-lg,calc(var(--spacing)*16))] px-(--thread-content-margin)\">\n<div class=\"[--thread-content-max-width:40rem] @w-lg\/main:[--thread-content-max-width:48rem] mx-auto max-w-(--thread-content-max-width) flex-1 group\/turn-messages focus-visible:outline-hidden relative flex w-full min-w-0 flex-col agent-turn\" tabindex=\"-1\">\n<div class=\"flex max-w-full flex-col gap-4 grow\">\n<div class=\"min-h-8 text-message relative flex w-full flex-col items-end gap-2 text-start break-words whitespace-normal [.text-message+&amp;]:mt-1\" dir=\"auto\" data-message-author-role=\"assistant\" data-message-id=\"b198c1dc-7d39-460a-842b-7216d26668dd\" data-message-model-slug=\"gpt-5-3\">\n<div class=\"flex w-full flex-col gap-1 empty:hidden\">\n<div class=\"markdown prose dark:prose-invert w-full wrap-break-word dark markdown-new-styling\">\n<p data-start=\"168\" data-end=\"525\">Heart Queen jooga retuusid on elastsed ja mugavad retuusid Pirados Heart Queen disainiga. Sile mikrofiiberkangas ja neljasuunaline venivus liiguvad kehaga kaasa ning hoiavad retuusid mugavana kogu p\u00e4eva. K\u00f5rgem v\u00f6\u00f6koht hoiab retuusid h\u00e4sti paigal. Sobivad treeninguks, igap\u00e4evaseks liikumiseks v\u00f5i koos teiste Heart Queen kollektsiooni toodetega kandmiseks.<\/p>\n<p data-start=\"527\" data-end=\"651\"><strong data-start=\"527\" data-end=\"538\">M\u00e4rkus:<\/strong> V\u00e4ldi kokkupuudet karedate pindadega, kuna need v\u00f5ivad kangast valgeid kiude v\u00e4lja t\u00f5mmata ja toodet kahjustada.<\/p>\n<hr data-start=\"653\" data-end=\"656\" \/>\n<h3 data-section-id=\"fqvp1i\" data-start=\"658\" data-end=\"670\">OMADUSED<\/h3>\n<p data-start=\"672\" data-end=\"895\">\u2022 Elastsed ja mugavad retuusid<br data-start=\"702\" data-end=\"705\" \/>\u2022 Sile mikrofiiberkangas<br data-start=\"729\" data-end=\"732\" \/>\u2022 Neljasuunaline venivus liikumisvabaduseks<br data-start=\"775\" data-end=\"778\" \/>\u2022 K\u00f5rgem v\u00f6\u00f6koht paremaks toestuseks<br data-start=\"814\" data-end=\"817\" \/>\u2022 Pirados <strong data-start=\"827\" data-end=\"842\">Heart Queen<\/strong> disain<br data-start=\"849\" data-end=\"852\" \/>\u2022 Sobivad k\u00f5ikide <strong data-start=\"870\" data-end=\"885\">Heart Queen<\/strong> toodetega<\/p>\n<hr data-start=\"897\" data-end=\"900\" \/>\n<h3 data-section-id=\"1u7dq4u\" data-start=\"902\" data-end=\"914\">MATERJAL<\/h3>\n<p data-start=\"916\" data-end=\"1033\" data-is-last-node=\"\" data-is-only-node=\"\">\u2022 82% pol\u00fcester<br data-start=\"931\" data-end=\"934\" \/>\u2022 18% spandex<br data-start=\"947\" data-end=\"950\" \/>\u2022 Sile mikrofiiberkangas<br data-start=\"974\" data-end=\"977\" \/>\u2022 T\u00e4pselt l\u00f5igatud ja k\u00e4sitsi \u00f5mmeldud p\u00e4rast printimist<\/p>\n<\/div>\n<\/div>\n<\/div>\n<\/div>\n<\/div>\n<\/div>\n<\/article>\n<\/div>\n","protected":false},"excerpt":{"rendered":"<p>Valmistame kokku ainult <strong data-start=\"1062\" data-end=\"1076\">300 toodet<\/strong>. Lisatootmist ei tule. Kui on otsas, siis on otsas. Iga toode valmistatakse tellimuse alusel. Tootmis- ja tarneaeg kuni <strong data-start=\"1197\" data-end=\"1209\">14 p\u00e4eva<\/strong>.<\/p>\n","protected":false},"featured_media":137293,"template":"","meta":[],"product_brand":[],"product_cat":[71,74,77,287],"product_tag":[],"class_list":{"0":"post-137411","1":"product","2":"type-product","3":"status-publish","4":"has-post-thumbnail","6":"product_cat-koik-tooted","7":"product_cat-naised","8":"product_cat-puksid","9":"product_cat-new-products","11":"first","12":"instock","13":"taxable","14":"shipping-taxable","15":"purchasable","16":"product-type-variable"},"_links":{"self":[{"href":"https:\/\/piradosbrand.com\/et\/wp-json\/wp\/v2\/product\/137411","targetHints":{"allow":["GET"]}}],"collection":[{"href":"https:\/\/piradosbrand.com\/et\/wp-json\/wp\/v2\/product"}],"about":[{"href":"https:\/\/piradosbrand.com\/et\/wp-json\/wp\/v2\/types\/product"}],"wp:featuredmedia":[{"embeddable":true,"href":"https:\/\/piradosbrand.com\/et\/wp-json\/wp\/v2\/media\/137293"}],"wp:attachment":[{"href":"https:\/\/piradosbrand.com\/et\/wp-json\/wp\/v2\/media?parent=137411"}],"wp:term":[{"taxonomy":"product_brand","embeddable":true,"href":"https:\/\/piradosbrand.com\/et\/wp-json\/wp\/v2\/product_brand?post=137411"},{"taxonomy":"product_cat","embeddable":true,"href":"https:\/\/piradosbrand.com\/et\/wp-json\/wp\/v2\/product_cat?post=137411"},{"taxonomy":"product_tag","embeddable":true,"href":"https:\/\/piradosbrand.com\/et\/wp-json\/wp\/v2\/product_tag?post=137411"}],"curies":[{"name":"wp","href":"https:\/\/api.w.org\/{rel}","templated":true}]}}