{"id":137429,"date":"2026-03-08T10:52:48","date_gmt":"2026-03-08T08:52:48","guid":{"rendered":"https:\/\/piradosbrand.com\/product\/heart-queen-flare-retuusid\/"},"modified":"2026-03-08T10:52:48","modified_gmt":"2026-03-08T08:52:48","slug":"heart-queen-flare-retuusid","status":"publish","type":"product","link":"https:\/\/piradosbrand.com\/et\/toode\/heart-queen-flare-retuusid\/","title":{"rendered":"\u201cHEART QUEEN\u201d FLARE RETUUSID"},"content":{"rendered":"<p data-start=\"180\" data-end=\"473\">Heart Queen flare retuusid \u00fchendavad mugavuse ja streetwear stiili. K\u00f5rgem v\u00f6\u00f6koht ja elastne kangas hoiavad retuusid mugavalt paigal. Alt laienev s\u00e4\u00e4reosa annab retuusidele erilise v\u00e4limuse. Sobivad treeninguks, igap\u00e4evaseks kandmiseks v\u00f5i koos teiste <strong data-start=\"433\" data-end=\"462\">Heart Queen kollektsiooni<\/strong> toodetega.<\/p>\n<p data-start=\"475\" data-end=\"599\"><strong data-start=\"475\" data-end=\"486\">M\u00e4rkus:<\/strong> V\u00e4ldi kokkupuudet karedate pindadega, kuna need v\u00f5ivad kangast valgeid kiude v\u00e4lja t\u00f5mmata ja toodet kahjustada.<\/p>\n<p data-section-id=\"17imhr9\" data-start=\"606\" data-end=\"617\"><strong>OMADUSED<\/strong><\/p>\n<p data-start=\"619\" data-end=\"923\">\u2022 K\u00f5rgema v\u00f6\u00f6kohaga retuusid<br data-start=\"647\" data-end=\"650\" \/>\u2022 Alt laienev s\u00e4\u00e4rel\u00f5ige<br data-start=\"674\" data-end=\"677\" \/>\u2022 Pehme ja kvaliteetne kangas kerge kompressiooniga<br data-start=\"728\" data-end=\"731\" \/>\u2022 Neljasuunaline venivus mugavuseks ja liikumiseks<br data-start=\"781\" data-end=\"784\" \/>\u2022 Niiskust eemale juhtiv kangas<br data-start=\"815\" data-end=\"818\" \/>\u2022 UPF 50+ UV-kaitse<br data-start=\"837\" data-end=\"840\" \/>\u2022 Kahekordne v\u00f6\u00f6koht sisemise taskuga<br data-start=\"877\" data-end=\"880\" \/>\u2022 Sobivad k\u00f5ikide <strong data-start=\"898\" data-end=\"913\">Heart Queen<\/strong> toodetega<\/p>\n<p data-section-id=\"wuyuei\" data-start=\"930\" data-end=\"941\"><strong>TOOTMINE<\/strong><\/p>\n<p data-start=\"943\" data-end=\"1016\">\u2022 74% taaskasutatud pol\u00fcester<br data-start=\"972\" data-end=\"975\" \/>\u2022 26% elastaan<br data-start=\"989\" data-end=\"992\" \/>\u2022 Kanga kaal: 250 g\/m\u00b2<\/p>\n<p data-start=\"1018\" data-end=\"1054\">\u2022 OEKO-TEX 100 sertifikaadiga kangas<\/p>\n","protected":false},"excerpt":{"rendered":"<p>Valmistame kokku ainult <strong data-start=\"1085\" data-end=\"1099\">300 toodet<\/strong>. Lisatootmist ei tule. Kui on otsas, siis on otsas. Iga toode valmistatakse tellimuse alusel. Tootmis- ja tarneaeg kuni <strong data-start=\"1220\" data-end=\"1232\">14 p\u00e4eva<\/strong>.<\/p>\n","protected":false},"featured_media":137301,"template":"","meta":[],"product_brand":[],"product_cat":[71,74,77,287],"product_tag":[],"class_list":{"0":"post-137429","1":"product","2":"type-product","3":"status-publish","4":"has-post-thumbnail","6":"product_cat-koik-tooted","7":"product_cat-naised","8":"product_cat-puksid","9":"product_cat-new-products","11":"first","12":"instock","13":"taxable","14":"shipping-taxable","15":"purchasable","16":"product-type-variable"},"_links":{"self":[{"href":"https:\/\/piradosbrand.com\/et\/wp-json\/wp\/v2\/product\/137429","targetHints":{"allow":["GET"]}}],"collection":[{"href":"https:\/\/piradosbrand.com\/et\/wp-json\/wp\/v2\/product"}],"about":[{"href":"https:\/\/piradosbrand.com\/et\/wp-json\/wp\/v2\/types\/product"}],"wp:featuredmedia":[{"embeddable":true,"href":"https:\/\/piradosbrand.com\/et\/wp-json\/wp\/v2\/media\/137301"}],"wp:attachment":[{"href":"https:\/\/piradosbrand.com\/et\/wp-json\/wp\/v2\/media?parent=137429"}],"wp:term":[{"taxonomy":"product_brand","embeddable":true,"href":"https:\/\/piradosbrand.com\/et\/wp-json\/wp\/v2\/product_brand?post=137429"},{"taxonomy":"product_cat","embeddable":true,"href":"https:\/\/piradosbrand.com\/et\/wp-json\/wp\/v2\/product_cat?post=137429"},{"taxonomy":"product_tag","embeddable":true,"href":"https:\/\/piradosbrand.com\/et\/wp-json\/wp\/v2\/product_tag?post=137429"}],"curies":[{"name":"wp","href":"https:\/\/api.w.org\/{rel}","templated":true}]}}