{"id":137465,"date":"2026-03-08T10:57:25","date_gmt":"2026-03-08T08:57:25","guid":{"rendered":"https:\/\/piradosbrand.com\/product\/heart-queen-sports-bra\/"},"modified":"2026-03-08T10:57:25","modified_gmt":"2026-03-08T08:57:25","slug":"heart-queen-sports-bra","status":"publish","type":"product","link":"https:\/\/piradosbrand.com\/et\/toode\/heart-queen-sports-bra\/","title":{"rendered":"&#8220;HEART QUEEN&#8221; SPORTS BRA"},"content":{"rendered":"<p data-start=\"200\" data-end=\"509\">Heart Queen spordirinnahoidja on mugav ja toetav treeningrinnahoidja Pirados Heart Queen disainiga. Niiskust eemale juhtiv kangas hoiab keha kuivana ning neljasuunaline venivus liigub kehaga kaasa. Sobib treeninguks, igap\u00e4evaseks liikumiseks v\u00f5i koos teiste <strong data-start=\"458\" data-end=\"487\">Heart Queen kollektsiooni<\/strong> toodetega kandmiseks.<\/p>\n<p data-start=\"511\" data-end=\"635\"><strong data-start=\"511\" data-end=\"522\">M\u00e4rkus:<\/strong> V\u00e4ldi kokkupuudet karedate pindadega, kuna need v\u00f5ivad kangast valgeid kiude v\u00e4lja t\u00f5mmata ja toodet kahjustada.<\/p>\n<hr data-start=\"637\" data-end=\"640\" \/>\n<h3 data-section-id=\"fqvp1i\" data-start=\"642\" data-end=\"654\">OMADUSED<\/h3>\n<p data-start=\"656\" data-end=\"972\">\u2022 Toetav spordirinnahoidja<br data-start=\"682\" data-end=\"685\" \/>\u2022 Niiskust eemale juhtiv kangas<br data-start=\"716\" data-end=\"719\" \/>\u2022 Neljasuunaline venivus mugavuseks ja liikumiseks<br data-start=\"769\" data-end=\"772\" \/>\u2022 \u00dcmar kaelus ja racerback seljaosa<br data-start=\"807\" data-end=\"810\" \/>\u2022 Kahekordne esiosa paremaks toestuseks<br data-start=\"849\" data-end=\"852\" \/>\u2022 Lai elastne riba rinna all<br data-start=\"880\" data-end=\"883\" \/>\u2022 Lamedad \u00f5mblused, mis v\u00e4hendavad h\u00f5\u00f5rdumist<br data-start=\"928\" data-end=\"931\" \/>\u2022 Sobib k\u00f5ikide <strong data-start=\"947\" data-end=\"962\">Heart Queen<\/strong> toodetega<\/p>\n<hr data-start=\"974\" data-end=\"977\" \/>\n<h3 data-section-id=\"1u7dq4u\" data-start=\"979\" data-end=\"991\">MATERJAL<\/h3>\n<p data-start=\"993\" data-end=\"1050\">\u2022 82% pol\u00fcester<br data-start=\"1008\" data-end=\"1011\" \/>\u2022 18% elastaan<br data-start=\"1025\" data-end=\"1028\" \/>\u2022 Kanga kaal: 230 g\/m\u00b2<\/p>\n","protected":false},"excerpt":{"rendered":"<p>Valmistame kokku ainult <strong data-start=\"1081\" data-end=\"1095\">300 toodet<\/strong>. Lisatootmist ei tule. Kui on otsas, siis on otsas. Iga toode valmistatakse tellimuse alusel. Tootmis- ja tarneaeg kuni <strong data-start=\"1216\" data-end=\"1228\">14 p\u00e4eva<\/strong>.<\/p>\n","protected":false},"featured_media":137315,"template":"","meta":[],"product_brand":[],"product_cat":[71,74,76,287],"product_tag":[],"class_list":{"0":"post-137465","1":"product","2":"type-product","3":"status-publish","4":"has-post-thumbnail","6":"product_cat-koik-tooted","7":"product_cat-naised","8":"product_cat-sargid-maikad","9":"product_cat-new-products","11":"first","12":"instock","13":"taxable","14":"shipping-taxable","15":"purchasable","16":"product-type-variable"},"_links":{"self":[{"href":"https:\/\/piradosbrand.com\/et\/wp-json\/wp\/v2\/product\/137465","targetHints":{"allow":["GET"]}}],"collection":[{"href":"https:\/\/piradosbrand.com\/et\/wp-json\/wp\/v2\/product"}],"about":[{"href":"https:\/\/piradosbrand.com\/et\/wp-json\/wp\/v2\/types\/product"}],"wp:featuredmedia":[{"embeddable":true,"href":"https:\/\/piradosbrand.com\/et\/wp-json\/wp\/v2\/media\/137315"}],"wp:attachment":[{"href":"https:\/\/piradosbrand.com\/et\/wp-json\/wp\/v2\/media?parent=137465"}],"wp:term":[{"taxonomy":"product_brand","embeddable":true,"href":"https:\/\/piradosbrand.com\/et\/wp-json\/wp\/v2\/product_brand?post=137465"},{"taxonomy":"product_cat","embeddable":true,"href":"https:\/\/piradosbrand.com\/et\/wp-json\/wp\/v2\/product_cat?post=137465"},{"taxonomy":"product_tag","embeddable":true,"href":"https:\/\/piradosbrand.com\/et\/wp-json\/wp\/v2\/product_tag?post=137465"}],"curies":[{"name":"wp","href":"https:\/\/api.w.org\/{rel}","templated":true}]}}