{"id":137507,"date":"2026-03-08T11:03:00","date_gmt":"2026-03-08T09:03:00","guid":{"rendered":"https:\/\/piradosbrand.com\/product\/137507\/"},"modified":"2026-03-09T07:36:44","modified_gmt":"2026-03-09T05:36:44","slug":"137507","status":"publish","type":"product","link":"https:\/\/piradosbrand.com\/et\/toode\/137507\/","title":{"rendered":"&#8220;HEART QUEEN&#8221; NAISTE SLIP-ON JALAN\u00d5UD"},"content":{"rendered":"<p data-start=\"158\" data-end=\"199\"><strong data-start=\"158\" data-end=\"199\">\u201cHEART QUEEN\u201d NAISTE SLIP-ON JALAN\u00d5UD<\/strong><\/p>\n<p data-start=\"201\" data-end=\"548\">Heart Queen naiste slip-on jalan\u00f5ud on mugavad ja lihtsasti jalga pandavad igap\u00e4evased jalan\u00f5ud Pirados Heart Queen disainiga. Kerge canvas pealispind, hingav vooder ja painduv kummitald hoiavad jalad mugavana kogu p\u00e4eva. Sobivad t\u00e4navale, linna v\u00f5i igap\u00e4evaseks liikumiseks. Matchivad ideaalselt k\u00f5ikide <strong data-start=\"506\" data-end=\"535\">Heart Queen kollektsiooni<\/strong> toodetega.<\/p>\n<p data-start=\"550\" data-end=\"593\">Libista jalga. Astu v\u00e4lja. Liigu omal moel.<\/p>\n<hr data-start=\"595\" data-end=\"598\" \/>\n<h3 data-section-id=\"fqvp1i\" data-start=\"600\" data-end=\"612\">OMADUSED<\/h3>\n<p data-start=\"614\" data-end=\"942\">\u2022 Kerge canvas pealispind<br data-start=\"639\" data-end=\"642\" \/>\u2022 Painduv EVA kummitald<br data-start=\"665\" data-end=\"668\" \/>\u2022 Hingav vooder pehme eemaldatava sisetallaga<br data-start=\"713\" data-end=\"716\" \/>\u2022 Elastsed k\u00fcljed lihtsaks jalga panemiseks<br data-start=\"759\" data-end=\"762\" \/>\u2022 Pehmendatud krae ja keel mugavuseks<br data-start=\"799\" data-end=\"802\" \/>\u2022 Pirados br\u00e4nding karbil, sisetallal ja keelel<br data-start=\"849\" data-end=\"852\" \/>\u2022 Prinditud, l\u00f5igatud ja k\u00e4sitsi valmistatud<br data-start=\"896\" data-end=\"899\" \/>\u2022 Sobivad k\u00f5ikide <strong data-start=\"917\" data-end=\"932\">Heart Queen<\/strong> toodetega<\/p>\n<hr data-start=\"944\" data-end=\"947\" \/>\n<h3 data-section-id=\"1u7dq4u\" data-start=\"949\" data-end=\"961\">MATERJAL<\/h3>\n<p data-start=\"963\" data-end=\"1015\">\u2022 100% pol\u00fcester canvas pealispind<br data-start=\"997\" data-end=\"1000\" \/>\u2022 EVA kummitald<\/p>\n","protected":false},"excerpt":{"rendered":"<p>Valmistame kokku ainult <strong data-start=\"1046\" data-end=\"1059\">300 paari<\/strong>. Lisatootmist ei tule. Kui on otsas, siis on otsas. Iga paar valmistatakse tellimuse alusel. <strong>Tootmis- ja tarneaeg kuni 28 p\u00e4eva.<\/strong><\/p>\n","protected":false},"featured_media":137496,"template":"","meta":[],"product_brand":[],"product_cat":[1073,71,74,287],"product_tag":[],"class_list":{"0":"post-137507","1":"product","2":"type-product","3":"status-publish","4":"has-post-thumbnail","6":"product_cat-jalanoud-et","7":"product_cat-koik-tooted","8":"product_cat-naised","9":"product_cat-new-products","11":"first","12":"instock","13":"taxable","14":"shipping-taxable","15":"purchasable","16":"product-type-variable"},"_links":{"self":[{"href":"https:\/\/piradosbrand.com\/et\/wp-json\/wp\/v2\/product\/137507","targetHints":{"allow":["GET"]}}],"collection":[{"href":"https:\/\/piradosbrand.com\/et\/wp-json\/wp\/v2\/product"}],"about":[{"href":"https:\/\/piradosbrand.com\/et\/wp-json\/wp\/v2\/types\/product"}],"wp:featuredmedia":[{"embeddable":true,"href":"https:\/\/piradosbrand.com\/et\/wp-json\/wp\/v2\/media\/137496"}],"wp:attachment":[{"href":"https:\/\/piradosbrand.com\/et\/wp-json\/wp\/v2\/media?parent=137507"}],"wp:term":[{"taxonomy":"product_brand","embeddable":true,"href":"https:\/\/piradosbrand.com\/et\/wp-json\/wp\/v2\/product_brand?post=137507"},{"taxonomy":"product_cat","embeddable":true,"href":"https:\/\/piradosbrand.com\/et\/wp-json\/wp\/v2\/product_cat?post=137507"},{"taxonomy":"product_tag","embeddable":true,"href":"https:\/\/piradosbrand.com\/et\/wp-json\/wp\/v2\/product_tag?post=137507"}],"curies":[{"name":"wp","href":"https:\/\/api.w.org\/{rel}","templated":true}]}}