{"id":138326,"date":"2026-03-14T15:55:21","date_gmt":"2026-03-14T13:55:21","guid":{"rendered":"https:\/\/piradosbrand.com\/product\/original-lightweight-t-sark-must-disain-4-varvi\/"},"modified":"2026-03-17T07:52:07","modified_gmt":"2026-03-17T05:52:07","slug":"original-lightweight-t-sark-must-disain-4-varvi","status":"publish","type":"product","link":"https:\/\/piradosbrand.com\/et\/toode\/original-lightweight-t-sark-must-disain-4-varvi\/","title":{"rendered":"&#8220;Original&#8221; Lightweight T-s\u00e4rk \u2013 must disain (4 v\u00e4rvi)"},"content":{"rendered":"<p data-start=\"384\" data-end=\"604\"><strong data-start=\"384\" data-end=\"440\">Mugav igap\u00e4evane T-s\u00e4rk, mis t\u00e4iustab igat outfit\u2019i.<\/strong><br data-start=\"440\" data-end=\"443\" \/>Kerge, hingav ja m\u00f5nus kanda. Saadaval mitmes v\u00e4rvitoonis, et saaksid valida just enda stiiliga sobiva variandi. Lihtne, puhas ja loodud igap\u00e4evaseks kandmiseks.<\/p>\n<p data-start=\"606\" data-end=\"631\"><strong data-start=\"606\" data-end=\"631\">Aeg on pilke p\u00f6\u00f6rata.<\/strong><\/p>\n<p data-start=\"633\" data-end=\"645\"><strong data-start=\"633\" data-end=\"645\">Detailid<\/strong><\/p>\n<p data-start=\"647\" data-end=\"853\">\u2022 100% kammitud ringspun-puuvill (Heather toonid sisaldavad pol\u00fcestrit)<br data-start=\"718\" data-end=\"721\" \/>\u2022 Kerge kangas \u2013 142 g\/m\u00b2<br data-start=\"746\" data-end=\"749\" \/>\u2022 Eelkahandatud kangas<br data-start=\"771\" data-end=\"774\" \/>\u2022 K\u00fclje\u00f5mblustega konstruktsioon<br data-start=\"806\" data-end=\"809\" \/>\u2022 \u00d5lg-\u00f5la teipimine vastupidavuse tagamiseks<\/p>\n<p data-start=\"855\" data-end=\"867\"><strong data-start=\"855\" data-end=\"867\">P\u00e4ritolu<\/strong><\/p>\n<p data-start=\"869\" data-end=\"986\">Toorik valmistatud Nicaraguas.<br data-start=\"899\" data-end=\"902\" \/>Disainitud Eestis Piradose tiimi poolt.<br data-start=\"941\" data-end=\"944\" \/>Digitaalne print teostatud Euroopa Liidus.<\/p>\n","protected":false},"excerpt":{"rendered":"<p data-start=\"719\" data-end=\"753\"><strong data-start=\"719\" data-end=\"753\">Valmistatakse tellimuse alusel<\/strong><\/p>\n<p data-start=\"755\" data-end=\"842\">Toode valmistatakse p\u00e4rast tellimuse esitamist. <strong>Tootmise ja tarne aeg: kuni 14 p\u00e4eva.<\/strong><\/p>\n","protected":false},"featured_media":139349,"template":"","meta":[],"product_brand":[],"product_cat":[71,78,74,76,81,287],"product_tag":[],"class_list":{"0":"post-138326","1":"product","2":"type-product","3":"status-publish","4":"has-post-thumbnail","6":"product_cat-koik-tooted","7":"product_cat-mehed","8":"product_cat-naised","9":"product_cat-sargid-maikad","10":"product_cat-sargid-polod-maikad","11":"product_cat-new-products","13":"first","14":"instock","15":"taxable","16":"shipping-taxable","17":"purchasable","18":"product-type-variable"},"_links":{"self":[{"href":"https:\/\/piradosbrand.com\/et\/wp-json\/wp\/v2\/product\/138326","targetHints":{"allow":["GET"]}}],"collection":[{"href":"https:\/\/piradosbrand.com\/et\/wp-json\/wp\/v2\/product"}],"about":[{"href":"https:\/\/piradosbrand.com\/et\/wp-json\/wp\/v2\/types\/product"}],"wp:featuredmedia":[{"embeddable":true,"href":"https:\/\/piradosbrand.com\/et\/wp-json\/wp\/v2\/media\/139349"}],"wp:attachment":[{"href":"https:\/\/piradosbrand.com\/et\/wp-json\/wp\/v2\/media?parent=138326"}],"wp:term":[{"taxonomy":"product_brand","embeddable":true,"href":"https:\/\/piradosbrand.com\/et\/wp-json\/wp\/v2\/product_brand?post=138326"},{"taxonomy":"product_cat","embeddable":true,"href":"https:\/\/piradosbrand.com\/et\/wp-json\/wp\/v2\/product_cat?post=138326"},{"taxonomy":"product_tag","embeddable":true,"href":"https:\/\/piradosbrand.com\/et\/wp-json\/wp\/v2\/product_tag?post=138326"}],"curies":[{"name":"wp","href":"https:\/\/api.w.org\/{rel}","templated":true}]}}