{"id":139177,"date":"2026-03-15T11:48:43","date_gmt":"2026-03-15T09:48:43","guid":{"rendered":"https:\/\/piradosbrand.com\/product\/og-mediumweight-t-sark-must-disain-10-varvi\/"},"modified":"2026-03-15T12:09:03","modified_gmt":"2026-03-15T10:09:03","slug":"og-mediumweight-t-sark-must-disain-10-varvi","status":"publish","type":"product","link":"https:\/\/piradosbrand.com\/et\/toode\/og-mediumweight-t-sark-must-disain-10-varvi\/","title":{"rendered":"&#8220;OG&#8221; Mediumweight T-s\u00e4rk &#8211; must disain (10 v\u00e4rvi)"},"content":{"rendered":"<p data-start=\"157\" data-end=\"367\">Keskmise paksusega T-s\u00e4rk, valmistatud 100% orgaanilisest ringspun-puuvillast. 180 g\/m\u00b2 kangas on tugevam ja vastupidavam, kuid samas hingav ja mugav igap\u00e4evaseks kandmiseks. Saadaval 13 erinevas v\u00e4rvitoonis.<\/p>\n<p data-start=\"369\" data-end=\"381\"><strong data-start=\"369\" data-end=\"381\">DETAILID<\/strong><\/p>\n<p data-start=\"383\" data-end=\"621\">\u2022 100% orgaaniline ringspun-puuvill<br data-start=\"418\" data-end=\"421\" \/>\u2022 Kanga kaal: 180 g\/m\u00b2<br data-start=\"443\" data-end=\"446\" \/>\u2022 Single jersey kangas<br data-start=\"468\" data-end=\"471\" \/>\u2022 Medium fit l\u00f5ige<br data-start=\"489\" data-end=\"492\" \/>\u2022 Set-in varrukad<br data-start=\"509\" data-end=\"512\" \/>\u2022 1\u00d71 soonikkoes krae<br data-start=\"533\" data-end=\"536\" \/>\u2022 Lai topelt\u00f5mblus varrukatel ja all\u00e4\u00e4res<br data-start=\"577\" data-end=\"580\" \/>\u2022 Sama kangaga kaelalint kaela sisek\u00fcljel<\/p>\n<p data-start=\"623\" data-end=\"640\"><strong data-start=\"623\" data-end=\"640\">SERTIFIKAADID<\/strong><\/p>\n<p data-start=\"642\" data-end=\"802\">\u2022 GOTS sertifikaadiga orgaaniline puuvill<br data-start=\"683\" data-end=\"686\" \/>\u2022 OCS sertifikaat (Organic Content Standard)<br data-start=\"730\" data-end=\"733\" \/>\u2022 OEKO-TEX Standard 100 sertifikaadiga kangas<br data-start=\"778\" data-end=\"781\" \/>\u2022 PETA-Approved Vegan<\/p>\n<p data-start=\"804\" data-end=\"816\"><strong data-start=\"804\" data-end=\"816\">P\u00c4RITOLU<\/strong><\/p>\n<p data-start=\"818\" data-end=\"921\">Toorik valmistatud Bangladeshis<br data-start=\"849\" data-end=\"852\" \/>Disainitud Piradose tiimi poolt<br data-start=\"877\" data-end=\"880\" \/>Digitaalne print teostatud Euroopa Liidus<\/p>\n","protected":false},"excerpt":{"rendered":"<p data-start=\"719\" data-end=\"753\"><strong data-start=\"719\" data-end=\"753\">Valmistatakse tellimuse alusel<\/strong><\/p>\n<p data-start=\"755\" data-end=\"842\">Toode valmistatakse p\u00e4rast tellimuse esitamist.\u00a0<strong>Tootmise ja tarne aeg: kuni 14 p\u00e4eva.<\/strong><\/p>\n","protected":false},"featured_media":139357,"template":"","meta":[],"product_brand":[],"product_cat":[71,78,74,76,81,287],"product_tag":[],"class_list":{"0":"post-139177","1":"product","2":"type-product","3":"status-publish","4":"has-post-thumbnail","6":"product_cat-koik-tooted","7":"product_cat-mehed","8":"product_cat-naised","9":"product_cat-sargid-maikad","10":"product_cat-sargid-polod-maikad","11":"product_cat-new-products","13":"first","14":"instock","15":"taxable","16":"shipping-taxable","17":"purchasable","18":"product-type-variable"},"_links":{"self":[{"href":"https:\/\/piradosbrand.com\/et\/wp-json\/wp\/v2\/product\/139177","targetHints":{"allow":["GET"]}}],"collection":[{"href":"https:\/\/piradosbrand.com\/et\/wp-json\/wp\/v2\/product"}],"about":[{"href":"https:\/\/piradosbrand.com\/et\/wp-json\/wp\/v2\/types\/product"}],"wp:featuredmedia":[{"embeddable":true,"href":"https:\/\/piradosbrand.com\/et\/wp-json\/wp\/v2\/media\/139357"}],"wp:attachment":[{"href":"https:\/\/piradosbrand.com\/et\/wp-json\/wp\/v2\/media?parent=139177"}],"wp:term":[{"taxonomy":"product_brand","embeddable":true,"href":"https:\/\/piradosbrand.com\/et\/wp-json\/wp\/v2\/product_brand?post=139177"},{"taxonomy":"product_cat","embeddable":true,"href":"https:\/\/piradosbrand.com\/et\/wp-json\/wp\/v2\/product_cat?post=139177"},{"taxonomy":"product_tag","embeddable":true,"href":"https:\/\/piradosbrand.com\/et\/wp-json\/wp\/v2\/product_tag?post=139177"}],"curies":[{"name":"wp","href":"https:\/\/api.w.org\/{rel}","templated":true}]}}