{"id":140172,"date":"2026-04-08T13:39:42","date_gmt":"2026-04-08T10:39:42","guid":{"rendered":"https:\/\/piradosbrand.com\/product\/pirados-fighting-jersey-must-disain-5-varvi\/"},"modified":"2026-04-08T13:39:42","modified_gmt":"2026-04-08T10:39:42","slug":"pirados-fighting-jersey-must-disain-5-varvi","status":"publish","type":"product","link":"https:\/\/piradosbrand.com\/et\/toode\/pirados-fighting-jersey-must-disain-5-varvi\/","title":{"rendered":"\u201cPirados Fighting\u201d Jersey (Must disain &#8211; 5 v\u00e4rvi)"},"content":{"rendered":"<p data-start=\"44\" data-end=\"80\">Kerge, hingav ja loodud liikumiseks.<\/p>\n<p data-start=\"82\" data-end=\"295\">See unisex spordis\u00e4rk on valmistatud 100% pol\u00fcester mesh-kangast, mis hoiab sind jahedana ja mugavana nii treeningul kui ka igap\u00e4evasel kandmisel. Kangas laseb \u00f5hul liikuda, olles samal ajal vastupidav ja elastne.<\/p>\n<p data-start=\"297\" data-end=\"507\">Relaxed fit l\u00f5ige ja pikem pikkus tagavad parema katvuse ning loomuliku istuvuse. Raglaanvarrukad v\u00f5imaldavad t\u00e4ielikku liikumisvabadust ning tugevdatud kaelus aitab s\u00e4ilitada vormi ka pikaajalisel kasutamisel.<\/p>\n<hr data-start=\"509\" data-end=\"512\" \/>\n<h2 data-section-id=\"l34xmh\" data-start=\"514\" data-end=\"529\"><span role=\"text\"><strong data-start=\"517\" data-end=\"529\">DETAILID<\/strong><\/span><\/h2>\n<ul data-start=\"531\" data-end=\"786\">\n<li data-section-id=\"ikk30r\" data-start=\"531\" data-end=\"563\">100% hingav pol\u00fcester (mesh)<\/li>\n<li data-section-id=\"nz3bf9\" data-start=\"564\" data-end=\"587\">Kangakaal: 140 g\/m\u00b2<\/li>\n<li data-section-id=\"elst9s\" data-start=\"588\" data-end=\"603\">Relaxed fit<\/li>\n<li data-section-id=\"1yqhcgw\" data-start=\"604\" data-end=\"619\">Pikem l\u00f5ige<\/li>\n<li data-section-id=\"to8e5b\" data-start=\"620\" data-end=\"649\">L\u00fchikesed raglaanvarrukad<\/li>\n<li data-section-id=\"uzfc7t\" data-start=\"650\" data-end=\"682\">Elastne ja vastupidav kangas<\/li>\n<li data-section-id=\"1igx5cq\" data-start=\"683\" data-end=\"717\">K\u00fclje\u00f5mblustega konstruktsioon<\/li>\n<li data-section-id=\"nqoy8o\" data-start=\"718\" data-end=\"739\">Tugevdatud kaelus<\/li>\n<li data-section-id=\"tiidfo\" data-start=\"740\" data-end=\"768\">Klassikaline \u00fcmar kaelus<\/li>\n<li data-section-id=\"1f3i4se\" data-start=\"769\" data-end=\"786\">Tootja: Hiina<\/li>\n<\/ul>\n<hr data-start=\"788\" data-end=\"791\" \/>\n<h2 data-section-id=\"elifcu\" data-start=\"793\" data-end=\"803\"><span role=\"text\"><strong data-start=\"796\" data-end=\"803\">FIT<\/strong><\/span><\/h2>\n<ul data-start=\"805\" data-end=\"881\">\n<li data-section-id=\"128l845\" data-start=\"805\" data-end=\"849\">Meestele: vastab suurusele (relaxed fit)<\/li>\n<li data-section-id=\"17eo36j\" data-start=\"850\" data-end=\"881\">Naistele: oversized m\u00f5\u00f5t<\/li>\n<\/ul>\n","protected":false},"excerpt":{"rendered":"<p data-start=\"98\" data-end=\"116\"><strong>PIIRATUD KOGUS<\/strong><\/p>\n<p>Valmistame kokku ainult 300 toodet. Lisatootmist ei tule. Iga toode valmib tellimuse alusel.\u00a0<strong>Tarneaeg kuni 14 p\u00e4eva.<\/strong>\u00a0Valmistatud teadlikult. Valmistatud just Sulle!<\/p>\n","protected":false},"featured_media":140143,"template":"","meta":[],"product_brand":[],"product_cat":[467,469,71,78,74,76,81,287],"product_tag":[],"class_list":{"0":"post-140172","1":"product","2":"type-product","3":"status-publish","4":"has-post-thumbnail","6":"product_cat-fight-gear-et","7":"product_cat-fight-gear-et-2","8":"product_cat-koik-tooted","9":"product_cat-mehed","10":"product_cat-naised","11":"product_cat-sargid-maikad","12":"product_cat-sargid-polod-maikad","13":"product_cat-new-products","15":"first","16":"instock","17":"taxable","18":"shipping-taxable","19":"purchasable","20":"product-type-variable"},"_links":{"self":[{"href":"https:\/\/piradosbrand.com\/et\/wp-json\/wp\/v2\/product\/140172","targetHints":{"allow":["GET"]}}],"collection":[{"href":"https:\/\/piradosbrand.com\/et\/wp-json\/wp\/v2\/product"}],"about":[{"href":"https:\/\/piradosbrand.com\/et\/wp-json\/wp\/v2\/types\/product"}],"wp:featuredmedia":[{"embeddable":true,"href":"https:\/\/piradosbrand.com\/et\/wp-json\/wp\/v2\/media\/140143"}],"wp:attachment":[{"href":"https:\/\/piradosbrand.com\/et\/wp-json\/wp\/v2\/media?parent=140172"}],"wp:term":[{"taxonomy":"product_brand","embeddable":true,"href":"https:\/\/piradosbrand.com\/et\/wp-json\/wp\/v2\/product_brand?post=140172"},{"taxonomy":"product_cat","embeddable":true,"href":"https:\/\/piradosbrand.com\/et\/wp-json\/wp\/v2\/product_cat?post=140172"},{"taxonomy":"product_tag","embeddable":true,"href":"https:\/\/piradosbrand.com\/et\/wp-json\/wp\/v2\/product_tag?post=140172"}],"curies":[{"name":"wp","href":"https:\/\/api.w.org\/{rel}","templated":true}]}}