{"id":140283,"date":"2026-04-08T13:49:51","date_gmt":"2026-04-08T10:49:51","guid":{"rendered":"https:\/\/piradosbrand.com\/product\/script-boxy-t-sark-must-tikand-2-varvi-2\/"},"modified":"2026-04-08T15:14:33","modified_gmt":"2026-04-08T12:14:33","slug":"script-boxy-t-sark-must-tikand-2-varvi-2","status":"publish","type":"product","link":"https:\/\/piradosbrand.com\/et\/toode\/script-boxy-t-sark-must-tikand-2-varvi-2\/","title":{"rendered":"\u201cSCRIPT\u201d Boxy T-S\u00e4rk \u2013 Valge Tikand (3 V\u00e4rvi)"},"content":{"rendered":"<p data-start=\"101\" data-end=\"129\"><strong data-start=\"101\" data-end=\"129\">PIRADOS OVERSIZED T-S\u00c4RK<\/strong><\/p>\n<p data-start=\"131\" data-end=\"176\">Puhas. Tugev. Igap\u00e4evaseks kandmiseks loodud.<\/p>\n<p data-start=\"178\" data-end=\"419\">See oversized T-s\u00e4rk on valmistatud 100% orgaanilisest kammitud ringspun puuvillast, pakkudes pehmet tunnet ja tugevat, premium struktuuri. Langevad \u00f5lad ja laiem kaelus loovad vaba silueti, mis sobib loomulikult igasse streetwear komplekti.<\/p>\n<p data-start=\"421\" data-end=\"497\">Vastupidav, hingav ja loodud s\u00e4ilitama oma kuju ka pikaajalisel kasutamisel.<\/p>\n<hr data-start=\"499\" data-end=\"502\" \/>\n<h2 data-section-id=\"1hoj649\" data-start=\"504\" data-end=\"515\">DETAILID<\/h2>\n<ul data-start=\"517\" data-end=\"799\">\n<li data-section-id=\"14o40zw\" data-start=\"517\" data-end=\"563\">100% orgaaniline kammitud ringspun puuvill<\/li>\n<li data-section-id=\"uyo0mq\" data-start=\"564\" data-end=\"587\">Kangakaal: 200 g\/m\u00b2<\/li>\n<li data-section-id=\"17bngvp\" data-start=\"588\" data-end=\"607\">Oversized l\u00f5ige<\/li>\n<li data-section-id=\"6zro18\" data-start=\"608\" data-end=\"627\">Set-in varrukad<\/li>\n<li data-section-id=\"dedtwm\" data-start=\"628\" data-end=\"645\">Langevad \u00f5lad<\/li>\n<li data-section-id=\"1gnbxik\" data-start=\"646\" data-end=\"671\">1 \u00d7 1 soonik kaelusel<\/li>\n<li data-section-id=\"12zjxm2\" data-start=\"672\" data-end=\"720\">Kaela sisek\u00fcljel samast kangast tugevduslint<\/li>\n<li data-section-id=\"116slsi\" data-start=\"721\" data-end=\"773\">Sertifitseeritud orgaaniline kangas (GOTS &amp; OCS)<\/li>\n<li data-section-id=\"1s1j9of\" data-start=\"774\" data-end=\"799\">Toodetud Bangladeshis<\/li>\n<\/ul>\n<hr data-start=\"801\" data-end=\"804\" \/>\n<h2 data-section-id=\"1hryhmm\" data-start=\"806\" data-end=\"812\">FIT<\/h2>\n<ul data-start=\"814\" data-end=\"833\">\n<li data-section-id=\"17bngvp\" data-start=\"814\" data-end=\"833\">Oversized l\u00f5ige<\/li>\n<\/ul>\n<p data-start=\"835\" data-end=\"906\">Soovitame valida \u00fcks suurus v\u00e4iksem, kui soovid tavap\u00e4rasemat istuvust.<\/p>\n","protected":false},"excerpt":{"rendered":"<p data-start=\"98\" data-end=\"116\"><strong>PIIRATUD KOGUS<\/strong><\/p>\n<p>Valmistame kokku ainult 300 toodet. Lisatootmist ei tule. Iga toode valmib tellimuse alusel.\u00a0<strong>Tarneaeg kuni 14 p\u00e4eva.<\/strong><\/p>\n","protected":false},"featured_media":140164,"template":"","meta":[],"product_brand":[],"product_cat":[71,78,74,76,81,287],"product_tag":[],"class_list":{"0":"post-140283","1":"product","2":"type-product","3":"status-publish","4":"has-post-thumbnail","6":"product_cat-koik-tooted","7":"product_cat-mehed","8":"product_cat-naised","9":"product_cat-sargid-maikad","10":"product_cat-sargid-polod-maikad","11":"product_cat-new-products","13":"first","14":"instock","15":"taxable","16":"shipping-taxable","17":"purchasable","18":"product-type-variable"},"_links":{"self":[{"href":"https:\/\/piradosbrand.com\/et\/wp-json\/wp\/v2\/product\/140283","targetHints":{"allow":["GET"]}}],"collection":[{"href":"https:\/\/piradosbrand.com\/et\/wp-json\/wp\/v2\/product"}],"about":[{"href":"https:\/\/piradosbrand.com\/et\/wp-json\/wp\/v2\/types\/product"}],"wp:featuredmedia":[{"embeddable":true,"href":"https:\/\/piradosbrand.com\/et\/wp-json\/wp\/v2\/media\/140164"}],"wp:attachment":[{"href":"https:\/\/piradosbrand.com\/et\/wp-json\/wp\/v2\/media?parent=140283"}],"wp:term":[{"taxonomy":"product_brand","embeddable":true,"href":"https:\/\/piradosbrand.com\/et\/wp-json\/wp\/v2\/product_brand?post=140283"},{"taxonomy":"product_cat","embeddable":true,"href":"https:\/\/piradosbrand.com\/et\/wp-json\/wp\/v2\/product_cat?post=140283"},{"taxonomy":"product_tag","embeddable":true,"href":"https:\/\/piradosbrand.com\/et\/wp-json\/wp\/v2\/product_tag?post=140283"}],"curies":[{"name":"wp","href":"https:\/\/api.w.org\/{rel}","templated":true}]}}