{"id":140458,"date":"2026-04-15T13:02:51","date_gmt":"2026-04-15T10:02:51","guid":{"rendered":"https:\/\/piradosbrand.com\/product\/og-x-estonia-womens-cropped-windbreaker\/"},"modified":"2026-04-15T13:32:41","modified_gmt":"2026-04-15T10:32:41","slug":"og-x-estonia-womens-cropped-windbreaker","status":"publish","type":"product","link":"https:\/\/piradosbrand.com\/et\/toode\/og-x-estonia-womens-cropped-windbreaker\/","title":{"rendered":"\u201cOG x ESTONIA\u201d NAISTE CROPPED WINDBREAKER"},"content":{"rendered":"<p><img loading=\"lazy\" decoding=\"async\" class=\"alignnone wp-image-137567 size-full\" src=\"https:\/\/piradosbrand.com\/wp-content\/uploads\/2026\/03\/Heart-Queen-Womens-Cropped-Windbreaker-Size-Guide-1-e1776248439435.png\" alt=\"\" width=\"2400\" height=\"1272\" srcset=\"https:\/\/piradosbrand.com\/wp-content\/uploads\/2026\/03\/Heart-Queen-Womens-Cropped-Windbreaker-Size-Guide-1-e1776248439435.png 2400w, https:\/\/piradosbrand.com\/wp-content\/uploads\/2026\/03\/Heart-Queen-Womens-Cropped-Windbreaker-Size-Guide-1-e1776248439435-300x159.png 300w, https:\/\/piradosbrand.com\/wp-content\/uploads\/2026\/03\/Heart-Queen-Womens-Cropped-Windbreaker-Size-Guide-1-e1776248439435-1024x543.png 1024w, https:\/\/piradosbrand.com\/wp-content\/uploads\/2026\/03\/Heart-Queen-Womens-Cropped-Windbreaker-Size-Guide-1-e1776248439435-768x407.png 768w, https:\/\/piradosbrand.com\/wp-content\/uploads\/2026\/03\/Heart-Queen-Womens-Cropped-Windbreaker-Size-Guide-1-e1776248439435-1536x814.png 1536w, https:\/\/piradosbrand.com\/wp-content\/uploads\/2026\/03\/Heart-Queen-Womens-Cropped-Windbreaker-Size-Guide-1-e1776248439435-2048x1085.png 2048w, https:\/\/piradosbrand.com\/wp-content\/uploads\/2026\/03\/Heart-Queen-Womens-Cropped-Windbreaker-Size-Guide-1-e1776248439435-480x254.png 480w\" sizes=\"auto, (max-width: 2400px) 100vw, 2400px\" \/><\/p>\n<p>Kerge vett h\u00fclgav kangas ja hingav mesh-vooder hoiavad jope mugavana, samal ajal kui reguleeritav kapuuts ja v\u00f6\u00f6koht v\u00f5imaldavad istuvust s\u00e4ttida.<\/p>\n<p><strong>OMADUSED<\/strong><\/p>\n<p data-start=\"546\" data-end=\"844\">\u2022 Cropped windbreaker l\u00f5ige<br data-start=\"573\" data-end=\"576\" \/>\u2022 Kerge ja vett h\u00fclgav kangas<br data-start=\"605\" data-end=\"608\" \/>\u2022 Hingav mesh-vooder<br data-start=\"628\" data-end=\"631\" \/>\u2022 Reguleeritavad pingutusn\u00f6\u00f6rid kapuutsil ja v\u00f6\u00f6kohal<br data-start=\"684\" data-end=\"687\" \/>\u2022 Elastsed varrukaotsad<br data-start=\"710\" data-end=\"713\" \/>\u2022 Poolpikk lukk ees<br data-start=\"732\" data-end=\"735\" \/>\u2022 K\u00fcljetaskud<br data-start=\"748\" data-end=\"751\" \/>\u2022 Julge Pirados <strong data-start=\"767\" data-end=\"782\">Heart Queen<\/strong> disain<br data-start=\"789\" data-end=\"792\" \/>\u2022 Sobib ideaalselt k\u00f5ikide <strong data-start=\"819\" data-end=\"834\">Heart Queen<\/strong> toodetega<\/p>\n<p data-section-id=\"1a6t23x\" data-start=\"846\" data-end=\"857\"><strong>MATERJAL<\/strong><\/p>\n<p data-start=\"859\" data-end=\"960\">\u2022 100% pol\u00fcester<br data-start=\"875\" data-end=\"878\" \/>\u2022 Hingav mesh-vooder (v\u00e4hendab staatilist elektrit)<\/p>\n","protected":false},"excerpt":{"rendered":"<p>Valmistame kokku ainult <strong data-start=\"989\" data-end=\"1003\">300 toodet<\/strong>. Lisatootmist ei tule. Kui on otsas, siis on otsas. Iga toode valmistatakse tellimuse alusel. Tootmis- ja tarneaeg kuni <strong data-start=\"1124\" data-end=\"1136\">28 p\u00e4eva<\/strong>.<\/p>\n","protected":false},"featured_media":140455,"template":"","meta":[],"product_brand":[],"product_cat":[71,287,74,75],"product_tag":[],"class_list":{"0":"post-140458","1":"product","2":"type-product","3":"status-publish","4":"has-post-thumbnail","6":"product_cat-koik-tooted","7":"product_cat-new-products","8":"product_cat-naised","9":"product_cat-dressipluusid-pusad","11":"first","12":"instock","13":"taxable","14":"shipping-taxable","15":"purchasable","16":"product-type-variable"},"_links":{"self":[{"href":"https:\/\/piradosbrand.com\/et\/wp-json\/wp\/v2\/product\/140458","targetHints":{"allow":["GET"]}}],"collection":[{"href":"https:\/\/piradosbrand.com\/et\/wp-json\/wp\/v2\/product"}],"about":[{"href":"https:\/\/piradosbrand.com\/et\/wp-json\/wp\/v2\/types\/product"}],"wp:featuredmedia":[{"embeddable":true,"href":"https:\/\/piradosbrand.com\/et\/wp-json\/wp\/v2\/media\/140455"}],"wp:attachment":[{"href":"https:\/\/piradosbrand.com\/et\/wp-json\/wp\/v2\/media?parent=140458"}],"wp:term":[{"taxonomy":"product_brand","embeddable":true,"href":"https:\/\/piradosbrand.com\/et\/wp-json\/wp\/v2\/product_brand?post=140458"},{"taxonomy":"product_cat","embeddable":true,"href":"https:\/\/piradosbrand.com\/et\/wp-json\/wp\/v2\/product_cat?post=140458"},{"taxonomy":"product_tag","embeddable":true,"href":"https:\/\/piradosbrand.com\/et\/wp-json\/wp\/v2\/product_tag?post=140458"}],"curies":[{"name":"wp","href":"https:\/\/api.w.org\/{rel}","templated":true}]}}