{"id":140465,"date":"2026-04-15T13:00:07","date_gmt":"2026-04-15T10:00:07","guid":{"rendered":"https:\/\/piradosbrand.com\/product\/og-x-estonia-windbreaker-shadow\/"},"modified":"2026-04-15T13:00:07","modified_gmt":"2026-04-15T10:00:07","slug":"og-x-estonia-windbreaker-shadow","status":"publish","type":"product","link":"https:\/\/piradosbrand.com\/et\/toode\/og-x-estonia-windbreaker-shadow\/","title":{"rendered":"&#8220;OG x ESTONIA&#8221; Windbreaker &#8211; SHADOW"},"content":{"rendered":"<p><img loading=\"lazy\" decoding=\"async\" class=\"alignnone size-full wp-image-136771\" src=\"https:\/\/piradosbrand.com\/wp-content\/uploads\/2026\/03\/2026-og-windbreaker-eng.png\" alt=\"\" width=\"2400\" height=\"1908\" srcset=\"https:\/\/piradosbrand.com\/wp-content\/uploads\/2026\/03\/2026-og-windbreaker-eng.png 2400w, https:\/\/piradosbrand.com\/wp-content\/uploads\/2026\/03\/2026-og-windbreaker-eng-300x239.png 300w, https:\/\/piradosbrand.com\/wp-content\/uploads\/2026\/03\/2026-og-windbreaker-eng-1024x814.png 1024w, https:\/\/piradosbrand.com\/wp-content\/uploads\/2026\/03\/2026-og-windbreaker-eng-768x611.png 768w, https:\/\/piradosbrand.com\/wp-content\/uploads\/2026\/03\/2026-og-windbreaker-eng-1536x1221.png 1536w, https:\/\/piradosbrand.com\/wp-content\/uploads\/2026\/03\/2026-og-windbreaker-eng-2048x1628.png 2048w, https:\/\/piradosbrand.com\/wp-content\/uploads\/2026\/03\/2026-og-windbreaker-eng-480x382.png 480w\" sizes=\"auto, (max-width: 2400px) 100vw, 2400px\" \/><\/p>\n<p>Kerge ja vett h\u00fclgav <strong data-start=\"478\" data-end=\"493\">tuulejakk<\/strong>, mis on loodud igap\u00e4evaseks liikumiseks ja muutlikuks ilmaks. Hingav mesh-vooder hoiab jope mugavana kogu p\u00e4eva ning puhas l\u00f5ige sobib h\u00e4sti erinevate streetwear outfit\u2019idega. Kanna seda eraldi v\u00f5i kombineeri <strong data-start=\"704\" data-end=\"730\">OG Track Pants<\/strong>\u00a0p\u00fckstega, et luua t\u00e4ielik <strong data-start=\"757\" data-end=\"773\">OG tracksuit<\/strong>.<\/p>\n<p><strong>TEHNILISED ANDMED<\/strong><\/p>\n<p data-start=\"853\" data-end=\"1051\">\u2022 100% pol\u00fcester<br data-start=\"869\" data-end=\"872\" \/>\u2022 Kanga kaal: 75 g\/m\u00b2<br data-start=\"893\" data-end=\"896\" \/>\u2022 Kerge ja vett h\u00fclgav materjal<br data-start=\"927\" data-end=\"930\" \/>\u2022 Hingav mesh-vooder<br data-start=\"950\" data-end=\"953\" \/>\u2022 Regular fit l\u00f5ige<br data-start=\"972\" data-end=\"975\" \/>\u2022 Elastsed varrukaotsad<br data-start=\"998\" data-end=\"1001\" \/>\u2022 Kapuuts ja lukkudega k\u00fcljetaskud<br data-start=\"1025\" data-end=\"1028\" \/>\u2022 T\u00e4ispikk eesmine lukk<\/p>\n","protected":false},"excerpt":{"rendered":"<p><strong data-start=\"181\" data-end=\"199\">M\u00dc\u00dcME AINULT 300 TK. <\/strong>Lisatootmist ei tule. Teist drop\u2019i ei tule. Kui toode on l\u00e4bi m\u00fc\u00fcdud, siis ongi l\u00e4bi. Iga ese valmistatakse tellimuse alusel. <strong data-start=\"411\" data-end=\"452\">Tootmise ja tarne aeg: kuni 28 p\u00e4eva.<\/strong><\/p>\n","protected":false},"featured_media":140422,"template":"","meta":[],"product_brand":[],"product_cat":[79,71,78,287],"product_tag":[],"class_list":{"0":"post-140465","1":"product","2":"type-product","3":"status-publish","4":"has-post-thumbnail","6":"product_cat-dressipluusid-pusad-et","7":"product_cat-koik-tooted","8":"product_cat-mehed","9":"product_cat-new-products","11":"first","12":"instock","13":"taxable","14":"shipping-taxable","15":"purchasable","16":"product-type-variable"},"_links":{"self":[{"href":"https:\/\/piradosbrand.com\/et\/wp-json\/wp\/v2\/product\/140465","targetHints":{"allow":["GET"]}}],"collection":[{"href":"https:\/\/piradosbrand.com\/et\/wp-json\/wp\/v2\/product"}],"about":[{"href":"https:\/\/piradosbrand.com\/et\/wp-json\/wp\/v2\/types\/product"}],"wp:featuredmedia":[{"embeddable":true,"href":"https:\/\/piradosbrand.com\/et\/wp-json\/wp\/v2\/media\/140422"}],"wp:attachment":[{"href":"https:\/\/piradosbrand.com\/et\/wp-json\/wp\/v2\/media?parent=140465"}],"wp:term":[{"taxonomy":"product_brand","embeddable":true,"href":"https:\/\/piradosbrand.com\/et\/wp-json\/wp\/v2\/product_brand?post=140465"},{"taxonomy":"product_cat","embeddable":true,"href":"https:\/\/piradosbrand.com\/et\/wp-json\/wp\/v2\/product_cat?post=140465"},{"taxonomy":"product_tag","embeddable":true,"href":"https:\/\/piradosbrand.com\/et\/wp-json\/wp\/v2\/product_tag?post=140465"}],"curies":[{"name":"wp","href":"https:\/\/api.w.org\/{rel}","templated":true}]}}