{"id":39987,"date":"2020-05-01T15:58:06","date_gmt":"2019-04-28T08:43:11","guid":{"rendered":"https:\/\/piradosbrand.com\/?post_type=product&#038;p=39987"},"modified":"2026-04-10T13:32:32","modified_gmt":"2026-04-10T10:32:32","slug":"t-shirt-el-patron-white","status":"publish","type":"product","link":"https:\/\/piradosbrand.com\/et\/toode\/t-shirt-el-patron-white\/","title":{"rendered":"T-shirt &#8220;EL&#8217; PATRON&#8221; White"},"content":{"rendered":"<p data-start=\"21\" data-end=\"153\">&#8220;EL PATRON&#8221; T-s\u00e4rk on loodud igap\u00e4evaseks kandmiseks \u2013 puhas v\u00e4limus ja pikaajaline kvaliteet.<\/p>\n<p data-start=\"155\" data-end=\"220\">Pehme naha vastas. Loodud kestma aastateks.<\/p>\n<p data-start=\"222\" data-end=\"267\">Ideaalne linna, t\u00e4navale, trenni v\u00f5i reisile.<\/p>\n<p data-start=\"269\" data-end=\"289\"><strong data-start=\"269\" data-end=\"289\">Premium omadused<\/strong><\/p>\n<p data-start=\"291\" data-end=\"579\">\u2022 190 g\/m\u00b2 raske single jersey kangas<br data-start=\"328\" data-end=\"331\" \/>\u2022 100% kammitud ja ens\u00fc\u00fcmidega pestud puuvill<br data-start=\"376\" data-end=\"379\" \/>\u2022 Oeko-Tex sertifikaadiga<br data-start=\"404\" data-end=\"407\" \/>\u2022 Tugev l\u00fckra-ribikrae<br data-start=\"429\" data-end=\"432\" \/>\u2022 Kaelapael lisakindluseks<br data-start=\"458\" data-end=\"461\" \/>\u2022 Topelt\u00f5mblused<br data-start=\"477\" data-end=\"480\" \/>\u2022 K\u00fcljel\u00f5iked parema struktuuri jaoks<br data-start=\"517\" data-end=\"520\" \/>\u2022 Premium streetwear l\u00f5ige<br data-start=\"546\" data-end=\"549\" \/>\u2022 Vastupidav kvaliteetkangas<\/p>\n<p data-start=\"581\" data-end=\"590\"><strong data-start=\"581\" data-end=\"590\">L\u00f5ige<\/strong><\/p>\n<p data-start=\"592\" data-end=\"672\">Regular \/ relaxed fit<br data-start=\"613\" data-end=\"616\" \/>Meestele vastab suurusele<br data-start=\"641\" data-end=\"644\" \/>Naistele oversized v\u00e4limus<\/p>\n<p data-start=\"674\" data-end=\"708\">(Kui kahtled, vaata suurustabelit)<\/p>\n<p data-start=\"710\" data-end=\"728\"><strong data-start=\"710\" data-end=\"728\">Piiratud kogus<\/strong><\/p>\n<p data-start=\"730\" data-end=\"790\" data-is-last-node=\"\" data-is-only-node=\"\">Ainult 1000 tk \u00fcle maailma<br data-start=\"756\" data-end=\"759\" \/>P\u00e4rast seda \u2192 suletud igaveseks<\/p>\n","protected":false},"excerpt":{"rendered":"<p data-start=\"0\" data-end=\"201\"><strong data-start=\"0\" data-end=\"24\">\u201cEL&#8217; PATRON\u201d<\/strong>\u00a0on selge joonega statement-T-s\u00e4rk, loodud igap\u00e4evaseks kandmiseks. Mugav, paindlik ja vormi hoidev kangas teeb sellest ideaalse valiku t\u00e4navale, trenni v\u00f5i casual-stiili jaoks.<\/p>\n<p data-start=\"203\" data-end=\"227\">Lihtne. Julge. M\u00e4rgatav.<\/p>\n<p data-start=\"229\" data-end=\"340\">Toode on meie esinduspoe laos ja valmis saatmiseks.<br data-start=\"280\" data-end=\"283\" \/>Tellimused paneme teele maksimaalselt 2 t\u00f6\u00f6p\u00e4eva jooksul.<\/p>\n<p data-start=\"342\" data-end=\"432\" data-is-last-node=\"\" data-is-only-node=\"\">Maailmas on toodetud ainult 1000 tk.<br data-start=\"378\" data-end=\"381\" \/>Kui sinu suurus on otsas, siis see toode on l\u00e4inud.<\/p>\n<p><img loading=\"lazy\" decoding=\"async\" class=\"alignnone size-full wp-image-114210\" src=\"https:\/\/piradosbrand.com\/wp-content\/uploads\/2020\/05\/000102_Heavy_Luxe-2.png\" alt=\"\" width=\"1691\" height=\"191\" srcset=\"https:\/\/piradosbrand.com\/wp-content\/uploads\/2020\/05\/000102_Heavy_Luxe-2.png 1691w, https:\/\/piradosbrand.com\/wp-content\/uploads\/2020\/05\/000102_Heavy_Luxe-2-300x34.png 300w, https:\/\/piradosbrand.com\/wp-content\/uploads\/2020\/05\/000102_Heavy_Luxe-2-1024x116.png 1024w, https:\/\/piradosbrand.com\/wp-content\/uploads\/2020\/05\/000102_Heavy_Luxe-2-768x87.png 768w, https:\/\/piradosbrand.com\/wp-content\/uploads\/2020\/05\/000102_Heavy_Luxe-2-1536x173.png 1536w, https:\/\/piradosbrand.com\/wp-content\/uploads\/2020\/05\/000102_Heavy_Luxe-2-480x54.png 480w\" sizes=\"auto, (max-width: 1691px) 100vw, 1691px\" \/><\/p>\n","protected":false},"featured_media":134778,"template":"","meta":[],"product_brand":[],"product_cat":[71,78,74,76,81],"product_tag":[1283,1280,1282,1281,530,91,1278,1277,97,1284,1279],"class_list":{"0":"post-39987","1":"product","2":"type-product","3":"status-publish","4":"has-post-thumbnail","6":"product_cat-koik-tooted","7":"product_cat-mehed","8":"product_cat-naised","9":"product_cat-sargid-maikad","10":"product_cat-sargid-polod-maikad","11":"product_tag-hip-hop-tee-et","12":"product_tag-logo-t-sark-et","13":"product_tag-must-t-sark-et","14":"product_tag-oversized-t-shirt-et","15":"product_tag-pirados-et","16":"product_tag-shirt-et","17":"product_tag-streetwear-t-sark-et","18":"product_tag-t-sark-et","19":"product_tag-t-shirt-et","20":"product_tag-tattoo-shirt-et","21":"product_tag-urban-style-tee-et","23":"first","24":"instock","25":"taxable","26":"shipping-taxable","27":"purchasable","28":"product-type-variable"},"_links":{"self":[{"href":"https:\/\/piradosbrand.com\/et\/wp-json\/wp\/v2\/product\/39987","targetHints":{"allow":["GET"]}}],"collection":[{"href":"https:\/\/piradosbrand.com\/et\/wp-json\/wp\/v2\/product"}],"about":[{"href":"https:\/\/piradosbrand.com\/et\/wp-json\/wp\/v2\/types\/product"}],"wp:featuredmedia":[{"embeddable":true,"href":"https:\/\/piradosbrand.com\/et\/wp-json\/wp\/v2\/media\/134778"}],"wp:attachment":[{"href":"https:\/\/piradosbrand.com\/et\/wp-json\/wp\/v2\/media?parent=39987"}],"wp:term":[{"taxonomy":"product_brand","embeddable":true,"href":"https:\/\/piradosbrand.com\/et\/wp-json\/wp\/v2\/product_brand?post=39987"},{"taxonomy":"product_cat","embeddable":true,"href":"https:\/\/piradosbrand.com\/et\/wp-json\/wp\/v2\/product_cat?post=39987"},{"taxonomy":"product_tag","embeddable":true,"href":"https:\/\/piradosbrand.com\/et\/wp-json\/wp\/v2\/product_tag?post=39987"}],"curies":[{"name":"wp","href":"https:\/\/api.w.org\/{rel}","templated":true}]}}