{"id":47073,"date":"2025-11-19T07:57:59","date_gmt":"2019-09-29T07:48:04","guid":{"rendered":"https:\/\/piradosbrand.com\/?post_type=product&#038;p=47073"},"modified":"2026-02-13T17:02:45","modified_gmt":"2026-02-13T15:02:45","slug":"full-zip-kapuutsiga-dressipluus-pirados-loko-3-0-x-finland-must","status":"publish","type":"product","link":"https:\/\/piradosbrand.com\/et\/toode\/full-zip-kapuutsiga-dressipluus-pirados-loko-3-0-x-finland-must\/","title":{"rendered":"FULL-ZIP KAPUUTSIGA DRESSIPLUUS \u201cPIRADOS LOKO 3.0 x FINLAND\u201d Must"},"content":{"rendered":"<p data-start=\"21\" data-end=\"414\">\u2022 350 g\/m\u00b2 raskekaaluline kangas<br data-start=\"53\" data-end=\"56\" \/>\u2022 65% kammitud puuvill \/ 35% pol\u00fcester<br data-start=\"94\" data-end=\"97\" \/>\u2022 Pehme harjatud sisepind<br data-start=\"122\" data-end=\"125\" \/>\u2022 T\u00e4ispikk YKK lukk<br data-start=\"144\" data-end=\"147\" \/>\u2022 Kaks esitaskut peidetud YKK lukkudega (raha, telefon ja v\u00f5tmed p\u00fcsivad turvaliselt)<br data-start=\"232\" data-end=\"235\" \/>\u2022 Kahekordne kapuuts laiade ja lamedate n\u00f6\u00f6ridega<br data-start=\"284\" data-end=\"287\" \/>\u2022 Laiad l\u00fckra-ribak\u00e4ised<br data-start=\"311\" data-end=\"314\" \/>\u2022 Tugevdatud topelt\u00f5mblused<br data-start=\"341\" data-end=\"344\" \/>\u2022 K\u00fcljel\u00f5iked parema struktuuri jaoks<br data-start=\"381\" data-end=\"384\" \/>\u2022 K\u00f5ik kujundused on tikitud<\/p>\n<hr data-start=\"416\" data-end=\"419\" \/>\n<h2 data-start=\"421\" data-end=\"429\">L\u00f5ige<\/h2>\n<p data-start=\"431\" data-end=\"521\">Regular \/ relaxed fit<br data-start=\"452\" data-end=\"455\" \/>Meestele vastab tavap\u00e4rasele suurusele<br data-start=\"493\" data-end=\"496\" \/>Naistele oversized look<\/p>\n<p data-start=\"523\" data-end=\"559\">(Kui kahtled, tutvu suurustabeliga.)<\/p>\n","protected":false},"excerpt":{"rendered":"<h2 data-start=\"566\" data-end=\"583\">Piiratud kogus<\/h2>\n<p data-start=\"585\" data-end=\"654\">Maailmas vaid 300 tk. J\u00e4reltellimust ei tule. Teist drop\u2019i ei tule. Toode on esinduspoe laos ja valmis saatmiseks. Paneme tellimused teele maksimaalselt 2 t\u00f6\u00f6p\u00e4eva jooksul.<\/p>\n<p data-start=\"764\" data-end=\"823\">Kui sinu suurus on otsas, siis see toode on j\u00e4\u00e4davalt l\u00e4bi.<\/p>\n<hr data-start=\"825\" data-end=\"828\" \/>\n<p data-start=\"830\" data-end=\"1047\">Full-Zip Hoodie &#8220;Pirados LOKO 3.0 x Finland&#8221; on kvaliteetne ja raskest kangast pusa, mille sisek\u00fclg on kergelt harjatud, et tagada maksimaalne mugavus. Loodud igap\u00e4evaseks kandmiseks, s\u00e4ilitades oma vormi ja istuvuse.<\/p>\n<p data-start=\"1049\" data-end=\"1105\">Pehme seest. Tugev v\u00e4ljast. Tehtud kestma aastateks.<\/p>\n<p data-start=\"1107\" data-end=\"1175\" data-is-last-node=\"\" data-is-only-node=\"\">Sobib igap\u00e4evaseks kandmiseks &#8211; linnas, t\u00e4naval, trennis v\u00f5i reisil.<\/p>\n","protected":false},"featured_media":50566,"template":"","meta":[],"product_brand":[],"product_cat":[75,79,71,78,74],"product_tag":[85,1530,1531,96],"class_list":{"0":"post-47073","1":"product","2":"type-product","3":"status-publish","4":"has-post-thumbnail","6":"product_cat-dressipluusid-pusad","7":"product_cat-dressipluusid-pusad-et","8":"product_cat-koik-tooted","9":"product_cat-mehed","10":"product_cat-naised","11":"product_tag-hoodie-et","12":"product_tag-soome","13":"product_tag-suomi-et","14":"product_tag-sweatshirt-et","16":"first","17":"instock","18":"taxable","19":"shipping-taxable","20":"purchasable","21":"product-type-variable"},"_links":{"self":[{"href":"https:\/\/piradosbrand.com\/et\/wp-json\/wp\/v2\/product\/47073","targetHints":{"allow":["GET"]}}],"collection":[{"href":"https:\/\/piradosbrand.com\/et\/wp-json\/wp\/v2\/product"}],"about":[{"href":"https:\/\/piradosbrand.com\/et\/wp-json\/wp\/v2\/types\/product"}],"wp:featuredmedia":[{"embeddable":true,"href":"https:\/\/piradosbrand.com\/et\/wp-json\/wp\/v2\/media\/50566"}],"wp:attachment":[{"href":"https:\/\/piradosbrand.com\/et\/wp-json\/wp\/v2\/media?parent=47073"}],"wp:term":[{"taxonomy":"product_brand","embeddable":true,"href":"https:\/\/piradosbrand.com\/et\/wp-json\/wp\/v2\/product_brand?post=47073"},{"taxonomy":"product_cat","embeddable":true,"href":"https:\/\/piradosbrand.com\/et\/wp-json\/wp\/v2\/product_cat?post=47073"},{"taxonomy":"product_tag","embeddable":true,"href":"https:\/\/piradosbrand.com\/et\/wp-json\/wp\/v2\/product_tag?post=47073"}],"curies":[{"name":"wp","href":"https:\/\/api.w.org\/{rel}","templated":true}]}}