{"id":63720,"date":"2020-12-31T06:53:34","date_gmt":"2020-12-31T04:53:35","guid":{"rendered":"https:\/\/piradosbrand.com\/?post_type=product&#038;p=63720"},"modified":"2026-04-08T14:22:45","modified_gmt":"2026-04-08T11:22:45","slug":"t-sark-pirados-streetwear-valge","status":"publish","type":"product","link":"https:\/\/piradosbrand.com\/et\/toode\/t-sark-pirados-streetwear-valge\/","title":{"rendered":"T-s\u00e4rk &#8220;Pirados Streetwear&#8221; Valge"},"content":{"rendered":"<div id=\"product-64028\" class=\"product type-product post-64028 status-publish first instock product_cat-koik-tooted product_cat-mehed product_cat-naised product_cat-sargid-maikad product_cat-sargid-polod-maikad product_tag-hip-hop-tee-et product_tag-logo-t-sark-et product_tag-must-t-sark-et product_tag-oversized-t-shirt-et product_tag-pirados-et product_tag-shirt-et product_tag-streetwear-t-sark-et product_tag-t-sark-et product_tag-t-shirt-et product_tag-tattoo-shirt-et product_tag-urban-style-tee-et has-post-thumbnail taxable shipping-taxable purchasable product-type-variable\">\n<div class=\"woocommerce-tabs\">\n<div id=\"tab-description\" class=\"panel entry-content current\">\n<div class=\"row\">\n<div class=\"large-8 xlarge-6 large-centered xlarge-centered columns\">\n<p data-start=\"21\" data-end=\"153\">Pirados Streetwear T-s\u00e4rk on loodud igap\u00e4evaseks kandmiseks \u2013 puhas v\u00e4limus ja pikaajaline kvaliteet.<\/p>\n<p data-start=\"155\" data-end=\"220\">Pehme naha vastas. Loodud kestma aastateks.<\/p>\n<p data-start=\"222\" data-end=\"267\">Ideaalne linna, t\u00e4navale, trenni v\u00f5i reisile.<\/p>\n<p data-start=\"269\" data-end=\"289\"><strong data-start=\"269\" data-end=\"289\">Premium omadused<\/strong><\/p>\n<p data-start=\"291\" data-end=\"579\">\u2022 190 g\/m\u00b2 raske single jersey kangas<br data-start=\"328\" data-end=\"331\" \/>\u2022 100% kammitud ja ens\u00fc\u00fcmidega pestud puuvill<br data-start=\"376\" data-end=\"379\" \/>\u2022 Oeko-Tex sertifikaadiga<br data-start=\"404\" data-end=\"407\" \/>\u2022 Tugev l\u00fckra-ribikrae<br data-start=\"429\" data-end=\"432\" \/>\u2022 Kaelapael lisakindluseks<br data-start=\"458\" data-end=\"461\" \/>\u2022 Topelt\u00f5mblused<br data-start=\"477\" data-end=\"480\" \/>\u2022 K\u00fcljel\u00f5iked parema struktuuri jaoks<br data-start=\"517\" data-end=\"520\" \/>\u2022 Premium streetwear l\u00f5ige<br data-start=\"546\" data-end=\"549\" \/>\u2022 Vastupidav kvaliteetkangas<\/p>\n<p data-start=\"581\" data-end=\"590\"><strong data-start=\"581\" data-end=\"590\">L\u00f5ige<\/strong><\/p>\n<p data-start=\"592\" data-end=\"672\">Regular \/ relaxed fit<br data-start=\"613\" data-end=\"616\" \/>Meestele vastab suurusele<br data-start=\"641\" data-end=\"644\" \/>Naistele oversized v\u00e4limus<\/p>\n<p data-start=\"674\" data-end=\"708\">(Kui kahtled, vaata suurustabelit)<\/p>\n<p data-start=\"710\" data-end=\"728\"><strong data-start=\"710\" data-end=\"728\">Piiratud kogus<\/strong><\/p>\n<p data-start=\"730\" data-end=\"790\" data-is-last-node=\"\" data-is-only-node=\"\">Ainult 1000 tk \u00fcle maailma<br data-start=\"756\" data-end=\"759\" \/>P\u00e4rast seda \u2192 suletud igaveseks<\/p>\n<\/div>\n<\/div>\n<\/div>\n<\/div>\n<\/div>\n","protected":false},"excerpt":{"rendered":"<div class=\"woocommerce-product-details__short-description\">\n<p data-start=\"0\" data-end=\"201\"><strong data-start=\"0\" data-end=\"24\">\u201cPirados Streetwear\u201d<\/strong>\u00a0on selge joonega statement-T-s\u00e4rk, loodud igap\u00e4evaseks kandmiseks. Mugav, paindlik ja vormi hoidev kangas teeb sellest ideaalse valiku t\u00e4navale, trenni v\u00f5i casual-stiili jaoks.<\/p>\n<p data-start=\"203\" data-end=\"227\">Lihtne. Julge. M\u00e4rgatav.<\/p>\n<p data-start=\"229\" data-end=\"340\">Toode on meie esinduspoe laos ja valmis saatmiseks.<br data-start=\"280\" data-end=\"283\" \/>Tellimused paneme teele maksimaalselt 2 t\u00f6\u00f6p\u00e4eva jooksul.<\/p>\n<p data-start=\"342\" data-end=\"432\" data-is-last-node=\"\" data-is-only-node=\"\">Maailmas on toodetud ainult 1000 tk.<br data-start=\"378\" data-end=\"381\" \/>Kui sinu suurus on otsas, siis see toode on l\u00e4inud!<\/p>\n<\/div>\n","protected":false},"featured_media":76902,"template":"","meta":[],"product_brand":[],"product_cat":[71,78,81,74,76],"product_tag":[1283,1280,1282,1281,530,91,1278,1277,97,1284,1279],"class_list":{"0":"post-63720","1":"product","2":"type-product","3":"status-publish","4":"has-post-thumbnail","6":"product_cat-koik-tooted","7":"product_cat-mehed","8":"product_cat-sargid-polod-maikad","9":"product_cat-naised","10":"product_cat-sargid-maikad","11":"product_tag-hip-hop-tee-et","12":"product_tag-logo-t-sark-et","13":"product_tag-must-t-sark-et","14":"product_tag-oversized-t-shirt-et","15":"product_tag-pirados-et","16":"product_tag-shirt-et","17":"product_tag-streetwear-t-sark-et","18":"product_tag-t-sark-et","19":"product_tag-t-shirt-et","20":"product_tag-tattoo-shirt-et","21":"product_tag-urban-style-tee-et","23":"first","24":"instock","25":"taxable","26":"shipping-taxable","27":"purchasable","28":"product-type-variable"},"_links":{"self":[{"href":"https:\/\/piradosbrand.com\/et\/wp-json\/wp\/v2\/product\/63720","targetHints":{"allow":["GET"]}}],"collection":[{"href":"https:\/\/piradosbrand.com\/et\/wp-json\/wp\/v2\/product"}],"about":[{"href":"https:\/\/piradosbrand.com\/et\/wp-json\/wp\/v2\/types\/product"}],"wp:featuredmedia":[{"embeddable":true,"href":"https:\/\/piradosbrand.com\/et\/wp-json\/wp\/v2\/media\/76902"}],"wp:attachment":[{"href":"https:\/\/piradosbrand.com\/et\/wp-json\/wp\/v2\/media?parent=63720"}],"wp:term":[{"taxonomy":"product_brand","embeddable":true,"href":"https:\/\/piradosbrand.com\/et\/wp-json\/wp\/v2\/product_brand?post=63720"},{"taxonomy":"product_cat","embeddable":true,"href":"https:\/\/piradosbrand.com\/et\/wp-json\/wp\/v2\/product_cat?post=63720"},{"taxonomy":"product_tag","embeddable":true,"href":"https:\/\/piradosbrand.com\/et\/wp-json\/wp\/v2\/product_tag?post=63720"}],"curies":[{"name":"wp","href":"https:\/\/api.w.org\/{rel}","templated":true}]}}