{"id":73072,"date":"2021-11-10T10:07:09","date_gmt":"2021-07-12T07:07:11","guid":{"rendered":"https:\/\/piradosbrand.com\/?post_type=product&#038;p=73072"},"modified":"2026-02-20T12:09:56","modified_gmt":"2026-02-20T10:09:56","slug":"dressipluus-pirados-x-estonia-must","status":"publish","type":"product","link":"https:\/\/piradosbrand.com\/et\/toode\/dressipluus-pirados-x-estonia-must\/","title":{"rendered":"Dressipluus  &#8220;Pirados x Estonia&#8221; Must"},"content":{"rendered":"<p data-start=\"252\" data-end=\"319\"><strong data-start=\"252\" data-end=\"319\">Must: 92% puuvill \/ 8% elastaan<br data-start=\"285\" data-end=\"288\" \/>Kaal: 320 g\/m\u00b2<br data-start=\"302\" data-end=\"305\" \/>French terry<\/strong><\/p>\n<p data-start=\"321\" data-end=\"585\">French terry on kvaliteetne puuvillane kangas, mida kasutatakse spordir\u00f5ivastes. Sisek\u00fcljel olevad aasad aitavad niiskust paremini imada, samal ajal kui v\u00e4lispind j\u00e4\u00e4b sile ja puhas. Elastaani lisamine muudab kanga paindlikumaks ning tagab parema liikumisvabaduse.<\/p>\n","protected":false},"excerpt":{"rendered":"<p>Toode on meie esinduspoe laos ja valmis saatmiseks.<br data-start=\"280\" data-end=\"283\" \/>Tellimused paneme teele maksimaalselt 2 t\u00f6\u00f6p\u00e4eva jooksul.<\/p>\n","protected":false},"featured_media":73156,"template":"","meta":[],"product_brand":[],"product_cat":[79,75,71,78,74,287],"product_tag":[875,585,85,96],"class_list":{"0":"post-73072","1":"product","2":"type-product","3":"status-publish","4":"has-post-thumbnail","6":"product_cat-dressipluusid-pusad-et","7":"product_cat-dressipluusid-pusad","8":"product_cat-koik-tooted","9":"product_cat-mehed","10":"product_cat-naised","11":"product_cat-new-products","12":"product_tag-eesti-et","13":"product_tag-estonia-et","14":"product_tag-hoodie-et","15":"product_tag-sweatshirt-et","17":"first","18":"instock","19":"taxable","20":"shipping-taxable","21":"purchasable","22":"product-type-variable"},"_links":{"self":[{"href":"https:\/\/piradosbrand.com\/et\/wp-json\/wp\/v2\/product\/73072","targetHints":{"allow":["GET"]}}],"collection":[{"href":"https:\/\/piradosbrand.com\/et\/wp-json\/wp\/v2\/product"}],"about":[{"href":"https:\/\/piradosbrand.com\/et\/wp-json\/wp\/v2\/types\/product"}],"wp:featuredmedia":[{"embeddable":true,"href":"https:\/\/piradosbrand.com\/et\/wp-json\/wp\/v2\/media\/73156"}],"wp:attachment":[{"href":"https:\/\/piradosbrand.com\/et\/wp-json\/wp\/v2\/media?parent=73072"}],"wp:term":[{"taxonomy":"product_brand","embeddable":true,"href":"https:\/\/piradosbrand.com\/et\/wp-json\/wp\/v2\/product_brand?post=73072"},{"taxonomy":"product_cat","embeddable":true,"href":"https:\/\/piradosbrand.com\/et\/wp-json\/wp\/v2\/product_cat?post=73072"},{"taxonomy":"product_tag","embeddable":true,"href":"https:\/\/piradosbrand.com\/et\/wp-json\/wp\/v2\/product_tag?post=73072"}],"curies":[{"name":"wp","href":"https:\/\/api.w.org\/{rel}","templated":true}]}}